{"id":1605,"date":"2024-09-17T05:14:45","date_gmt":"2024-09-17T05:14:45","guid":{"rendered":"https:\/\/breeze.websenior.ro\/faq\/"},"modified":"2024-09-29T09:12:25","modified_gmt":"2024-09-29T09:12:25","slug":"questions-frequemment-posees","status":"publish","type":"page","link":"https:\/\/breeze-pos.com\/fr\/questions-frequemment-posees\/","title":{"rendered":"Questions Fr\u00e9quemment Pos\u00e9es"},"content":{"rendered":"\n\n<section class=\"component component--staging-area dark\" style=\"background-color:#0b1120; background-position:inherit;\">\n        <div class=\"container\">\n        <div class=\"row d-flex align-items-center back-mobile\">\n            <div class=\"col-lg-6 col-12\">\n                            <div class=\"tagline\">Questions Fr\u00e9quemment Pos\u00e9es<\/div>\n            \n                            <div class=\"title align-text-left\">Vous avez des questions ? Nous sommes l\u00e0 pour vous aider !<\/div>\n            \n                            <div class=\"intro-area align-text-left\"><p>Voici les r\u00e9ponses aux questions les plus fr\u00e9quemment pos\u00e9es. Si vous avez d&rsquo;autres questions, n&rsquo;h\u00e9sitez pas \u00e0 nous contacter.<\/p>\n<\/div>\n            \n            \n                        <\/div>\n            <div class=\"col-lg-6 col-12\">\n                            <figure>\n                    <img loading=\"lazy\" decoding=\"async\" src=\"https:\/\/breeze-pos.com\/wp-content\/uploads\/2024\/09\/Frame-1000002544.png\" alt=\"Vous avez des questions ? Nous sommes l\u00e0 pour vous aider !\" width=\"610\" height=\"421\" class=\"relative featured-image-src\">\n                <\/figure>\n                        <\/div>\n        <\/div>\n    <\/div>\n    <\/section>\n\n\n<div class=\"wp-block-columns is-layout-flex wp-container-core-columns-is-layout-9d6595d7 wp-block-columns-is-layout-flex\">\n<div class=\"wp-block-column is-layout-flow wp-block-column-is-layout-flow\"><div style=\"height:0px;background-color:#0b1120; background-position:top;\" aria-hidden=\"true\" class=\"wp-block-spacer spacer-desktop component component-generic component--spacer light bg-position-top\"><\/div>\n<div style=\"height:0px;background-color:#0b1120; background-position:top;\" aria-hidden=\"true\" class=\"wp-block-spacer spacer-mobile component component-generic component--spacer light bg-position-top\"><\/div>\n\n\n<section class=\"component component-generic component--faq dark\" style=\"background-color:#0b1120; \">\n    <div class=\"container  pb-3 pb-md-4\">\n        \n                <div class=\"title rubik-500\">Questions Fr\u00e9quemment Pos\u00e9es<\/div>\n        \n            <\/div>\n\n    <div class=\"container pb-5 pb-md-5\">\n                <div class=\"faq-container row pb-2 pb-md-4\" itemscope itemtype=\"https:\/\/schema.org\/FAQPage\">\n                        <div class=\"col-12\">\n                <div class=\"faq-inner\" itemscope itemprop=\"mainEntity\" itemtype=\"https:\/\/schema.org\/Question\">\n                    <div class=\"faq-title rubik-500 relative\" itemprop=\"name\">\n                        Breeze est-il facile \u00e0 mettre en \u0153uvre et \u00e0 utiliser ?                        <div class=\"icon-faq d-flex justify-content-center align-items-center\">\n                            <span class=\"icon-minus-sign\"><\/span>\n                            <span class=\"icon-plus\"><\/span>\n                        <\/div>\n                    <\/div>\n                    <div class=\"raspuns\" itemscope itemprop=\"acceptedAnswer\" itemtype=\"https:\/\/schema.org\/Answer\">\n                        <div itemprop=\"text\">\n                            <p>Oui, Breeze est con\u00e7u en tenant compte de la facilit\u00e9 d&rsquo;utilisation. Nos consultants experts vous aideront \u00e0 la configuration et fourniront une formation pour assurer une transition en douceur. L&rsquo;interface intuitive garantit que votre personnel peut rapidement s&rsquo;adapter et commencer \u00e0 utiliser le syst\u00e8me efficacement.<\/p>\n                        <\/div>\n                    <\/div>\n                <\/div>\n            <\/div>\n                        <div class=\"col-12\">\n                <div class=\"faq-inner\" itemscope itemprop=\"mainEntity\" itemtype=\"https:\/\/schema.org\/Question\">\n                    <div class=\"faq-title rubik-500 relative\" itemprop=\"name\">\n                        Comment Breeze am\u00e9liore-t-il l&rsquo;efficacit\u00e9 op\u00e9rationnelle ?                        <div class=\"icon-faq d-flex justify-content-center align-items-center\">\n                            <span class=\"icon-minus-sign\"><\/span>\n                            <span class=\"icon-plus\"><\/span>\n                        <\/div>\n                    <\/div>\n                    <div class=\"raspuns\" itemscope itemprop=\"acceptedAnswer\" itemtype=\"https:\/\/schema.org\/Answer\">\n                        <div itemprop=\"text\">\n                            <p>Breeze am\u00e9liore l&rsquo;efficacit\u00e9 op\u00e9rationnelle en int\u00e9grant des outils avanc\u00e9s pour la gestion des commandes, le contr\u00f4le des stocks et l&rsquo;engagement des clients. Il aide \u00e0 r\u00e9duire les erreurs, acc\u00e9l\u00e8re le service et fournit des informations en temps r\u00e9el, vous permettant de prendre des d\u00e9cisions \u00e9clair\u00e9es qui augmentent la productivit\u00e9.<\/p>\n                        <\/div>\n                    <\/div>\n                <\/div>\n            <\/div>\n                        <div class=\"col-12\">\n                <div class=\"faq-inner\" itemscope itemprop=\"mainEntity\" itemtype=\"https:\/\/schema.org\/Question\">\n                    <div class=\"faq-title rubik-500 relative\" itemprop=\"name\">\n                        Quels types de restaurants peuvent utiliser Breeze ?                        <div class=\"icon-faq d-flex justify-content-center align-items-center\">\n                            <span class=\"icon-minus-sign\"><\/span>\n                            <span class=\"icon-plus\"><\/span>\n                        <\/div>\n                    <\/div>\n                    <div class=\"raspuns\" itemscope itemprop=\"acceptedAnswer\" itemtype=\"https:\/\/schema.org\/Answer\">\n                        <div itemprop=\"text\">\n                            <p>Breeze est polyvalent et convient \u00e0 tous les types de restaurants, y compris les restaurants \u00e0 service complet (TSR), les restaurants \u00e0 service rapide (QSR) et les restaurants d&rsquo;h\u00f4tel. Il est con\u00e7u pour r\u00e9pondre aux besoins uniques de chaque type d&rsquo;\u00e9tablissement.<\/p>\n                        <\/div>\n                    <\/div>\n                <\/div>\n            <\/div>\n                        <div class=\"col-12\">\n                <div class=\"faq-inner\" itemscope itemprop=\"mainEntity\" itemtype=\"https:\/\/schema.org\/Question\">\n                    <div class=\"faq-title rubik-500 relative\" itemprop=\"name\">\n                        Qu&rsquo;est-ce que Breeze et comment cela aide-t-il mon restaurant ?                        <div class=\"icon-faq d-flex justify-content-center align-items-center\">\n                            <span class=\"icon-minus-sign\"><\/span>\n                            <span class=\"icon-plus\"><\/span>\n                        <\/div>\n                    <\/div>\n                    <div class=\"raspuns\" itemscope itemprop=\"acceptedAnswer\" itemtype=\"https:\/\/schema.org\/Answer\">\n                        <div itemprop=\"text\">\n                            <p>Breeze est la solution num\u00e9rique con\u00e7ue sp\u00e9cifiquement pour optimiser les op\u00e9rations de votre restaurant. En tant que seule solution compl\u00e8te sur le march\u00e9, Breeze simplifie les processus, am\u00e9liore la vitesse et la pr\u00e9cision du service, augmente la satisfaction des clients et, finalement, booste vos ventes.<\/p>\n                        <\/div>\n                    <\/div>\n                <\/div>\n            <\/div>\n                    <\/div>\n        \n        <div class=\"cta-btn-container d-flex align-content-center justify-content-center\">\n                <\/div>\n    <\/div>\n<\/section><\/div>\n<\/div>\n\n\n\n<div class=\"wp-block-group has-background\" style=\"background-color:#0b1120\"><div class=\"wp-block-group__inner-container is-layout-constrained wp-block-group-is-layout-constrained\">\n<div class=\"wp-block-columns container is-layout-flex wp-container-core-columns-is-layout-9d6595d7 wp-block-columns-is-layout-flex\">\n<div class=\"wp-block-column is-layout-flow wp-block-column-is-layout-flow\">\n<figure class=\"wp-block-image size-full\"><img loading=\"lazy\" decoding=\"async\" width=\"630\" height=\"630\" src=\"https:\/\/breeze-pos.com\/wp-content\/uploads\/2024\/09\/our-jurney.png\" alt=\"\" class=\"wp-image-936\" srcset=\"https:\/\/breeze-pos.com\/wp-content\/uploads\/2024\/09\/our-jurney.png 630w, https:\/\/breeze-pos.com\/wp-content\/uploads\/2024\/09\/our-jurney-300x300.png 300w, https:\/\/breeze-pos.com\/wp-content\/uploads\/2024\/09\/our-jurney-150x150.png 150w\" sizes=\"auto, (max-width: 630px) 100vw, 630px\" \/><\/figure>\n<\/div>\n\n\n\n<div class=\"wp-block-column is-layout-flow wp-block-column-is-layout-flow\">\n<section class=\"component component-generic component--contact-form dark\" style=\"background-color:#04955e; \">\n    <div class=\"container pb-0 pb-md-4\">\n        \n                    <div class=\"title rubik-500\">Nous sommes l\u00e0 pour r\u00e9pondre \u00e0 vos questions<\/div>\n        \n            <\/div>\n\n    <div class=\"container\">\n        <div class=\"row\">\n                        <div class=\"col-12 col-lg-12\">\n                \n<div class=\"wpcf7 no-js\" id=\"wpcf7-f1562-o1\" lang=\"en-US\" dir=\"ltr\" data-wpcf7-id=\"1562\">\n<div class=\"screen-reader-response\"><p role=\"status\" aria-live=\"polite\" aria-atomic=\"true\"><\/p> <ul><\/ul><\/div>\n<form action=\"\/fr\/wp-json\/wp\/v2\/pages\/1605#wpcf7-f1562-o1\" method=\"post\" class=\"wpcf7-form init\" aria-label=\"Contact form\" novalidate=\"novalidate\" data-status=\"init\">\n<fieldset class=\"hidden-fields-container\"><input type=\"hidden\" name=\"_wpcf7\" value=\"1562\" \/><input type=\"hidden\" name=\"_wpcf7_version\" value=\"6.1.5\" \/><input type=\"hidden\" name=\"_wpcf7_locale\" value=\"en_US\" \/><input type=\"hidden\" name=\"_wpcf7_unit_tag\" value=\"wpcf7-f1562-o1\" \/><input type=\"hidden\" name=\"_wpcf7_container_post\" value=\"0\" \/><input type=\"hidden\" name=\"_wpcf7_posted_data_hash\" value=\"\" \/>\n<\/fieldset>\n<div class=\"row\">\n<div class=\"col-12 col-lg-12\">\n<\/div>\n\n<div class=\"col-12 col-lg-6\">\n<label> Pr\u00e9nom\n    <span class=\"wpcf7-form-control-wrap\" data-name=\"your-firstname\"><input size=\"40\" maxlength=\"400\" class=\"wpcf7-form-control wpcf7-text wpcf7-validates-as-required\" autocomplete=\"name\" aria-required=\"true\" aria-invalid=\"false\" value=\"\" type=\"text\" name=\"your-firstname\" \/><\/span> <\/label>\n<\/div>\n\n<div class=\"col-12 col-lg-6\">\n<label> Nom de famille\n    <span class=\"wpcf7-form-control-wrap\" data-name=\"your-lastname\"><input size=\"40\" maxlength=\"400\" class=\"wpcf7-form-control wpcf7-text wpcf7-validates-as-required\" autocomplete=\"name\" aria-required=\"true\" aria-invalid=\"false\" value=\"\" type=\"text\" name=\"your-lastname\" \/><\/span> <\/label>\n<\/div>\n\n<div class=\"col-12 col-lg-6\">\n<label> E-mail\n    <span class=\"wpcf7-form-control-wrap\" data-name=\"your-email\"><input size=\"40\" maxlength=\"400\" class=\"wpcf7-form-control wpcf7-email wpcf7-validates-as-required wpcf7-text wpcf7-validates-as-email\" autocomplete=\"email\" aria-required=\"true\" aria-invalid=\"false\" value=\"\" type=\"email\" name=\"your-email\" \/><\/span> <\/label>\n<\/div>\n\n<div class=\"col-12 col-lg-6\">\n<label> Num\u00e9ro de t\u00e9l\u00e9phone\n    <span class=\"wpcf7-form-control-wrap\" data-name=\"your-telephone\"><input size=\"40\" maxlength=\"400\" class=\"wpcf7-form-control wpcf7-tel wpcf7-validates-as-required wpcf7-text wpcf7-validates-as-tel\" aria-required=\"true\" aria-invalid=\"false\" value=\"\" type=\"tel\" name=\"your-telephone\" \/><\/span> <\/label>\n<\/div>\n\n<div class=\"col-12 col-lg-12\">\n<label> Nom de l&rsquo;entreprise\n    <span class=\"wpcf7-form-control-wrap\" data-name=\"your-subject\"><input size=\"40\" maxlength=\"400\" class=\"wpcf7-form-control wpcf7-text wpcf7-validates-as-required\" aria-required=\"true\" aria-invalid=\"false\" value=\"\" type=\"text\" name=\"your-subject\" \/><\/span> <\/label>\n<\/div>\n\n<div class=\"col-12 col-lg-12\">\n<label> Type d\u2019entreprise\n    <span class=\"wpcf7-form-control-wrap\" data-name=\"select-310\"><select class=\"wpcf7-form-control wpcf7-select\" aria-invalid=\"false\" name=\"select-310\"><option value=\"\">S\u00e9lectionnez le type d\u2019entreprise<\/option><option value=\"Restaurant &amp; Fast Food\">Restaurant &amp; Fast Food<\/option><option value=\"H\u00f4tel &amp; Resort\">H\u00f4tel &amp; Resort<\/option><option value=\"Spa &amp; Bien-\u00eatre\">Spa &amp; Bien-\u00eatre<\/option><\/select><\/span> <\/label>\n<\/div>\n\n<div class=\"col-12 col-lg-12\">\n<label> Ville\n    <span class=\"wpcf7-form-control-wrap\" data-name=\"text-776\"><input size=\"40\" maxlength=\"150\" minlength=\"1\" class=\"wpcf7-form-control wpcf7-text\" aria-invalid=\"false\" value=\"\" type=\"text\" name=\"text-776\" \/><\/span> <\/label>\n<\/div>\n\n\n<div class=\"col-12 col-lg-12\">\n<label> Votre message\n    <span class=\"wpcf7-form-control-wrap\" data-name=\"textarea-16\"><textarea cols=\"40\" rows=\"10\" maxlength=\"2000\" class=\"wpcf7-form-control wpcf7-textarea\" aria-invalid=\"false\" name=\"textarea-16\"><\/textarea><\/span> <\/label>\n<\/div>\n\n<div class=\"col-12\">\n<span class=\"wpcf7-form-control-wrap\" data-name=\"acceptance-244\"><span class=\"wpcf7-form-control wpcf7-acceptance optional\"><span class=\"wpcf7-list-item\"><label><input type=\"checkbox\" name=\"acceptance-244\" value=\"1\" aria-invalid=\"false\" \/><span class=\"wpcf7-list-item-label\">J&rsquo;autorise l&rsquo;entreprise \u00e0 conserver et traiter mes informations pour m&rsquo;envoyer des e-mails relatifs aux produits. <span class=\"checkmark\"><span class=\"icon-check\"><\/span><\/span><\/span><\/label><\/span><\/span><\/span>\n<\/div>\n<div class=\"col-12\">\n<span class=\"wpcf7-form-control-wrap\" data-name=\"acord-date\"><span class=\"wpcf7-form-control wpcf7-acceptance\"><span class=\"wpcf7-list-item\"><label><input type=\"checkbox\" name=\"acord-date\" value=\"1\" class=\"form-control\" id=\"date-acord\" aria-invalid=\"false\" \/><span class=\"wpcf7-list-item-label\">J&rsquo;accepte la <a target=\"_blank\" href=\"https:\/\/breeze-pos.com\/fr\/politique-de-confidentialite\/\">politique de confidentialit\u00e9<\/a> et les <a target=\"_blank\" href=\"https:\/\/breeze-pos.com\/fr\/conditions-generales\/\">conditions g\u00e9n\u00e9rales<\/a>. <span class=\"checkmark\"><span class=\"icon-check\"><\/span><\/span><\/span><\/label><\/span><\/span><\/span>\n<\/div>\n<div class=\"col-12\">\n<input class=\"wpcf7-form-control wpcf7-submit has-spinner\" type=\"submit\" value=\"Envoyer\" \/>\n<\/div>\n<\/div><div class=\"wpcf7-response-output\" aria-hidden=\"true\"><\/div>\n<\/form>\n<\/div>\n\n            <\/div>\n                    <\/div>\n\n        <div class=\"cta-btn-container d-flex align-content-center justify-content-center\">\n                    <\/div>\n    <\/div>\n<\/section><\/div>\n<\/div>\n<\/div><\/div>\n\n\n<div style=\"height:67px;background-color:#0b1120; background-position:top;\" aria-hidden=\"true\" class=\"wp-block-spacer spacer-desktop component component-generic component--spacer light bg-position-top\"><\/div>\n<div style=\"height:30px;background-color:#0b1120; background-position:top;\" aria-hidden=\"true\" class=\"wp-block-spacer spacer-mobile component component-generic component--spacer light bg-position-top\"><\/div>","protected":false},"excerpt":{"rendered":"","protected":false},"author":1,"featured_media":0,"parent":0,"menu_order":0,"comment_status":"closed","ping_status":"closed","template":"","meta":{"_acf_changed":false,"footnotes":""},"class_list":["post-1605","page","type-page","status-publish","hentry"],"acf":[],"yoast_head":"<!-- This site is optimized with the Yoast SEO plugin v27.2 - https:\/\/yoast.com\/product\/yoast-seo-wordpress\/ -->\n<title>Questions Fr\u00e9quemment Pos\u00e9es - Breeze<\/title>\n<meta name=\"robots\" content=\"index, follow, max-snippet:-1, max-image-preview:large, max-video-preview:-1\" \/>\n<link rel=\"canonical\" href=\"https:\/\/breeze-pos.com\/faq\/\" \/>\n<meta property=\"og:locale\" content=\"fr_FR\" \/>\n<meta property=\"og:type\" content=\"article\" \/>\n<meta property=\"og:title\" content=\"Questions Fr\u00e9quemment Pos\u00e9es - Breeze\" \/>\n<meta property=\"og:url\" content=\"https:\/\/breeze-pos.com\/faq\/\" \/>\n<meta property=\"og:site_name\" content=\"Breeze\" \/>\n<meta property=\"article:modified_time\" content=\"2024-09-29T09:12:25+00:00\" \/>\n<meta property=\"og:image\" content=\"https:\/\/breeze-pos.com\/wp-content\/uploads\/2024\/09\/our-jurney.png\" \/>\n<meta name=\"twitter:card\" content=\"summary_large_image\" \/>\n<script type=\"application\/ld+json\" class=\"yoast-schema-graph\">{\"@context\":\"https:\/\/schema.org\",\"@graph\":[{\"@type\":\"WebPage\",\"@id\":\"https:\/\/breeze-pos.com\/faq\/\",\"url\":\"https:\/\/breeze-pos.com\/faq\/\",\"name\":\"Questions Fr\u00e9quemment Pos\u00e9es - Breeze\",\"isPartOf\":{\"@id\":\"https:\/\/breeze-pos.com\/#website\"},\"primaryImageOfPage\":{\"@id\":\"https:\/\/breeze-pos.com\/faq\/#primaryimage\"},\"image\":{\"@id\":\"https:\/\/breeze-pos.com\/faq\/#primaryimage\"},\"thumbnailUrl\":\"https:\/\/breeze-pos.com\/wp-content\/uploads\/2024\/09\/our-jurney.png\",\"datePublished\":\"2024-09-17T05:14:45+00:00\",\"dateModified\":\"2024-09-29T09:12:25+00:00\",\"breadcrumb\":{\"@id\":\"https:\/\/breeze-pos.com\/faq\/#breadcrumb\"},\"inLanguage\":\"fr-FR\",\"potentialAction\":[{\"@type\":\"ReadAction\",\"target\":[\"https:\/\/breeze-pos.com\/faq\/\"]}]},{\"@type\":\"ImageObject\",\"inLanguage\":\"fr-FR\",\"@id\":\"https:\/\/breeze-pos.com\/faq\/#primaryimage\",\"url\":\"https:\/\/breeze-pos.com\/wp-content\/uploads\/2024\/09\/our-jurney.png\",\"contentUrl\":\"https:\/\/breeze-pos.com\/wp-content\/uploads\/2024\/09\/our-jurney.png\"},{\"@type\":\"BreadcrumbList\",\"@id\":\"https:\/\/breeze-pos.com\/faq\/#breadcrumb\",\"itemListElement\":[{\"@type\":\"ListItem\",\"position\":1,\"name\":\"Home\",\"item\":\"https:\/\/breeze-pos.com\/\"},{\"@type\":\"ListItem\",\"position\":2,\"name\":\"Questions Fr\u00e9quemment Pos\u00e9es\"}]},{\"@type\":\"WebSite\",\"@id\":\"https:\/\/breeze-pos.com\/#website\",\"url\":\"https:\/\/breeze-pos.com\/\",\"name\":\"Breeze\",\"description\":\"\",\"potentialAction\":[{\"@type\":\"SearchAction\",\"target\":{\"@type\":\"EntryPoint\",\"urlTemplate\":\"https:\/\/breeze-pos.com\/?s={search_term_string}\"},\"query-input\":{\"@type\":\"PropertyValueSpecification\",\"valueRequired\":true,\"valueName\":\"search_term_string\"}}],\"inLanguage\":\"fr-FR\"}]}<\/script>\n<!-- \/ Yoast SEO plugin. -->","yoast_head_json":{"title":"Questions Fr\u00e9quemment Pos\u00e9es - Breeze","robots":{"index":"index","follow":"follow","max-snippet":"max-snippet:-1","max-image-preview":"max-image-preview:large","max-video-preview":"max-video-preview:-1"},"canonical":"https:\/\/breeze-pos.com\/faq\/","og_locale":"fr_FR","og_type":"article","og_title":"Questions Fr\u00e9quemment Pos\u00e9es - Breeze","og_url":"https:\/\/breeze-pos.com\/faq\/","og_site_name":"Breeze","article_modified_time":"2024-09-29T09:12:25+00:00","og_image":[{"url":"https:\/\/breeze-pos.com\/wp-content\/uploads\/2024\/09\/our-jurney.png","type":"","width":"","height":""}],"twitter_card":"summary_large_image","schema":{"@context":"https:\/\/schema.org","@graph":[{"@type":"WebPage","@id":"https:\/\/breeze-pos.com\/faq\/","url":"https:\/\/breeze-pos.com\/faq\/","name":"Questions Fr\u00e9quemment Pos\u00e9es - Breeze","isPartOf":{"@id":"https:\/\/breeze-pos.com\/#website"},"primaryImageOfPage":{"@id":"https:\/\/breeze-pos.com\/faq\/#primaryimage"},"image":{"@id":"https:\/\/breeze-pos.com\/faq\/#primaryimage"},"thumbnailUrl":"https:\/\/breeze-pos.com\/wp-content\/uploads\/2024\/09\/our-jurney.png","datePublished":"2024-09-17T05:14:45+00:00","dateModified":"2024-09-29T09:12:25+00:00","breadcrumb":{"@id":"https:\/\/breeze-pos.com\/faq\/#breadcrumb"},"inLanguage":"fr-FR","potentialAction":[{"@type":"ReadAction","target":["https:\/\/breeze-pos.com\/faq\/"]}]},{"@type":"ImageObject","inLanguage":"fr-FR","@id":"https:\/\/breeze-pos.com\/faq\/#primaryimage","url":"https:\/\/breeze-pos.com\/wp-content\/uploads\/2024\/09\/our-jurney.png","contentUrl":"https:\/\/breeze-pos.com\/wp-content\/uploads\/2024\/09\/our-jurney.png"},{"@type":"BreadcrumbList","@id":"https:\/\/breeze-pos.com\/faq\/#breadcrumb","itemListElement":[{"@type":"ListItem","position":1,"name":"Home","item":"https:\/\/breeze-pos.com\/"},{"@type":"ListItem","position":2,"name":"Questions Fr\u00e9quemment Pos\u00e9es"}]},{"@type":"WebSite","@id":"https:\/\/breeze-pos.com\/#website","url":"https:\/\/breeze-pos.com\/","name":"Breeze","description":"","potentialAction":[{"@type":"SearchAction","target":{"@type":"EntryPoint","urlTemplate":"https:\/\/breeze-pos.com\/?s={search_term_string}"},"query-input":{"@type":"PropertyValueSpecification","valueRequired":true,"valueName":"search_term_string"}}],"inLanguage":"fr-FR"}]}},"_links":{"self":[{"href":"https:\/\/breeze-pos.com\/fr\/wp-json\/wp\/v2\/pages\/1605","targetHints":{"allow":["GET"]}}],"collection":[{"href":"https:\/\/breeze-pos.com\/fr\/wp-json\/wp\/v2\/pages"}],"about":[{"href":"https:\/\/breeze-pos.com\/fr\/wp-json\/wp\/v2\/types\/page"}],"author":[{"embeddable":true,"href":"https:\/\/breeze-pos.com\/fr\/wp-json\/wp\/v2\/users\/1"}],"replies":[{"embeddable":true,"href":"https:\/\/breeze-pos.com\/fr\/wp-json\/wp\/v2\/comments?post=1605"}],"version-history":[{"count":10,"href":"https:\/\/breeze-pos.com\/fr\/wp-json\/wp\/v2\/pages\/1605\/revisions"}],"predecessor-version":[{"id":2029,"href":"https:\/\/breeze-pos.com\/fr\/wp-json\/wp\/v2\/pages\/1605\/revisions\/2029"}],"wp:attachment":[{"href":"https:\/\/breeze-pos.com\/fr\/wp-json\/wp\/v2\/media?parent=1605"}],"curies":[{"name":"wp","href":"https:\/\/api.w.org\/{rel}","templated":true}]}}