{"id":1611,"date":"2024-08-20T12:55:57","date_gmt":"2024-08-20T12:55:57","guid":{"rendered":"https:\/\/breeze.websenior.ro\/terms-and-conditions\/"},"modified":"2024-09-30T08:05:36","modified_gmt":"2024-09-30T08:05:36","slug":"conditions-generales","status":"publish","type":"page","link":"https:\/\/breeze-pos.com\/fr\/conditions-generales\/","title":{"rendered":"Conditions g\u00e9n\u00e9rales"},"content":{"rendered":"\n<div class=\"wp-block-group container\"><div class=\"wp-block-group__inner-container is-layout-constrained wp-block-group-is-layout-constrained\"><div style=\"height:50px;background-color:#ffffff; background-position:top;\" aria-hidden=\"true\" class=\"wp-block-spacer spacer-desktop component component-generic component--spacer light bg-position-top\"><\/div>\n<div style=\"height:30px;background-color:#ffffff; background-position:top;\" aria-hidden=\"true\" class=\"wp-block-spacer spacer-mobile component component-generic component--spacer light bg-position-top\"><\/div>\n\n\n<p>Ce site web appartient \u00e0 SC BIT SOFT SRL et offre des informations g\u00e9n\u00e9rales sur l&rsquo;entreprise, ses produits et services. L&rsquo;acc\u00e8s \u00e0 ce site web (ci-apr\u00e8s d\u00e9nomm\u00e9 \u00ab\u00a0site web\u00a0\u00bb), ainsi que son utilisation, sont r\u00e9gis par les lois en vigueur, ainsi que par les termes et conditions suivants. En acc\u00e9dant, visitant ou utilisant ce site de quelque mani\u00e8re que ce soit, vous acceptez enti\u00e8rement et sans r\u00e9serve les termes et conditions sp\u00e9cifi\u00e9s et vous utiliserez les informations fournies sur le site dans les limites de ces termes et conditions et sous votre propre responsabilit\u00e9. Le refus d&rsquo;accepter ces Termes et Conditions oblige l&rsquo;utilisateur \u00e0 cesser imm\u00e9diatement l&rsquo;acc\u00e8s au site. L&rsquo;acc\u00e8s \u00e0 ce site est gratuit. L&rsquo;objectif du site est d&rsquo;informer, d&rsquo;aider les utilisateurs \u00e0 trouver aussi facilement, de mani\u00e8re structur\u00e9e et rapide, les informations n\u00e9cessaires.<\/p>\n\n\n\n<p><strong>Droits de propri\u00e9t\u00e9 intellectuelle<\/strong><br>Les droits d&rsquo;auteur sur ce site appartiennent \u00e0 S.C. BIT SOFT SRL, d\u00e9sign\u00e9e ci-apr\u00e8s comme \u00ab\u00a0Titulaire\u00a0\u00bb, et sont prot\u00e9g\u00e9s par les lois roumaines et internationales en la mati\u00e8re. Tous les droits sont r\u00e9serv\u00e9s. Le contenu de ce site (textes, scripts, images, graphiques, \u00e9l\u00e9ments graphiques web, bases de donn\u00e9es et toutes autres donn\u00e9es) est la propri\u00e9t\u00e9 du titulaire. Toute utilisation de celui-ci \u00e0 des fins commerciales, y compris, mais sans s&rsquo;y limiter, la reproduction ou la distribution, la copie, le t\u00e9l\u00e9chargement de fichiers sur tout r\u00e9seau, est strictement interdite sans l&rsquo;autorisation \u00e9crite du propri\u00e9taire. Ce site peut contenir des documents, images, informations ou autres mat\u00e9riaux qui ne sont pas la propri\u00e9t\u00e9 du titulaire, tels que des photographies, cliparts, ou noms, embl\u00e8mes, logos et autres marques de tiers, qui sont la propri\u00e9t\u00e9 des parties respectives.<\/p>\n\n\n\n<p><strong>Non-responsabilit\u00e9<\/strong><br>Les mat\u00e9riaux et informations contenus sur ce site sont fournis \u00e0 titre d&rsquo;information g\u00e9n\u00e9rale. Le titulaire ne s&rsquo;engage pas et ne garantit pas, explicitement ou implicitement, le contenu de quelque nature que ce soit du site, ne garantit en aucun cas l&rsquo;exactitude, l&rsquo;actualit\u00e9 ou le caract\u00e8re complet des informations ou des mat\u00e9riaux contenus sur ce site (y compris les erreurs factuelles, typographiques et techniques), ne garantit pas la disponibilit\u00e9 \u00e0 l&rsquo;utilisation de marques, cr\u00e9ations ou mat\u00e9riaux prot\u00e9g\u00e9s par des droits de propri\u00e9t\u00e9 intellectuelle appartenant \u00e0 des tiers, ne garantit pas la pr\u00e9sence ou l&rsquo;absence de virus que des tiers pourraient attacher \u00e0 ce site sans sa connaissance ou son consentement, tout logiciel qui peut \u00eatre t\u00e9l\u00e9charg\u00e9, copi\u00e9 ou utilis\u00e9 de quelque mani\u00e8re que ce soit sur ce site, ou l&rsquo;utilit\u00e9 du contenu de ce site, en totalit\u00e9 ou en partie. En acc\u00e9dant, visitant ou utilisant ce site de quelque mani\u00e8re que ce soit, vous acceptez de ne pas tenir le titulaire responsable, ni les tiers impliqu\u00e9s dans sa cr\u00e9ation, production ou livraison, ou dont les mat\u00e9riaux apparaissent sur ce site, pour les cons\u00e9quences des actions que vous entreprendrez sur la base des informations contenues dans celui-ci. Le titulaire ne peut \u00eatre tenu responsable de toute information et donn\u00e9e contenue dans le contenu du site, y compris, mais sans s&rsquo;y limiter, celles relatives aux textes, images ou toute autre activit\u00e9 li\u00e9e \u00e0 leur utilisation, ainsi que pour tout autre effet juridique d\u00e9coulant de ceux-ci.<\/p>\n\n\n\n<p><strong>Liens<\/strong><br>Ce site peut contenir des liens vers d&rsquo;autres sites web, qui ne sont pas exploit\u00e9s ou contr\u00f4l\u00e9s par le titulaire. Le titulaire ne s&rsquo;engage pas \u00e0 garantir le contenu, la fonctionnalit\u00e9 et\/ou les politiques de ces sites et ne sera pas responsable de tout dommage r\u00e9sultant de ou en relation avec l&rsquo;utilisation de ces liens. L&rsquo;existence d&rsquo;un lien vers un site ne doit pas \u00eatre consid\u00e9r\u00e9e comme une approbation ou une recommandation par le titulaire du propri\u00e9taire de ce site, ni comme une recommandation ou une approbation re\u00e7ue par l&rsquo;administrateur de la part du propri\u00e9taire de ce site. Il est interdit d&rsquo;utiliser toute technique pour inclure un logo, une marque ou toute information appartenant au titulaire (y compris le logo, l&#8217;embl\u00e8me, le texte, la forme ou le design des pages, etc.) sans l&rsquo;accord expr\u00e8s et \u00e9crit du titulaire.<\/p>\n\n\n\n<p><strong>Communication en ligne<\/strong><br>Le titulaire ne garantit pas qu&rsquo;un message envoy\u00e9 par le biais du site sera re\u00e7u tel qu&rsquo;il a \u00e9t\u00e9 envoy\u00e9, ni que les informations contenues dans ce message resteront confidentielles durant leur transmission sur Internet et\/ou arriveront non modifi\u00e9es ou inchang\u00e9es. En remplissant les formulaires de contact et d&rsquo;acc\u00e8s aux ressources fournies par le titulaire, les utilisateurs acceptent de recevoir des communications de la part du titulaire : informations sur les produits, nouveaut\u00e9s et messages de marketing et de publicit\u00e9. Les utilisateurs ont la possibilit\u00e9 de se d\u00e9sabonner en acc\u00e9dant au lien de d\u00e9sabonnement inclus dans les communications du titulaire.<\/p>\n\n\n\n<p><strong>Politique de confidentialit\u00e9<\/strong><br>Toutes les informations fournies par les utilisateurs sont et resteront confidentielles. Le titulaire n&rsquo;utilisera ces informations qu&rsquo;\u00e0 des fins d&rsquo;information, de marketing et de publicit\u00e9, et de communications \u00e9lectroniques et ne utilisera pas les adresses e-mail des utilisateurs pour envoyer des messages de type spam (non sollicit\u00e9s). Le titulaire se r\u00e9serve le droit de modifier \u00e0 tout moment les termes, conditions et politique d&rsquo;utilisation du site, sans notification pr\u00e9alable. Si vous avez des questions concernant les termes et conditions d&rsquo;utilisation, veuillez nous contacter au t\u00e9l\u00e9phone : +40 21 242 69 18 ou par e-mail \u00e0 office@bit-soft.ro.<\/p>\n\n\n<div style=\"height:50px;background-color:#ffffff; background-position:top;\" aria-hidden=\"true\" class=\"wp-block-spacer spacer-desktop component component-generic component--spacer light bg-position-top\"><\/div>\n<div style=\"height:30px;background-color:#ffffff; background-position:top;\" aria-hidden=\"true\" class=\"wp-block-spacer spacer-mobile component component-generic component--spacer light bg-position-top\"><\/div><\/div><\/div>\n","protected":false},"excerpt":{"rendered":"<p>Ce site web appartient \u00e0 SC BIT SOFT SRL et offre des informations g\u00e9n\u00e9rales sur l&rsquo;entreprise, ses produits et services. L&rsquo;acc\u00e8s \u00e0 ce site web (ci-apr\u00e8s d\u00e9nomm\u00e9 \u00ab\u00a0site web\u00a0\u00bb), ainsi que son utilisation, sont r\u00e9gis par les lois en vigueur, ainsi que par les termes et conditions suivants. En acc\u00e9dant, visitant ou utilisant ce site [&hellip;]<\/p>\n","protected":false},"author":1,"featured_media":0,"parent":0,"menu_order":0,"comment_status":"closed","ping_status":"closed","template":"","meta":{"_acf_changed":false,"footnotes":""},"class_list":["post-1611","page","type-page","status-publish","hentry"],"acf":[],"yoast_head":"<!-- This site is optimized with the Yoast SEO plugin v27.2 - https:\/\/yoast.com\/product\/yoast-seo-wordpress\/ -->\n<title>Conditions g\u00e9n\u00e9rales - Breeze<\/title>\n<meta name=\"robots\" content=\"index, follow, max-snippet:-1, max-image-preview:large, max-video-preview:-1\" \/>\n<link rel=\"canonical\" href=\"https:\/\/breeze-pos.com\/terms-and-conditions\/\" \/>\n<meta property=\"og:locale\" content=\"fr_FR\" \/>\n<meta property=\"og:type\" content=\"article\" \/>\n<meta property=\"og:title\" content=\"Conditions g\u00e9n\u00e9rales - Breeze\" \/>\n<meta property=\"og:description\" content=\"Ce site web appartient \u00e0 SC BIT SOFT SRL et offre des informations g\u00e9n\u00e9rales sur l&rsquo;entreprise, ses produits et services. L&rsquo;acc\u00e8s \u00e0 ce site web (ci-apr\u00e8s d\u00e9nomm\u00e9 \u00ab\u00a0site web\u00a0\u00bb), ainsi que son utilisation, sont r\u00e9gis par les lois en vigueur, ainsi que par les termes et conditions suivants. En acc\u00e9dant, visitant ou utilisant ce site [&hellip;]\" \/>\n<meta property=\"og:url\" content=\"https:\/\/breeze-pos.com\/terms-and-conditions\/\" \/>\n<meta property=\"og:site_name\" content=\"Breeze\" \/>\n<meta property=\"article:modified_time\" content=\"2024-09-30T08:05:36+00:00\" \/>\n<meta name=\"twitter:card\" content=\"summary_large_image\" \/>\n<meta name=\"twitter:label1\" content=\"Dur\u00e9e de lecture estim\u00e9e\" \/>\n\t<meta name=\"twitter:data1\" content=\"5 minutes\" \/>\n<script type=\"application\/ld+json\" class=\"yoast-schema-graph\">{\"@context\":\"https:\/\/schema.org\",\"@graph\":[{\"@type\":\"WebPage\",\"@id\":\"https:\/\/breeze-pos.com\/terms-and-conditions\/\",\"url\":\"https:\/\/breeze-pos.com\/terms-and-conditions\/\",\"name\":\"Conditions g\u00e9n\u00e9rales - Breeze\",\"isPartOf\":{\"@id\":\"https:\/\/breeze-pos.com\/#website\"},\"datePublished\":\"2024-08-20T12:55:57+00:00\",\"dateModified\":\"2024-09-30T08:05:36+00:00\",\"breadcrumb\":{\"@id\":\"https:\/\/breeze-pos.com\/terms-and-conditions\/#breadcrumb\"},\"inLanguage\":\"fr-FR\",\"potentialAction\":[{\"@type\":\"ReadAction\",\"target\":[\"https:\/\/breeze-pos.com\/terms-and-conditions\/\"]}]},{\"@type\":\"BreadcrumbList\",\"@id\":\"https:\/\/breeze-pos.com\/terms-and-conditions\/#breadcrumb\",\"itemListElement\":[{\"@type\":\"ListItem\",\"position\":1,\"name\":\"Home\",\"item\":\"https:\/\/breeze-pos.com\/\"},{\"@type\":\"ListItem\",\"position\":2,\"name\":\"Conditions g\u00e9n\u00e9rales\"}]},{\"@type\":\"WebSite\",\"@id\":\"https:\/\/breeze-pos.com\/#website\",\"url\":\"https:\/\/breeze-pos.com\/\",\"name\":\"Breeze\",\"description\":\"\",\"potentialAction\":[{\"@type\":\"SearchAction\",\"target\":{\"@type\":\"EntryPoint\",\"urlTemplate\":\"https:\/\/breeze-pos.com\/?s={search_term_string}\"},\"query-input\":{\"@type\":\"PropertyValueSpecification\",\"valueRequired\":true,\"valueName\":\"search_term_string\"}}],\"inLanguage\":\"fr-FR\"}]}<\/script>\n<!-- \/ Yoast SEO plugin. -->","yoast_head_json":{"title":"Conditions g\u00e9n\u00e9rales - Breeze","robots":{"index":"index","follow":"follow","max-snippet":"max-snippet:-1","max-image-preview":"max-image-preview:large","max-video-preview":"max-video-preview:-1"},"canonical":"https:\/\/breeze-pos.com\/terms-and-conditions\/","og_locale":"fr_FR","og_type":"article","og_title":"Conditions g\u00e9n\u00e9rales - Breeze","og_description":"Ce site web appartient \u00e0 SC BIT SOFT SRL et offre des informations g\u00e9n\u00e9rales sur l&rsquo;entreprise, ses produits et services. L&rsquo;acc\u00e8s \u00e0 ce site web (ci-apr\u00e8s d\u00e9nomm\u00e9 \u00ab\u00a0site web\u00a0\u00bb), ainsi que son utilisation, sont r\u00e9gis par les lois en vigueur, ainsi que par les termes et conditions suivants. En acc\u00e9dant, visitant ou utilisant ce site [&hellip;]","og_url":"https:\/\/breeze-pos.com\/terms-and-conditions\/","og_site_name":"Breeze","article_modified_time":"2024-09-30T08:05:36+00:00","twitter_card":"summary_large_image","twitter_misc":{"Dur\u00e9e de lecture estim\u00e9e":"5 minutes"},"schema":{"@context":"https:\/\/schema.org","@graph":[{"@type":"WebPage","@id":"https:\/\/breeze-pos.com\/terms-and-conditions\/","url":"https:\/\/breeze-pos.com\/terms-and-conditions\/","name":"Conditions g\u00e9n\u00e9rales - Breeze","isPartOf":{"@id":"https:\/\/breeze-pos.com\/#website"},"datePublished":"2024-08-20T12:55:57+00:00","dateModified":"2024-09-30T08:05:36+00:00","breadcrumb":{"@id":"https:\/\/breeze-pos.com\/terms-and-conditions\/#breadcrumb"},"inLanguage":"fr-FR","potentialAction":[{"@type":"ReadAction","target":["https:\/\/breeze-pos.com\/terms-and-conditions\/"]}]},{"@type":"BreadcrumbList","@id":"https:\/\/breeze-pos.com\/terms-and-conditions\/#breadcrumb","itemListElement":[{"@type":"ListItem","position":1,"name":"Home","item":"https:\/\/breeze-pos.com\/"},{"@type":"ListItem","position":2,"name":"Conditions g\u00e9n\u00e9rales"}]},{"@type":"WebSite","@id":"https:\/\/breeze-pos.com\/#website","url":"https:\/\/breeze-pos.com\/","name":"Breeze","description":"","potentialAction":[{"@type":"SearchAction","target":{"@type":"EntryPoint","urlTemplate":"https:\/\/breeze-pos.com\/?s={search_term_string}"},"query-input":{"@type":"PropertyValueSpecification","valueRequired":true,"valueName":"search_term_string"}}],"inLanguage":"fr-FR"}]}},"_links":{"self":[{"href":"https:\/\/breeze-pos.com\/fr\/wp-json\/wp\/v2\/pages\/1611","targetHints":{"allow":["GET"]}}],"collection":[{"href":"https:\/\/breeze-pos.com\/fr\/wp-json\/wp\/v2\/pages"}],"about":[{"href":"https:\/\/breeze-pos.com\/fr\/wp-json\/wp\/v2\/types\/page"}],"author":[{"embeddable":true,"href":"https:\/\/breeze-pos.com\/fr\/wp-json\/wp\/v2\/users\/1"}],"replies":[{"embeddable":true,"href":"https:\/\/breeze-pos.com\/fr\/wp-json\/wp\/v2\/comments?post=1611"}],"version-history":[{"count":4,"href":"https:\/\/breeze-pos.com\/fr\/wp-json\/wp\/v2\/pages\/1611\/revisions"}],"predecessor-version":[{"id":2137,"href":"https:\/\/breeze-pos.com\/fr\/wp-json\/wp\/v2\/pages\/1611\/revisions\/2137"}],"wp:attachment":[{"href":"https:\/\/breeze-pos.com\/fr\/wp-json\/wp\/v2\/media?parent=1611"}],"curies":[{"name":"wp","href":"https:\/\/api.w.org\/{rel}","templated":true}]}}