{"id":1613,"date":"2024-08-20T12:55:18","date_gmt":"2024-08-20T12:55:18","guid":{"rendered":"https:\/\/breeze.websenior.ro\/contact\/"},"modified":"2024-09-29T09:51:30","modified_gmt":"2024-09-29T09:51:30","slug":"contact","status":"publish","type":"page","link":"https:\/\/breeze-pos.com\/fr\/contact\/","title":{"rendered":"Contact"},"content":{"rendered":"\n\n<section class=\"component component--staging-area component-staging-area-webform dark\" style=\"background-color:#0b1120; background-position:inherit;\">\n        <div class=\"container\">\n        <div class=\"row d-flex align-items-center back-mobile\">\n            <div class=\"col-lg-6 col-12\">\n                            <div class=\"tagline\">Essayez le, vous adorerez !<\/div>\n            \n                            <h1 class=\"title align-text-left\">Nos \u00e9quipes sont l\u00e0 pour vous aider<\/h1>\n            \n                            <div class=\"intro-area align-text-left\">\n<div class=\"wpcf7 no-js\" id=\"wpcf7-f1962-o1\" lang=\"en-US\" dir=\"ltr\" data-wpcf7-id=\"1962\">\n<div class=\"screen-reader-response\"><p role=\"status\" aria-live=\"polite\" aria-atomic=\"true\"><\/p> <ul><\/ul><\/div>\n<form action=\"\/fr\/wp-json\/wp\/v2\/pages\/1613#wpcf7-f1962-o1\" method=\"post\" class=\"wpcf7-form init\" aria-label=\"Contact form\" novalidate=\"novalidate\" data-status=\"init\">\n<fieldset class=\"hidden-fields-container\"><input type=\"hidden\" name=\"_wpcf7\" value=\"1962\" \/><input type=\"hidden\" name=\"_wpcf7_version\" value=\"6.1.5\" \/><input type=\"hidden\" name=\"_wpcf7_locale\" value=\"en_US\" \/><input type=\"hidden\" name=\"_wpcf7_unit_tag\" value=\"wpcf7-f1962-o1\" \/><input type=\"hidden\" name=\"_wpcf7_container_post\" value=\"0\" \/><input type=\"hidden\" name=\"_wpcf7_posted_data_hash\" value=\"\" \/>\n<\/fieldset>\n<div class=\"row\">\n<div class=\"col-12 col-lg-12\">\n<\/div>\n\n<div class=\"col-12 col-lg-6\">\n<label> Pr\u00e9nom\n    <span class=\"wpcf7-form-control-wrap\" data-name=\"your-firstname\"><input size=\"40\" maxlength=\"400\" class=\"wpcf7-form-control wpcf7-text wpcf7-validates-as-required\" autocomplete=\"name\" aria-required=\"true\" aria-invalid=\"false\" value=\"\" type=\"text\" name=\"your-firstname\" \/><\/span> <\/label>\n<\/div>\n\n<div class=\"col-12 col-lg-6\">\n<label> Nom de famille\n    <span class=\"wpcf7-form-control-wrap\" data-name=\"your-lastname\"><input size=\"40\" maxlength=\"400\" class=\"wpcf7-form-control wpcf7-text wpcf7-validates-as-required\" autocomplete=\"name\" aria-required=\"true\" aria-invalid=\"false\" value=\"\" type=\"text\" name=\"your-lastname\" \/><\/span> <\/label>\n<\/div>\n\n<div class=\"col-12 col-lg-6\">\n<label> E-mail\n    <span class=\"wpcf7-form-control-wrap\" data-name=\"your-email\"><input size=\"40\" maxlength=\"400\" class=\"wpcf7-form-control wpcf7-email wpcf7-validates-as-required wpcf7-text wpcf7-validates-as-email\" autocomplete=\"email\" aria-required=\"true\" aria-invalid=\"false\" value=\"\" type=\"email\" name=\"your-email\" \/><\/span> <\/label>\n<\/div>\n\n<div class=\"col-12 col-lg-6\">\n<label> Num\u00e9ro de t\u00e9l\u00e9phone\n    <span class=\"wpcf7-form-control-wrap\" data-name=\"your-telephone\"><input size=\"40\" maxlength=\"400\" class=\"wpcf7-form-control wpcf7-tel wpcf7-validates-as-required wpcf7-text wpcf7-validates-as-tel\" aria-required=\"true\" aria-invalid=\"false\" value=\"\" type=\"tel\" name=\"your-telephone\" \/><\/span> <\/label>\n<\/div>\n\n<div class=\"col-12 col-lg-12\">\n<label> Nom de l&rsquo;entreprise\n    <span class=\"wpcf7-form-control-wrap\" data-name=\"your-subject\"><input size=\"40\" maxlength=\"400\" class=\"wpcf7-form-control wpcf7-text wpcf7-validates-as-required\" aria-required=\"true\" aria-invalid=\"false\" value=\"\" type=\"text\" name=\"your-subject\" \/><\/span> <\/label>\n<\/div>\n\n<div class=\"col-12 col-lg-12\">\n<label> Type d\u2019entreprise\n    <span class=\"wpcf7-form-control-wrap\" data-name=\"select-310\"><select class=\"wpcf7-form-control wpcf7-select\" aria-invalid=\"false\" name=\"select-310\"><option value=\"\">S\u00e9lectionnez le type d\u2019entreprise<\/option><option value=\"Restaurant &amp; Fast Food\">Restaurant &amp; Fast Food<\/option><option value=\"H\u00f4tel &amp; Resort\">H\u00f4tel &amp; Resort<\/option><option value=\"Spa &amp; Bien-\u00eatre\">Spa &amp; Bien-\u00eatre<\/option><\/select><\/span> <\/label>\n<\/div>\n\n<div class=\"col-12 col-lg-12\">\n<label> Ville\n    <span class=\"wpcf7-form-control-wrap\" data-name=\"text-776\"><input size=\"40\" maxlength=\"150\" minlength=\"1\" class=\"wpcf7-form-control wpcf7-text\" aria-invalid=\"false\" value=\"\" type=\"text\" name=\"text-776\" \/><\/span> <\/label>\n<\/div>\n\n\n<div class=\"col-12 col-lg-12\">\n<label> Votre message\n    <span class=\"wpcf7-form-control-wrap\" data-name=\"textarea-16\"><textarea cols=\"40\" rows=\"10\" maxlength=\"2000\" class=\"wpcf7-form-control wpcf7-textarea\" aria-invalid=\"false\" name=\"textarea-16\"><\/textarea><\/span> <\/label>\n<\/div>\n\n<div class=\"col-12\">\n<span class=\"wpcf7-form-control-wrap\" data-name=\"acceptance-244\"><span class=\"wpcf7-form-control wpcf7-acceptance optional\"><span class=\"wpcf7-list-item\"><label><input type=\"checkbox\" name=\"acceptance-244\" value=\"1\" aria-invalid=\"false\" \/><span class=\"wpcf7-list-item-label\">J&rsquo;autorise l&rsquo;entreprise \u00e0 conserver et traiter mes informations pour m&rsquo;envoyer des e-mails relatifs aux produits. <span class=\"checkmark\"><span class=\"icon-check\"><\/span><\/span><\/span><\/label><\/span><\/span><\/span>\n<\/div>\n<div class=\"col-12\">\n<span class=\"wpcf7-form-control-wrap\" data-name=\"acord-date\"><span class=\"wpcf7-form-control wpcf7-acceptance\"><span class=\"wpcf7-list-item\"><label><input type=\"checkbox\" name=\"acord-date\" value=\"1\" class=\"form-control\" id=\"date-acord\" aria-invalid=\"false\" \/><span class=\"wpcf7-list-item-label\">J&rsquo;accepte la <a target=\"_blank\" href=\"https:\/\/breeze-pos.com\/fr\/politique-de-confidentialite\/\">politique de confidentialit\u00e9<\/a> et les <a target=\"_blank\" href=\"https:\/\/breeze-pos.com\/fr\/conditions-generales\/\">conditions g\u00e9n\u00e9rales<\/a>. <span class=\"checkmark\"><span class=\"icon-check\"><\/span><\/span><\/span><\/label><\/span><\/span><\/span>\n<\/div>\n<div class=\"col-12\">\n<input class=\"wpcf7-form-control wpcf7-submit has-spinner\" type=\"submit\" value=\"Envoyer\" \/>\n<\/div>\n<\/div><div class=\"wpcf7-response-output\" aria-hidden=\"true\"><\/div>\n<\/form>\n<\/div>\n\n<\/div>\n            \n                        <\/div>\n            <div class=\"col-lg-6 col-12\">\n                            <figure>\n                    <img loading=\"lazy\" decoding=\"async\" src=\"https:\/\/breeze-pos.com\/wp-content\/uploads\/2024\/08\/cover-image.png\" alt=\"Nos \u00e9quipes sont l\u00e0 pour vous aider\" width=\"651\" height=\"651\" class=\"relative featured-image-src\">\n                <\/figure>\n                        <\/div>\n        <\/div>\n    <\/div>\n    <\/section>\n\n\n<section class=\"component component-generic component--numbers light bg-position-top title-align-center\" style=\"background-color:#0b1120; \">\n    <div class=\"container pb-0 pb-md-4\">\n        \n        \n            <\/div>\n\n        <div class=\"counters container\">\n            <div class=\"row counters\">\n                            <div class=\"col-6 col-lg-3 col-md-6 col-sm-6 col-xs-4 counter-item\" data-val=\"642\" data-title=\"Clients\">\n                    <div class=\"counter-container component\">\n                        <div class=\"values\">\n                            <div class=\"prefix rubik-500\">+<\/div>\n                            <div id=\"value-1\" class=\"value has-prefix no-sufix rubik-500\">642<\/div>\n                            <div class=\"sufix rubik-500\"><\/div>\n                        <\/div>\n                        <div class=\"counter-title\">Clients<\/div>\n                    <\/div>\n\n                <\/div>\n                                <div class=\"col-6 col-lg-3 col-md-6 col-sm-6 col-xs-4 counter-item\" data-val=\"6\" data-title=\"Pr\u00e9sent dans\">\n                    <div class=\"counter-container component\">\n                        <div class=\"values\">\n                            <div class=\"prefix rubik-500\"><\/div>\n                            <div id=\"value-2\" class=\"value no-prefix has-sufix rubik-500\">6<\/div>\n                            <div class=\"sufix rubik-500\">pays<\/div>\n                        <\/div>\n                        <div class=\"counter-title\">Pr\u00e9sent dans<\/div>\n                    <\/div>\n\n                <\/div>\n                                <div class=\"col-6 col-lg-3 col-md-6 col-sm-6 col-xs-4 counter-item\" data-val=\"3500\" data-title=\"Emplacements\">\n                    <div class=\"counter-container component\">\n                        <div class=\"values\">\n                            <div class=\"prefix rubik-500\"><\/div>\n                            <div id=\"value-3\" class=\"value no-prefix has-sufix rubik-500\">3500<\/div>\n                            <div class=\"sufix rubik-500\">+<\/div>\n                        <\/div>\n                        <div class=\"counter-title\">Emplacements<\/div>\n                    <\/div>\n\n                <\/div>\n                        <\/div>\n        <\/div>\n    \n\n    <div class=\"container relative\">\n        <div class=\"cta-btn-container d-flex align-content-center justify-content-center\">\n                <\/div>\n    <\/div>\n<\/section>\n\n\n<div class=\"wp-block-columns is-layout-flex wp-container-core-columns-is-layout-9d6595d7 wp-block-columns-is-layout-flex\">\n<div class=\"wp-block-column is-vertically-aligned-stretch is-layout-flow wp-block-column-is-layout-flow\"><div style=\"height:19px;background-color:#0b1120; background-position:top;\" aria-hidden=\"true\" class=\"wp-block-spacer spacer-desktop component component-generic component--spacer dark bg-position-top\"><\/div>\n<div style=\"height:15px;background-color:#0b1120; background-position:top;\" aria-hidden=\"true\" class=\"wp-block-spacer spacer-mobile component component-generic component--spacer dark bg-position-top\"><\/div><\/div>\n<\/div>\n\n\n\n<section class=\"component component-generic component--clients dark\" style=\"background-color:#0b1120; \">\n    <div class=\"container-fluid\">\n        \n        \n        \n\n                    <div class=\"owl-carousel owl-clienti\">\n                                <div class=\"item\">\n                    <div class=\"client-container\">\n                        \n                                                <img loading=\"lazy\" decoding=\"async\" src=\"https:\/\/breeze-pos.com\/wp-content\/uploads\/2024\/09\/phoenicia-grand-hotel.png\" alt=\"Phoenicia Grand Hotel\" width=\"172\" height=\"58\">\n                                                                    <\/div>\n                <\/div>\n                                <div class=\"item\">\n                    <div class=\"client-container\">\n                        \n                                                <img loading=\"lazy\" decoding=\"async\" src=\"https:\/\/breeze-pos.com\/wp-content\/uploads\/2024\/09\/anna-hotels.png\" alt=\"Ana Hotels\" width=\"172\" height=\"43\">\n                                                                    <\/div>\n                <\/div>\n                                <div class=\"item\">\n                    <div class=\"client-container\">\n                        \n                                                <img loading=\"lazy\" decoding=\"async\" src=\"https:\/\/breeze-pos.com\/wp-content\/uploads\/2024\/09\/vintage.png\" alt=\"Vintage Pub\" width=\"102\" height=\"66\">\n                                                                    <\/div>\n                <\/div>\n                                <div class=\"item\">\n                    <div class=\"client-container\">\n                        \n                                                <img loading=\"lazy\" decoding=\"async\" src=\"https:\/\/breeze-pos.com\/wp-content\/uploads\/2024\/09\/city-grill.png\" alt=\"City Grill\" width=\"64\" height=\"67\">\n                                                                    <\/div>\n                <\/div>\n                                <div class=\"item\">\n                    <div class=\"client-container\">\n                        \n                                                <img loading=\"lazy\" decoding=\"async\" src=\"https:\/\/breeze-pos.com\/wp-content\/uploads\/2024\/09\/fk-1.png\" alt=\"Kitchen\" width=\"91\" height=\"53\">\n                                                                    <\/div>\n                <\/div>\n                                <div class=\"item\">\n                    <div class=\"client-container\">\n                        \n                                                <img loading=\"lazy\" decoding=\"async\" src=\"https:\/\/breeze-pos.com\/wp-content\/uploads\/2024\/08\/Teds.png\" alt=\"Ted&rsquo;s coffee\" width=\"61\" height=\"68\">\n                                                                    <\/div>\n                <\/div>\n                                <div class=\"item\">\n                    <div class=\"client-container\">\n                        \n                                                <img loading=\"lazy\" decoding=\"async\" src=\"https:\/\/breeze-pos.com\/wp-content\/uploads\/2024\/08\/Avocadoo.png\" alt=\"Avcado\" width=\"126\" height=\"52\">\n                                                                    <\/div>\n                <\/div>\n                                <div class=\"item\">\n                    <div class=\"client-container\">\n                        \n                                                <img loading=\"lazy\" decoding=\"async\" src=\"https:\/\/breeze-pos.com\/wp-content\/uploads\/2024\/08\/Sakura.png\" alt=\"Sakura\" width=\"144\" height=\"38\">\n                                                                    <\/div>\n                <\/div>\n                                <div class=\"item\">\n                    <div class=\"client-container\">\n                        \n                                                <img loading=\"lazy\" decoding=\"async\" src=\"https:\/\/breeze-pos.com\/wp-content\/uploads\/2024\/08\/Pizza-Hut-New-Vertical.png\" alt=\"Pizza Hut\" width=\"164\" height=\"42\">\n                                                                    <\/div>\n                <\/div>\n                                <div class=\"item\">\n                    <div class=\"client-container\">\n                        \n                                                <img loading=\"lazy\" decoding=\"async\" src=\"https:\/\/breeze-pos.com\/wp-content\/uploads\/2024\/08\/Fork.png\" alt=\"Fork\" width=\"88\" height=\"45\">\n                                                                    <\/div>\n                <\/div>\n                                <div class=\"item\">\n                    <div class=\"client-container\">\n                        \n                                                <img loading=\"lazy\" decoding=\"async\" src=\"https:\/\/breeze-pos.com\/wp-content\/uploads\/2024\/08\/PepPepper.png\" alt=\"Pep &#038; Pepper\" width=\"166\" height=\"45\">\n                                                                    <\/div>\n                <\/div>\n                                <div class=\"item\">\n                    <div class=\"client-container\">\n                        \n                                                <img loading=\"lazy\" decoding=\"async\" src=\"https:\/\/breeze-pos.com\/wp-content\/uploads\/2024\/08\/Arca2.png\" alt=\"Arca\" width=\"112\" height=\"35\">\n                                                                    <\/div>\n                <\/div>\n                            <\/div>\n            \n    \n\n        <div class=\"cta-btn-container d-flex align-content-center justify-content-center\">\n                <\/div>\n\n    <\/div>\n<\/section>\n\n\n<div class=\"wp-block-columns has-background is-layout-flex wp-container-core-columns-is-layout-9d6595d7 wp-block-columns-is-layout-flex\" style=\"background-color:#0b1120\">\n<div class=\"wp-block-column is-layout-flow wp-block-column-is-layout-flow\">\n\n<div id=\"component-block_9d52ee0e468636802d37d542a8e3995f\" class=\"componenta-custom-spacer component\">\n    <div class=\"distantier-desktop hidden-sm hidden-xs visible-md visible-lg\" style=\"padding-top:42px;\"><\/div>\n    <div class=\"distantier-mobile hidden-md hidden-lg visible-sm visible-xs\" style=\"padding-top:20px;\"><\/div>\n<\/div><\/div>\n<\/div>\n\n\n\n<section class=\"component component-generic component--contact-details dark bg-position-top padding-on title-align-center\" style=\"background-color:#0b1120; \">\n    <div class=\"container\">\n        \n        \n        \n                <div class=\"row row-cols-lg-3 row-cols-md-3 row-cols-1 mb-2 mb-md-4\">\n                            <div class=\"col col-contact\">\n                    <div class=\"location-name rubik-600\">Romania<\/div>\n                    <div class=\"location-address\">AFI Park Floreasca, Calea Floreasca Nr 169, <br>Corp B, Et 1, Sector 1, Bucuresti<\/div>\n                    <div class=\"email-address\"><a href=\"mailto:office@bit-soft.ro\">office@bit-soft.ro<\/a><\/div>\n                <\/div>\n                            <div class=\"col col-contact\">\n                    <div class=\"location-name rubik-600\">France<\/div>\n                    <div class=\"location-address\">27 avenue de l\u2019Op\u00e9ra  <br>75001 Paris<\/div>\n                    <div class=\"email-address\"><a href=\"mailto:office@bit-soft.fr\">office@bit-soft.fr<\/a><\/div>\n                <\/div>\n                            <div class=\"col col-contact\">\n                    <div class=\"location-name rubik-600\">Hungary<\/div>\n                    <div class=\"location-address\">Budapest, Banyato u. 13, <br>1108 Hungary<\/div>\n                    <div class=\"email-address\"><a href=\"mailto:office@bit-soft.hu\">office@bit-soft.hu<\/a><\/div>\n                <\/div>\n                    <\/div>\n        \n    <div class=\"cta-btn-container d-flex align-content-center justify-content-center\">\n            <\/div>\n    <\/div>\n<\/section>","protected":false},"excerpt":{"rendered":"","protected":false},"author":1,"featured_media":0,"parent":0,"menu_order":0,"comment_status":"closed","ping_status":"closed","template":"","meta":{"_acf_changed":false,"footnotes":""},"class_list":["post-1613","page","type-page","status-publish","hentry"],"acf":[],"yoast_head":"<!-- This site is optimized with the Yoast SEO plugin v27.2 - https:\/\/yoast.com\/product\/yoast-seo-wordpress\/ -->\n<title>Contact - Breeze<\/title>\n<meta name=\"robots\" content=\"index, follow, max-snippet:-1, max-image-preview:large, max-video-preview:-1\" \/>\n<link rel=\"canonical\" href=\"https:\/\/breeze-pos.com\/contact\/\" \/>\n<meta property=\"og:locale\" content=\"fr_FR\" \/>\n<meta property=\"og:type\" content=\"article\" \/>\n<meta property=\"og:title\" content=\"Contact - Breeze\" \/>\n<meta property=\"og:url\" content=\"https:\/\/breeze-pos.com\/contact\/\" \/>\n<meta property=\"og:site_name\" content=\"Breeze\" \/>\n<meta property=\"article:modified_time\" content=\"2024-09-29T09:51:30+00:00\" \/>\n<meta name=\"twitter:card\" content=\"summary_large_image\" \/>\n<script type=\"application\/ld+json\" class=\"yoast-schema-graph\">{\"@context\":\"https:\/\/schema.org\",\"@graph\":[{\"@type\":\"WebPage\",\"@id\":\"https:\/\/breeze-pos.com\/contact\/\",\"url\":\"https:\/\/breeze-pos.com\/contact\/\",\"name\":\"Contact - Breeze\",\"isPartOf\":{\"@id\":\"https:\/\/breeze-pos.com\/#website\"},\"datePublished\":\"2024-08-20T12:55:18+00:00\",\"dateModified\":\"2024-09-29T09:51:30+00:00\",\"breadcrumb\":{\"@id\":\"https:\/\/breeze-pos.com\/contact\/#breadcrumb\"},\"inLanguage\":\"fr-FR\",\"potentialAction\":[{\"@type\":\"ReadAction\",\"target\":[\"https:\/\/breeze-pos.com\/contact\/\"]}]},{\"@type\":\"BreadcrumbList\",\"@id\":\"https:\/\/breeze-pos.com\/contact\/#breadcrumb\",\"itemListElement\":[{\"@type\":\"ListItem\",\"position\":1,\"name\":\"Home\",\"item\":\"https:\/\/breeze-pos.com\/\"},{\"@type\":\"ListItem\",\"position\":2,\"name\":\"Contact\"}]},{\"@type\":\"WebSite\",\"@id\":\"https:\/\/breeze-pos.com\/#website\",\"url\":\"https:\/\/breeze-pos.com\/\",\"name\":\"Breeze\",\"description\":\"\",\"potentialAction\":[{\"@type\":\"SearchAction\",\"target\":{\"@type\":\"EntryPoint\",\"urlTemplate\":\"https:\/\/breeze-pos.com\/?s={search_term_string}\"},\"query-input\":{\"@type\":\"PropertyValueSpecification\",\"valueRequired\":true,\"valueName\":\"search_term_string\"}}],\"inLanguage\":\"fr-FR\"}]}<\/script>\n<!-- \/ Yoast SEO plugin. -->","yoast_head_json":{"title":"Contact - Breeze","robots":{"index":"index","follow":"follow","max-snippet":"max-snippet:-1","max-image-preview":"max-image-preview:large","max-video-preview":"max-video-preview:-1"},"canonical":"https:\/\/breeze-pos.com\/contact\/","og_locale":"fr_FR","og_type":"article","og_title":"Contact - Breeze","og_url":"https:\/\/breeze-pos.com\/contact\/","og_site_name":"Breeze","article_modified_time":"2024-09-29T09:51:30+00:00","twitter_card":"summary_large_image","schema":{"@context":"https:\/\/schema.org","@graph":[{"@type":"WebPage","@id":"https:\/\/breeze-pos.com\/contact\/","url":"https:\/\/breeze-pos.com\/contact\/","name":"Contact - Breeze","isPartOf":{"@id":"https:\/\/breeze-pos.com\/#website"},"datePublished":"2024-08-20T12:55:18+00:00","dateModified":"2024-09-29T09:51:30+00:00","breadcrumb":{"@id":"https:\/\/breeze-pos.com\/contact\/#breadcrumb"},"inLanguage":"fr-FR","potentialAction":[{"@type":"ReadAction","target":["https:\/\/breeze-pos.com\/contact\/"]}]},{"@type":"BreadcrumbList","@id":"https:\/\/breeze-pos.com\/contact\/#breadcrumb","itemListElement":[{"@type":"ListItem","position":1,"name":"Home","item":"https:\/\/breeze-pos.com\/"},{"@type":"ListItem","position":2,"name":"Contact"}]},{"@type":"WebSite","@id":"https:\/\/breeze-pos.com\/#website","url":"https:\/\/breeze-pos.com\/","name":"Breeze","description":"","potentialAction":[{"@type":"SearchAction","target":{"@type":"EntryPoint","urlTemplate":"https:\/\/breeze-pos.com\/?s={search_term_string}"},"query-input":{"@type":"PropertyValueSpecification","valueRequired":true,"valueName":"search_term_string"}}],"inLanguage":"fr-FR"}]}},"_links":{"self":[{"href":"https:\/\/breeze-pos.com\/fr\/wp-json\/wp\/v2\/pages\/1613","targetHints":{"allow":["GET"]}}],"collection":[{"href":"https:\/\/breeze-pos.com\/fr\/wp-json\/wp\/v2\/pages"}],"about":[{"href":"https:\/\/breeze-pos.com\/fr\/wp-json\/wp\/v2\/types\/page"}],"author":[{"embeddable":true,"href":"https:\/\/breeze-pos.com\/fr\/wp-json\/wp\/v2\/users\/1"}],"replies":[{"embeddable":true,"href":"https:\/\/breeze-pos.com\/fr\/wp-json\/wp\/v2\/comments?post=1613"}],"version-history":[{"count":6,"href":"https:\/\/breeze-pos.com\/fr\/wp-json\/wp\/v2\/pages\/1613\/revisions"}],"predecessor-version":[{"id":2040,"href":"https:\/\/breeze-pos.com\/fr\/wp-json\/wp\/v2\/pages\/1613\/revisions\/2040"}],"wp:attachment":[{"href":"https:\/\/breeze-pos.com\/fr\/wp-json\/wp\/v2\/media?parent=1613"}],"curies":[{"name":"wp","href":"https:\/\/api.w.org\/{rel}","templated":true}]}}