{"id":4008,"date":"2026-02-18T07:22:03","date_gmt":"2026-02-18T07:22:03","guid":{"rendered":"https:\/\/breeze-pos.com\/?page_id=4008"},"modified":"2026-02-18T07:27:13","modified_gmt":"2026-02-18T07:27:13","slug":"etudes-de-cas","status":"publish","type":"page","link":"https:\/\/breeze-pos.com\/fr\/etudes-de-cas\/","title":{"rendered":"\u00c9tudes de cas"},"content":{"rendered":"<div style=\"height:50px;background-color:#ffffff; background-position:top;\" aria-hidden=\"true\" class=\"wp-block-spacer spacer-desktop component component-generic component--spacer light bg-position-top\"><\/div>\n<div style=\"height:30px;background-color:#ffffff; background-position:top;\" aria-hidden=\"true\" class=\"wp-block-spacer spacer-mobile component component-generic component--spacer light bg-position-top\"><\/div>\n\n\n<section class=\"component component-generic component--blog light bg-position-top\" style=\"background-color:#ffffff; \">\n    <div class=\"container pb-0 pb-md-4\">\n        \n        \n            <\/div>\n\n    <div class=\"container blog-area mb-0 mb-md-5\">\n                    <div class=\"blog-articles row row-cols-auto row-cols-md-2 row-cols-lg-3 pb-3 pb-md-4\">\n                            <div class=\"col-12\">\n                    <div class=\"inner-articles mb-5\">\n                                                <div class=\"featured-image relative\">\n                            <div class=\"lds-ripple\"><div><\/div><div><\/div><\/div>\n                            <a href=\"https:\/\/breeze-pos.com\/fr\/city-grill-group-se-rapproche-des-100-me\/\" class=\"thumb-a\">\n                                <img loading=\"lazy\" decoding=\"async\" src=\"https:\/\/breeze-pos.com\/wp-content\/uploads\/2026\/03\/Cover-CityGrill-409x250.jpg\" alt=\"City Grill Group se rapproche des 100 M\u20ac gr\u00e2ce \u00e0 un \u00e9cosyst\u00e8me digital enti\u00e8rement int\u00e9gr\u00e9 construit sur Breeze\" width=\"409\" height=\"250\" class=\"relative featured-image-src\">\n                            <\/a>\n                        <\/div>\n\n                        <div class=\"readtime mt-3\"><a class=\"category-post\" href=\"https:\/\/breeze-pos.com\/fr\/category\/etude-de-cas\/\">\u00c9tude de cas<\/a><span class=\"span-reading-time art-r-time-reading-time\"><span class=\"art-r-time-label art-r-time-prefix\"><\/span> <span class=\"art-r-time-time\"> 8<\/span> <span class=\"art-r-time-label art-r-time-postfix\"> min<\/span><\/span><\/div>\n\n                        <div class=\"article-title fs-24 fw-700 mt-3 mb-3\"><a href=\"https:\/\/breeze-pos.com\/fr\/city-grill-group-se-rapproche-des-100-me\/\">City Grill Group se rapproche des 100 M\u20ac gr\u00e2ce \u00e0 un \u00e9cosyst\u00e8me digital enti\u00e8rement int\u00e9gr\u00e9 construit sur Breeze<\/a><\/div>\n\n                        <div class=\"post-excerpt\"><p>La croissance dans le secteur HoReCa s\u2019accompagne d\u2019un d\u00e9fi moins visible : la&#8230;<\/p><\/div>\n\n                                            <\/div>\n                <\/div>\n\t\t\t\t                <div class=\"col-12\">\n                    <div class=\"inner-articles mb-5\">\n                                                <div class=\"featured-image relative\">\n                            <div class=\"lds-ripple\"><div><\/div><div><\/div><\/div>\n                            <a href=\"https:\/\/breeze-pos.com\/fr\/how-danubius-hotel-increased-room-service-revenue-by-over-200-through-digital-transformation\/\" class=\"thumb-a\">\n                                <img loading=\"lazy\" decoding=\"async\" src=\"https:\/\/breeze-pos.com\/wp-content\/uploads\/2026\/03\/Danubius-Final-409x250.jpg\" alt=\"Comment Danubius Hotel a augment\u00e9 les revenus du room service de plus de 200 % gr\u00e2ce \u00e0 la transformation digitale\" width=\"409\" height=\"250\" class=\"relative featured-image-src\">\n                            <\/a>\n                        <\/div>\n\n                        <div class=\"readtime mt-3\"><a class=\"category-post\" href=\"https:\/\/breeze-pos.com\/fr\/category\/case-study-fr\/\">Case Study<\/a><span class=\"span-reading-time art-r-time-reading-time\"><span class=\"art-r-time-label art-r-time-prefix\"><\/span> <span class=\"art-r-time-time\"> 7<\/span> <span class=\"art-r-time-label art-r-time-postfix\"> min<\/span><\/span><\/div>\n\n                        <div class=\"article-title fs-24 fw-700 mt-3 mb-3\"><a href=\"https:\/\/breeze-pos.com\/fr\/how-danubius-hotel-increased-room-service-revenue-by-over-200-through-digital-transformation\/\">Comment Danubius Hotel a augment\u00e9 les revenus du room service de plus de 200 % gr\u00e2ce \u00e0 la transformation digitale<\/a><\/div>\n\n                        <div class=\"post-excerpt\"><p>Le Danubius Hotels Group exploite l\u2019un des portefeuilles h\u00f4teliers les plus complexes de&#8230;<\/p><\/div>\n\n                                            <\/div>\n                <\/div>\n\t\t\t\t                <div class=\"col-12\">\n                    <div class=\"inner-articles mb-5\">\n                                                <div class=\"featured-image relative\">\n                            <div class=\"lds-ripple\"><div><\/div><div><\/div><\/div>\n                            <a href=\"https:\/\/breeze-pos.com\/fr\/comment-subway-france-a-reconstruit-son-programme-de-fidelite-et-digitalise-certains-restaurants-grace-a-lecosysteme-breeze\/\" class=\"thumb-a\">\n                                <img loading=\"lazy\" decoding=\"async\" src=\"https:\/\/breeze-pos.com\/wp-content\/uploads\/2026\/02\/Header-articol-3-409x250.jpg\" alt=\"Comment Subway France a reconstruit son programme de fid\u00e9lit\u00e9 et digitalis\u00e9 certains restaurants gr\u00e2ce \u00e0 l\u2019\u00e9cosyst\u00e8me Breeze\" width=\"409\" height=\"250\" class=\"relative featured-image-src\">\n                            <\/a>\n                        <\/div>\n\n                        <div class=\"readtime mt-3\"><a class=\"category-post\" href=\"https:\/\/breeze-pos.com\/fr\/category\/case-study-fr\/\">Case Study<\/a><span class=\"span-reading-time art-r-time-reading-time\"><span class=\"art-r-time-label art-r-time-prefix\"><\/span> <span class=\"art-r-time-time\"> 9<\/span> <span class=\"art-r-time-label art-r-time-postfix\"> min<\/span><\/span><\/div>\n\n                        <div class=\"article-title fs-24 fw-700 mt-3 mb-3\"><a href=\"https:\/\/breeze-pos.com\/fr\/comment-subway-france-a-reconstruit-son-programme-de-fidelite-et-digitalise-certains-restaurants-grace-a-lecosysteme-breeze\/\">Comment Subway France a reconstruit son programme de fid\u00e9lit\u00e9 et digitalis\u00e9 certains restaurants gr\u00e2ce \u00e0 l\u2019\u00e9cosyst\u00e8me Breeze<\/a><\/div>\n\n                        <div class=\"post-excerpt\"><p>En 2024, Subway France a d\u00e9cid\u00e9 de transformer son infrastructure technologique, avec pour&#8230;<\/p><\/div>\n\n                                            <\/div>\n                <\/div>\n\t\t\t\t                <div class=\"col-12\">\n                    <div class=\"inner-articles mb-5\">\n                                                <div class=\"featured-image relative\">\n                            <div class=\"lds-ripple\"><div><\/div><div><\/div><\/div>\n                            <a href=\"https:\/\/breeze-pos.com\/fr\/la-nouvelle-plateforme-pizza-hut-delivery-et-loptimisation-des-commandes-en-ligne-avec-breeze\/\" class=\"thumb-a\">\n                                <img loading=\"lazy\" decoding=\"async\" src=\"https:\/\/breeze-pos.com\/wp-content\/uploads\/2021\/04\/BitSoftxPizza4-409x250.jpg\" alt=\"La nouvelle plateforme Pizza Hut Delivery et l\u2019optimisation des commandes en ligne avec Breeze\" width=\"409\" height=\"250\" class=\"relative featured-image-src\">\n                            <\/a>\n                        <\/div>\n\n                        <div class=\"readtime mt-3\"><a class=\"category-post\" href=\"https:\/\/breeze-pos.com\/fr\/category\/etude-de-cas\/\">\u00c9tude de cas<\/a><span class=\"span-reading-time art-r-time-reading-time\"><span class=\"art-r-time-label art-r-time-prefix\"><\/span> <span class=\"art-r-time-time\"> 4<\/span> <span class=\"art-r-time-label art-r-time-postfix\"> min<\/span><\/span><\/div>\n\n                        <div class=\"article-title fs-24 fw-700 mt-3 mb-3\"><a href=\"https:\/\/breeze-pos.com\/fr\/la-nouvelle-plateforme-pizza-hut-delivery-et-loptimisation-des-commandes-en-ligne-avec-breeze\/\">La nouvelle plateforme Pizza Hut Delivery et l\u2019optimisation des commandes en ligne avec Breeze<\/a><\/div>\n\n                        <div class=\"post-excerpt\"><p>Pizza Hut poursuit sa strat\u00e9gie de digitalisation en d\u00e9veloppant continuellement ses canaux de&#8230;<\/p><\/div>\n\n                                            <\/div>\n                <\/div>\n\t\t\t\t\t\t\t\t<div class=\"pagination\">\n\t\t\t\t\t\t\t\t\t<\/div>\n            <\/div>\n            <\/div>\n\n    <div class=\"container relative\">\n        <div class=\"cta-btn-container d-flex align-content-center justify-content-center\">\n                <\/div>\n    <\/div>\n<\/section>\n\n\n<div class=\"wp-block-columns container is-layout-flex wp-container-core-columns-is-layout-9d6595d7 wp-block-columns-is-layout-flex\">\n<div class=\"wp-block-column is-layout-flow wp-block-column-is-layout-flow\">\n<figure class=\"wp-block-image size-full\"><img loading=\"lazy\" decoding=\"async\" width=\"630\" height=\"630\" src=\"https:\/\/breeze-pos.com\/wp-content\/uploads\/2024\/09\/our-jurney.png\" alt=\"\" class=\"wp-image-936\" srcset=\"https:\/\/breeze-pos.com\/wp-content\/uploads\/2024\/09\/our-jurney.png 630w, https:\/\/breeze-pos.com\/wp-content\/uploads\/2024\/09\/our-jurney-300x300.png 300w, https:\/\/breeze-pos.com\/wp-content\/uploads\/2024\/09\/our-jurney-150x150.png 150w\" sizes=\"auto, (max-width: 630px) 100vw, 630px\" \/><\/figure>\n<\/div>\n\n\n\n<div class=\"wp-block-column is-layout-flow wp-block-column-is-layout-flow\">\n<section class=\"component component-generic component--contact-form dark\" style=\"background-color:#04955e; \">\n    <div class=\"container pb-0 pb-md-4\">\n        \n                    <div class=\"title rubik-500\">Nous sommes l\u00e0 pour r\u00e9pondre \u00e0 vos questions<\/div>\n        \n            <\/div>\n\n    <div class=\"container\">\n        <div class=\"row\">\n                        <div class=\"col-12 col-lg-12\">\n                \n<div class=\"wpcf7 no-js\" id=\"wpcf7-f1562-o1\" lang=\"en-US\" dir=\"ltr\" data-wpcf7-id=\"1562\">\n<div class=\"screen-reader-response\"><p role=\"status\" aria-live=\"polite\" aria-atomic=\"true\"><\/p> <ul><\/ul><\/div>\n<form action=\"\/fr\/wp-json\/wp\/v2\/pages\/4008#wpcf7-f1562-o1\" method=\"post\" class=\"wpcf7-form init\" aria-label=\"Contact form\" novalidate=\"novalidate\" data-status=\"init\">\n<fieldset class=\"hidden-fields-container\"><input type=\"hidden\" name=\"_wpcf7\" value=\"1562\" \/><input type=\"hidden\" name=\"_wpcf7_version\" value=\"6.1.5\" \/><input type=\"hidden\" name=\"_wpcf7_locale\" value=\"en_US\" \/><input type=\"hidden\" name=\"_wpcf7_unit_tag\" value=\"wpcf7-f1562-o1\" \/><input type=\"hidden\" name=\"_wpcf7_container_post\" value=\"0\" \/><input type=\"hidden\" name=\"_wpcf7_posted_data_hash\" value=\"\" \/>\n<\/fieldset>\n<div class=\"row\">\n<div class=\"col-12 col-lg-12\">\n<\/div>\n\n<div class=\"col-12 col-lg-6\">\n<label> Pr\u00e9nom\n    <span class=\"wpcf7-form-control-wrap\" data-name=\"your-firstname\"><input size=\"40\" maxlength=\"400\" class=\"wpcf7-form-control wpcf7-text wpcf7-validates-as-required\" autocomplete=\"name\" aria-required=\"true\" aria-invalid=\"false\" value=\"\" type=\"text\" name=\"your-firstname\" \/><\/span> <\/label>\n<\/div>\n\n<div class=\"col-12 col-lg-6\">\n<label> Nom de famille\n    <span class=\"wpcf7-form-control-wrap\" data-name=\"your-lastname\"><input size=\"40\" maxlength=\"400\" class=\"wpcf7-form-control wpcf7-text wpcf7-validates-as-required\" autocomplete=\"name\" aria-required=\"true\" aria-invalid=\"false\" value=\"\" type=\"text\" name=\"your-lastname\" \/><\/span> <\/label>\n<\/div>\n\n<div class=\"col-12 col-lg-6\">\n<label> E-mail\n    <span class=\"wpcf7-form-control-wrap\" data-name=\"your-email\"><input size=\"40\" maxlength=\"400\" class=\"wpcf7-form-control wpcf7-email wpcf7-validates-as-required wpcf7-text wpcf7-validates-as-email\" autocomplete=\"email\" aria-required=\"true\" aria-invalid=\"false\" value=\"\" type=\"email\" name=\"your-email\" \/><\/span> <\/label>\n<\/div>\n\n<div class=\"col-12 col-lg-6\">\n<label> Num\u00e9ro de t\u00e9l\u00e9phone\n    <span class=\"wpcf7-form-control-wrap\" data-name=\"your-telephone\"><input size=\"40\" maxlength=\"400\" class=\"wpcf7-form-control wpcf7-tel wpcf7-validates-as-required wpcf7-text wpcf7-validates-as-tel\" aria-required=\"true\" aria-invalid=\"false\" value=\"\" type=\"tel\" name=\"your-telephone\" \/><\/span> <\/label>\n<\/div>\n\n<div class=\"col-12 col-lg-12\">\n<label> Nom de l&rsquo;entreprise\n    <span class=\"wpcf7-form-control-wrap\" data-name=\"your-subject\"><input size=\"40\" maxlength=\"400\" class=\"wpcf7-form-control wpcf7-text wpcf7-validates-as-required\" aria-required=\"true\" aria-invalid=\"false\" value=\"\" type=\"text\" name=\"your-subject\" \/><\/span> <\/label>\n<\/div>\n\n<div class=\"col-12 col-lg-12\">\n<label> Type d\u2019entreprise\n    <span class=\"wpcf7-form-control-wrap\" data-name=\"select-310\"><select class=\"wpcf7-form-control wpcf7-select\" aria-invalid=\"false\" name=\"select-310\"><option value=\"\">S\u00e9lectionnez le type d\u2019entreprise<\/option><option value=\"Restaurant &amp; Fast Food\">Restaurant &amp; Fast Food<\/option><option value=\"H\u00f4tel &amp; Resort\">H\u00f4tel &amp; Resort<\/option><option value=\"Spa &amp; Bien-\u00eatre\">Spa &amp; Bien-\u00eatre<\/option><\/select><\/span> <\/label>\n<\/div>\n\n<div class=\"col-12 col-lg-12\">\n<label> Ville\n    <span class=\"wpcf7-form-control-wrap\" data-name=\"text-776\"><input size=\"40\" maxlength=\"150\" minlength=\"1\" class=\"wpcf7-form-control wpcf7-text\" aria-invalid=\"false\" value=\"\" type=\"text\" name=\"text-776\" \/><\/span> <\/label>\n<\/div>\n\n\n<div class=\"col-12 col-lg-12\">\n<label> Votre message\n    <span class=\"wpcf7-form-control-wrap\" data-name=\"textarea-16\"><textarea cols=\"40\" rows=\"10\" maxlength=\"2000\" class=\"wpcf7-form-control wpcf7-textarea\" aria-invalid=\"false\" name=\"textarea-16\"><\/textarea><\/span> <\/label>\n<\/div>\n\n<div class=\"col-12\">\n<span class=\"wpcf7-form-control-wrap\" data-name=\"acceptance-244\"><span class=\"wpcf7-form-control wpcf7-acceptance optional\"><span class=\"wpcf7-list-item\"><label><input type=\"checkbox\" name=\"acceptance-244\" value=\"1\" aria-invalid=\"false\" \/><span class=\"wpcf7-list-item-label\">J&rsquo;autorise l&rsquo;entreprise \u00e0 conserver et traiter mes informations pour m&rsquo;envoyer des e-mails relatifs aux produits. <span class=\"checkmark\"><span class=\"icon-check\"><\/span><\/span><\/span><\/label><\/span><\/span><\/span>\n<\/div>\n<div class=\"col-12\">\n<span class=\"wpcf7-form-control-wrap\" data-name=\"acord-date\"><span class=\"wpcf7-form-control wpcf7-acceptance\"><span class=\"wpcf7-list-item\"><label><input type=\"checkbox\" name=\"acord-date\" value=\"1\" class=\"form-control\" id=\"date-acord\" aria-invalid=\"false\" \/><span class=\"wpcf7-list-item-label\">J&rsquo;accepte la <a target=\"_blank\" href=\"https:\/\/breeze-pos.com\/fr\/politique-de-confidentialite\/\">politique de confidentialit\u00e9<\/a> et les <a target=\"_blank\" href=\"https:\/\/breeze-pos.com\/fr\/conditions-generales\/\">conditions g\u00e9n\u00e9rales<\/a>. <span class=\"checkmark\"><span class=\"icon-check\"><\/span><\/span><\/span><\/label><\/span><\/span><\/span>\n<\/div>\n<div class=\"col-12\">\n<input class=\"wpcf7-form-control wpcf7-submit has-spinner\" type=\"submit\" value=\"Envoyer\" \/>\n<\/div>\n<\/div><div class=\"wpcf7-response-output\" aria-hidden=\"true\"><\/div>\n<\/form>\n<\/div>\n\n            <\/div>\n                    <\/div>\n\n        <div class=\"cta-btn-container d-flex align-content-center justify-content-center\">\n                    <\/div>\n    <\/div>\n<\/section><\/div>\n<\/div>\n\n\n<div style=\"height:85px;background-color:#ffffff; background-position:top;\" aria-hidden=\"true\" class=\"wp-block-spacer spacer-desktop component component-generic component--spacer light bg-position-top\"><\/div>\n<div style=\"height:30px;background-color:#ffffff; background-position:top;\" aria-hidden=\"true\" class=\"wp-block-spacer spacer-mobile component component-generic component--spacer light bg-position-top\"><\/div>","protected":false},"excerpt":{"rendered":"","protected":false},"author":3,"featured_media":0,"parent":0,"menu_order":0,"comment_status":"closed","ping_status":"closed","template":"","meta":{"_acf_changed":false,"footnotes":""},"class_list":["post-4008","page","type-page","status-publish","hentry"],"acf":[],"yoast_head":"<!-- This site is optimized with the Yoast SEO plugin v27.2 - https:\/\/yoast.com\/product\/yoast-seo-wordpress\/ -->\n<title>\u00c9tudes de cas - Breeze<\/title>\n<meta name=\"robots\" content=\"index, follow, max-snippet:-1, max-image-preview:large, max-video-preview:-1\" \/>\n<link rel=\"canonical\" href=\"https:\/\/breeze-pos.com\/fr\/etudes-de-cas\/\" \/>\n<meta property=\"og:locale\" content=\"fr_FR\" \/>\n<meta property=\"og:type\" content=\"article\" \/>\n<meta property=\"og:title\" content=\"\u00c9tudes de cas - Breeze\" \/>\n<meta property=\"og:url\" content=\"https:\/\/breeze-pos.com\/fr\/etudes-de-cas\/\" \/>\n<meta property=\"og:site_name\" content=\"Breeze\" \/>\n<meta property=\"article:modified_time\" content=\"2026-02-18T07:27:13+00:00\" \/>\n<meta property=\"og:image\" content=\"https:\/\/breeze-pos.com\/wp-content\/uploads\/2024\/09\/our-jurney.png\" \/>\n<meta name=\"twitter:card\" content=\"summary_large_image\" \/>\n<meta name=\"twitter:label1\" content=\"Dur\u00e9e de lecture estim\u00e9e\" \/>\n\t<meta name=\"twitter:data1\" content=\"1 minute\" \/>\n<script type=\"application\/ld+json\" class=\"yoast-schema-graph\">{\"@context\":\"https:\/\/schema.org\",\"@graph\":[{\"@type\":\"WebPage\",\"@id\":\"https:\/\/breeze-pos.com\/fr\/etudes-de-cas\/\",\"url\":\"https:\/\/breeze-pos.com\/fr\/etudes-de-cas\/\",\"name\":\"\u00c9tudes de cas - Breeze\",\"isPartOf\":{\"@id\":\"https:\/\/breeze-pos.com\/#website\"},\"primaryImageOfPage\":{\"@id\":\"https:\/\/breeze-pos.com\/fr\/etudes-de-cas\/#primaryimage\"},\"image\":{\"@id\":\"https:\/\/breeze-pos.com\/fr\/etudes-de-cas\/#primaryimage\"},\"thumbnailUrl\":\"https:\/\/breeze-pos.com\/wp-content\/uploads\/2024\/09\/our-jurney.png\",\"datePublished\":\"2026-02-18T07:22:03+00:00\",\"dateModified\":\"2026-02-18T07:27:13+00:00\",\"breadcrumb\":{\"@id\":\"https:\/\/breeze-pos.com\/fr\/etudes-de-cas\/#breadcrumb\"},\"inLanguage\":\"fr-FR\",\"potentialAction\":[{\"@type\":\"ReadAction\",\"target\":[\"https:\/\/breeze-pos.com\/fr\/etudes-de-cas\/\"]}]},{\"@type\":\"ImageObject\",\"inLanguage\":\"fr-FR\",\"@id\":\"https:\/\/breeze-pos.com\/fr\/etudes-de-cas\/#primaryimage\",\"url\":\"https:\/\/breeze-pos.com\/wp-content\/uploads\/2024\/09\/our-jurney.png\",\"contentUrl\":\"https:\/\/breeze-pos.com\/wp-content\/uploads\/2024\/09\/our-jurney.png\"},{\"@type\":\"BreadcrumbList\",\"@id\":\"https:\/\/breeze-pos.com\/fr\/etudes-de-cas\/#breadcrumb\",\"itemListElement\":[{\"@type\":\"ListItem\",\"position\":1,\"name\":\"Home\",\"item\":\"https:\/\/breeze-pos.com\/\"},{\"@type\":\"ListItem\",\"position\":2,\"name\":\"\u00c9tudes de cas\"}]},{\"@type\":\"WebSite\",\"@id\":\"https:\/\/breeze-pos.com\/#website\",\"url\":\"https:\/\/breeze-pos.com\/\",\"name\":\"Breeze\",\"description\":\"\",\"potentialAction\":[{\"@type\":\"SearchAction\",\"target\":{\"@type\":\"EntryPoint\",\"urlTemplate\":\"https:\/\/breeze-pos.com\/?s={search_term_string}\"},\"query-input\":{\"@type\":\"PropertyValueSpecification\",\"valueRequired\":true,\"valueName\":\"search_term_string\"}}],\"inLanguage\":\"fr-FR\"}]}<\/script>\n<!-- \/ Yoast SEO plugin. -->","yoast_head_json":{"title":"\u00c9tudes de cas - Breeze","robots":{"index":"index","follow":"follow","max-snippet":"max-snippet:-1","max-image-preview":"max-image-preview:large","max-video-preview":"max-video-preview:-1"},"canonical":"https:\/\/breeze-pos.com\/fr\/etudes-de-cas\/","og_locale":"fr_FR","og_type":"article","og_title":"\u00c9tudes de cas - Breeze","og_url":"https:\/\/breeze-pos.com\/fr\/etudes-de-cas\/","og_site_name":"Breeze","article_modified_time":"2026-02-18T07:27:13+00:00","og_image":[{"url":"https:\/\/breeze-pos.com\/wp-content\/uploads\/2024\/09\/our-jurney.png","type":"","width":"","height":""}],"twitter_card":"summary_large_image","twitter_misc":{"Dur\u00e9e de lecture estim\u00e9e":"1 minute"},"schema":{"@context":"https:\/\/schema.org","@graph":[{"@type":"WebPage","@id":"https:\/\/breeze-pos.com\/fr\/etudes-de-cas\/","url":"https:\/\/breeze-pos.com\/fr\/etudes-de-cas\/","name":"\u00c9tudes de cas - Breeze","isPartOf":{"@id":"https:\/\/breeze-pos.com\/#website"},"primaryImageOfPage":{"@id":"https:\/\/breeze-pos.com\/fr\/etudes-de-cas\/#primaryimage"},"image":{"@id":"https:\/\/breeze-pos.com\/fr\/etudes-de-cas\/#primaryimage"},"thumbnailUrl":"https:\/\/breeze-pos.com\/wp-content\/uploads\/2024\/09\/our-jurney.png","datePublished":"2026-02-18T07:22:03+00:00","dateModified":"2026-02-18T07:27:13+00:00","breadcrumb":{"@id":"https:\/\/breeze-pos.com\/fr\/etudes-de-cas\/#breadcrumb"},"inLanguage":"fr-FR","potentialAction":[{"@type":"ReadAction","target":["https:\/\/breeze-pos.com\/fr\/etudes-de-cas\/"]}]},{"@type":"ImageObject","inLanguage":"fr-FR","@id":"https:\/\/breeze-pos.com\/fr\/etudes-de-cas\/#primaryimage","url":"https:\/\/breeze-pos.com\/wp-content\/uploads\/2024\/09\/our-jurney.png","contentUrl":"https:\/\/breeze-pos.com\/wp-content\/uploads\/2024\/09\/our-jurney.png"},{"@type":"BreadcrumbList","@id":"https:\/\/breeze-pos.com\/fr\/etudes-de-cas\/#breadcrumb","itemListElement":[{"@type":"ListItem","position":1,"name":"Home","item":"https:\/\/breeze-pos.com\/"},{"@type":"ListItem","position":2,"name":"\u00c9tudes de cas"}]},{"@type":"WebSite","@id":"https:\/\/breeze-pos.com\/#website","url":"https:\/\/breeze-pos.com\/","name":"Breeze","description":"","potentialAction":[{"@type":"SearchAction","target":{"@type":"EntryPoint","urlTemplate":"https:\/\/breeze-pos.com\/?s={search_term_string}"},"query-input":{"@type":"PropertyValueSpecification","valueRequired":true,"valueName":"search_term_string"}}],"inLanguage":"fr-FR"}]}},"_links":{"self":[{"href":"https:\/\/breeze-pos.com\/fr\/wp-json\/wp\/v2\/pages\/4008","targetHints":{"allow":["GET"]}}],"collection":[{"href":"https:\/\/breeze-pos.com\/fr\/wp-json\/wp\/v2\/pages"}],"about":[{"href":"https:\/\/breeze-pos.com\/fr\/wp-json\/wp\/v2\/types\/page"}],"author":[{"embeddable":true,"href":"https:\/\/breeze-pos.com\/fr\/wp-json\/wp\/v2\/users\/3"}],"replies":[{"embeddable":true,"href":"https:\/\/breeze-pos.com\/fr\/wp-json\/wp\/v2\/comments?post=4008"}],"version-history":[{"count":3,"href":"https:\/\/breeze-pos.com\/fr\/wp-json\/wp\/v2\/pages\/4008\/revisions"}],"predecessor-version":[{"id":4015,"href":"https:\/\/breeze-pos.com\/fr\/wp-json\/wp\/v2\/pages\/4008\/revisions\/4015"}],"wp:attachment":[{"href":"https:\/\/breeze-pos.com\/fr\/wp-json\/wp\/v2\/media?parent=4008"}],"curies":[{"name":"wp","href":"https:\/\/api.w.org\/{rel}","templated":true}]}}