{"id":1849,"date":"2024-09-17T05:14:45","date_gmt":"2024-09-17T05:14:45","guid":{"rendered":"https:\/\/breeze.websenior.ro\/faq\/"},"modified":"2024-09-29T09:50:10","modified_gmt":"2024-09-29T09:50:10","slug":"gyakran-ismetelt-kerdesek","status":"publish","type":"page","link":"https:\/\/breeze-pos.com\/hu\/gyakran-ismetelt-kerdesek\/","title":{"rendered":"Gyakran ism\u00e9telt k\u00e9rd\u00e9sek"},"content":{"rendered":"\n\n<section class=\"component component--staging-area dark\" style=\"background-color:#0b1120; background-position:inherit;\">\n        <div class=\"container\">\n        <div class=\"row d-flex align-items-center back-mobile\">\n            <div class=\"col-lg-6 col-12\">\n                            <div class=\"tagline\">Gyakran ism\u00e9telt k\u00e9rd\u00e9sek<\/div>\n            \n                            <div class=\"title align-text-left\">Vannak k\u00e9rd\u00e9seid? Itt vagyunk, hogy seg\u00edts\u00fcnk!<\/div>\n            \n                            <div class=\"intro-area align-text-left\"><p>Az al\u00e1bbiakban tal\u00e1lhat\u00f3ak a leggyakrabban feltett k\u00e9rd\u00e9sekre adott v\u00e1laszok. Ha tov\u00e1bbi k\u00e9rd\u00e9seid vannak, ne habozz kapcsolatba l\u00e9pni vel\u00fcnk.<\/p>\n<\/div>\n            \n            \n                        <\/div>\n            <div class=\"col-lg-6 col-12\">\n                            <figure>\n                    <img loading=\"lazy\" decoding=\"async\" src=\"https:\/\/breeze-pos.com\/wp-content\/uploads\/2024\/09\/Frame-1000002544.png\" alt=\"Vannak k\u00e9rd\u00e9seid? Itt vagyunk, hogy seg\u00edts\u00fcnk!\" width=\"610\" height=\"421\" class=\"relative featured-image-src\">\n                <\/figure>\n                        <\/div>\n        <\/div>\n    <\/div>\n    <\/section>\n\n\n<div class=\"wp-block-columns is-layout-flex wp-container-core-columns-is-layout-9d6595d7 wp-block-columns-is-layout-flex\">\n<div class=\"wp-block-column is-layout-flow wp-block-column-is-layout-flow\"><div style=\"height:0px;background-color:#0b1120; background-position:top;\" aria-hidden=\"true\" class=\"wp-block-spacer spacer-desktop component component-generic component--spacer light bg-position-top\"><\/div>\n<div style=\"height:0px;background-color:#0b1120; background-position:top;\" aria-hidden=\"true\" class=\"wp-block-spacer spacer-mobile component component-generic component--spacer light bg-position-top\"><\/div>\n\n\n<section class=\"component component-generic component--faq dark\" style=\"background-color:#0b1120; \">\n    <div class=\"container  pb-3 pb-md-4\">\n        \n                <div class=\"title rubik-500\">Gyakran ism\u00e9telt k\u00e9rd\u00e9sek<\/div>\n        \n            <\/div>\n\n    <div class=\"container pb-5 pb-md-5\">\n                <div class=\"faq-container row pb-2 pb-md-4\" itemscope itemtype=\"https:\/\/schema.org\/FAQPage\">\n                        <div class=\"col-12\">\n                <div class=\"faq-inner\" itemscope itemprop=\"mainEntity\" itemtype=\"https:\/\/schema.org\/Question\">\n                    <div class=\"faq-title rubik-500 relative\" itemprop=\"name\">\n                        A Breeze k\u00f6nnyen bevezethet\u0151 \u00e9s haszn\u00e1lhat\u00f3?                        <div class=\"icon-faq d-flex justify-content-center align-items-center\">\n                            <span class=\"icon-minus-sign\"><\/span>\n                            <span class=\"icon-plus\"><\/span>\n                        <\/div>\n                    <\/div>\n                    <div class=\"raspuns\" itemscope itemprop=\"acceptedAnswer\" itemtype=\"https:\/\/schema.org\/Answer\">\n                        <div itemprop=\"text\">\n                            <p>Igen, a Breeze-t a felhaszn\u00e1l\u00f3bar\u00e1ts\u00e1g figyelembev\u00e9tel\u00e9vel tervezt\u00e9k. Szak\u00e9rt\u0151 tan\u00e1csad\u00f3ink seg\u00edtenek a be\u00e1ll\u00edt\u00e1sban \u00e9s k\u00e9pz\u00e9st biztos\u00edtanak, hogy z\u00f6kken\u0151mentes legyen az \u00e1tmenet. Az intuit\u00edv fel\u00fclet biztos\u00edtja, hogy a szem\u00e9lyzet gyorsan alkalmazkodhasson \u00e9s hat\u00e9konyan haszn\u00e1lhassa a rendszert.<\/p>\n                        <\/div>\n                    <\/div>\n                <\/div>\n            <\/div>\n                        <div class=\"col-12\">\n                <div class=\"faq-inner\" itemscope itemprop=\"mainEntity\" itemtype=\"https:\/\/schema.org\/Question\">\n                    <div class=\"faq-title rubik-500 relative\" itemprop=\"name\">\n                        Hogyan jav\u00edtja a Breeze a m\u0171k\u00f6d\u00e9si hat\u00e9konys\u00e1got?                        <div class=\"icon-faq d-flex justify-content-center align-items-center\">\n                            <span class=\"icon-minus-sign\"><\/span>\n                            <span class=\"icon-plus\"><\/span>\n                        <\/div>\n                    <\/div>\n                    <div class=\"raspuns\" itemscope itemprop=\"acceptedAnswer\" itemtype=\"https:\/\/schema.org\/Answer\">\n                        <div itemprop=\"text\">\n                            <p>A Breeze jav\u00edtja a m\u0171k\u00f6d\u00e9si hat\u00e9konys\u00e1got a rendel\u00e9skezel\u00e9s, k\u00e9szletkezel\u00e9s \u00e9s \u00fcgyf\u00e9lkapcsolatok fejlett eszk\u00f6zeinek integr\u00e1l\u00e1s\u00e1val. Seg\u00edt cs\u00f6kkenteni a hib\u00e1kat, felgyors\u00edtja a szolg\u00e1ltat\u00e1st, \u00e9s val\u00f3s idej\u0171 inform\u00e1ci\u00f3kat biztos\u00edt, lehet\u0151v\u00e9 t\u00e9ve, hogy megalapozott d\u00f6nt\u00e9seket hozz, amelyek n\u00f6velik a termel\u00e9kenys\u00e9get.<\/p>\n                        <\/div>\n                    <\/div>\n                <\/div>\n            <\/div>\n                        <div class=\"col-12\">\n                <div class=\"faq-inner\" itemscope itemprop=\"mainEntity\" itemtype=\"https:\/\/schema.org\/Question\">\n                    <div class=\"faq-title rubik-500 relative\" itemprop=\"name\">\n                        Milyen t\u00edpus\u00fa vend\u00e9gl\u0151k haszn\u00e1lhatj\u00e1k a Breeze-t?                        <div class=\"icon-faq d-flex justify-content-center align-items-center\">\n                            <span class=\"icon-minus-sign\"><\/span>\n                            <span class=\"icon-plus\"><\/span>\n                        <\/div>\n                    <\/div>\n                    <div class=\"raspuns\" itemscope itemprop=\"acceptedAnswer\" itemtype=\"https:\/\/schema.org\/Answer\">\n                        <div itemprop=\"text\">\n                            <p>A Breeze sokoldal\u00fa \u00e9s alkalmas mindenf\u00e9le vend\u00e9gl\u0151 sz\u00e1m\u00e1ra, bele\u00e9rtve a teljes k\u00f6r\u0171 szolg\u00e1ltat\u00e1st ny\u00fajt\u00f3 \u00e9ttermeket (TSR), a gyors\u00e9ttermeket (QSR) \u00e9s a sz\u00e1llodai \u00e9ttermeket. \u00dagy lett megtervezve, hogy megfeleljen minden egyes egys\u00e9g egyedi ig\u00e9nyeinek.<\/p>\n                        <\/div>\n                    <\/div>\n                <\/div>\n            <\/div>\n                        <div class=\"col-12\">\n                <div class=\"faq-inner\" itemscope itemprop=\"mainEntity\" itemtype=\"https:\/\/schema.org\/Question\">\n                    <div class=\"faq-title rubik-500 relative\" itemprop=\"name\">\n                        Mi a Breeze \u00e9s hogyan seg\u00edt a vend\u00e9gl\u0151mnek?                        <div class=\"icon-faq d-flex justify-content-center align-items-center\">\n                            <span class=\"icon-minus-sign\"><\/span>\n                            <span class=\"icon-plus\"><\/span>\n                        <\/div>\n                    <\/div>\n                    <div class=\"raspuns\" itemscope itemprop=\"acceptedAnswer\" itemtype=\"https:\/\/schema.org\/Answer\">\n                        <div itemprop=\"text\">\n                            <p>A Breeze egy digit\u00e1lis megold\u00e1s, amelyet kifejezetten a vend\u00e9gl\u0151d m\u0171k\u00f6d\u00e9s\u00e9nek optimaliz\u00e1l\u00e1s\u00e1ra terveztek. Mint a piacon l\u00e9v\u0151 egyetlen teljes megold\u00e1s, a Breeze egyszer\u0171s\u00edti a folyamatokat, jav\u00edtja a szolg\u00e1ltat\u00e1s sebess\u00e9g\u00e9t \u00e9s pontoss\u00e1g\u00e1t, n\u00f6veli az \u00fcgyfelek el\u00e9gedetts\u00e9g\u00e9t, \u00e9s v\u00e9g\u00fcl n\u00f6veli a bev\u00e9teleidet.<\/p>\n                        <\/div>\n                    <\/div>\n                <\/div>\n            <\/div>\n                    <\/div>\n        \n        <div class=\"cta-btn-container d-flex align-content-center justify-content-center\">\n                <\/div>\n    <\/div>\n<\/section><\/div>\n<\/div>\n\n\n\n<div class=\"wp-block-group has-background\" style=\"background-color:#0b1120\"><div class=\"wp-block-group__inner-container is-layout-constrained wp-block-group-is-layout-constrained\">\n<div class=\"wp-block-columns container is-layout-flex wp-container-core-columns-is-layout-9d6595d7 wp-block-columns-is-layout-flex\">\n<div class=\"wp-block-column is-layout-flow wp-block-column-is-layout-flow\">\n<figure class=\"wp-block-image size-full\"><img loading=\"lazy\" decoding=\"async\" width=\"630\" height=\"630\" src=\"https:\/\/breeze-pos.com\/wp-content\/uploads\/2024\/09\/our-jurney.png\" alt=\"\" class=\"wp-image-936\" srcset=\"https:\/\/breeze-pos.com\/wp-content\/uploads\/2024\/09\/our-jurney.png 630w, https:\/\/breeze-pos.com\/wp-content\/uploads\/2024\/09\/our-jurney-300x300.png 300w, https:\/\/breeze-pos.com\/wp-content\/uploads\/2024\/09\/our-jurney-150x150.png 150w\" sizes=\"auto, (max-width: 630px) 100vw, 630px\" \/><\/figure>\n<\/div>\n\n\n\n<div class=\"wp-block-column is-layout-flow wp-block-column-is-layout-flow\">\n<section class=\"component component-generic component--contact-form dark\" style=\"background-color:#04955e; \">\n    <div class=\"container pb-0 pb-md-4\">\n        \n                    <div class=\"title rubik-500\">Itt vagyunk, hogy v\u00e1laszoljunk k\u00e9rd\u00e9seire<\/div>\n        \n            <\/div>\n\n    <div class=\"container\">\n        <div class=\"row\">\n                        <div class=\"col-12 col-lg-12\">\n                \n<div class=\"wpcf7 no-js\" id=\"wpcf7-f1671-o1\" lang=\"en-US\" dir=\"ltr\" data-wpcf7-id=\"1671\">\n<div class=\"screen-reader-response\"><p role=\"status\" aria-live=\"polite\" aria-atomic=\"true\"><\/p> <ul><\/ul><\/div>\n<form action=\"\/hu\/wp-json\/wp\/v2\/pages\/1849#wpcf7-f1671-o1\" method=\"post\" class=\"wpcf7-form init\" aria-label=\"Contact form\" novalidate=\"novalidate\" data-status=\"init\">\n<fieldset class=\"hidden-fields-container\"><input type=\"hidden\" name=\"_wpcf7\" value=\"1671\" \/><input type=\"hidden\" name=\"_wpcf7_version\" value=\"6.1.5\" \/><input type=\"hidden\" name=\"_wpcf7_locale\" value=\"en_US\" \/><input type=\"hidden\" name=\"_wpcf7_unit_tag\" value=\"wpcf7-f1671-o1\" \/><input type=\"hidden\" name=\"_wpcf7_container_post\" value=\"0\" \/><input type=\"hidden\" name=\"_wpcf7_posted_data_hash\" value=\"\" \/>\n<\/fieldset>\n<div class=\"row\">\n<div class=\"col-12 col-lg-12\">\n<\/div>\n\n<div class=\"col-12 col-lg-6\">\n<label> Keresztn\u00e9v\n    <span class=\"wpcf7-form-control-wrap\" data-name=\"your-firstname\"><input size=\"40\" maxlength=\"400\" class=\"wpcf7-form-control wpcf7-text wpcf7-validates-as-required\" autocomplete=\"name\" aria-required=\"true\" aria-invalid=\"false\" value=\"\" type=\"text\" name=\"your-firstname\" \/><\/span> <\/label>\n<\/div>\n\n<div class=\"col-12 col-lg-6\">\n<label> Vezet\u00e9kn\u00e9v\n    <span class=\"wpcf7-form-control-wrap\" data-name=\"your-lastname\"><input size=\"40\" maxlength=\"400\" class=\"wpcf7-form-control wpcf7-text wpcf7-validates-as-required\" autocomplete=\"name\" aria-required=\"true\" aria-invalid=\"false\" value=\"\" type=\"text\" name=\"your-lastname\" \/><\/span> <\/label>\n<\/div>\n\n<div class=\"col-12 col-lg-6\">\n<label> E-mail\n    <span class=\"wpcf7-form-control-wrap\" data-name=\"your-email\"><input size=\"40\" maxlength=\"400\" class=\"wpcf7-form-control wpcf7-email wpcf7-validates-as-required wpcf7-text wpcf7-validates-as-email\" autocomplete=\"email\" aria-required=\"true\" aria-invalid=\"false\" value=\"\" type=\"email\" name=\"your-email\" \/><\/span> <\/label>\n<\/div>\n\n<div class=\"col-12 col-lg-6\">\n<label> Telefonsz\u00e1m\n    <span class=\"wpcf7-form-control-wrap\" data-name=\"your-telephone\"><input size=\"40\" maxlength=\"400\" class=\"wpcf7-form-control wpcf7-tel wpcf7-validates-as-required wpcf7-text wpcf7-validates-as-tel\" aria-required=\"true\" aria-invalid=\"false\" value=\"\" type=\"tel\" name=\"your-telephone\" \/><\/span> <\/label>\n<\/div>\n\n<div class=\"col-12 col-lg-12\">\n<label> C\u00e9gn\u00e9v\n    <span class=\"wpcf7-form-control-wrap\" data-name=\"your-subject\"><input size=\"40\" maxlength=\"400\" class=\"wpcf7-form-control wpcf7-text wpcf7-validates-as-required\" aria-required=\"true\" aria-invalid=\"false\" value=\"\" type=\"text\" name=\"your-subject\" \/><\/span> <\/label>\n<\/div>\n\n<div class=\"col-12 col-lg-12\">\n<label> \u00dczlett\u00edpus\n    <span class=\"wpcf7-form-control-wrap\" data-name=\"select-310\"><select class=\"wpcf7-form-control wpcf7-select\" aria-invalid=\"false\" name=\"select-310\"><option value=\"\">V\u00e1lassza ki az \u00fczlett\u00edpust<\/option><option value=\"\u00c9tterem &amp; Gyors\u00e9tterem\">\u00c9tterem &amp; Gyors\u00e9tterem<\/option><option value=\"Hotel &amp; \u00dcd\u00fcl\u0151hely\">Hotel &amp; \u00dcd\u00fcl\u0151hely<\/option><option value=\"Spa &amp; Wellness\">Spa &amp; Wellness<\/option><\/select><\/span> <\/label>\n<\/div>\n\n<div class=\"col-12 col-lg-12\">\n<label> V\u00e1ros\n    <span class=\"wpcf7-form-control-wrap\" data-name=\"text-776\"><input size=\"40\" maxlength=\"150\" minlength=\"1\" class=\"wpcf7-form-control wpcf7-text\" aria-invalid=\"false\" value=\"\" type=\"text\" name=\"text-776\" \/><\/span> <\/label>\n<\/div>\n\n\n<div class=\"col-12 col-lg-12\">\n<label> Az \u00fczeneted\n    <span class=\"wpcf7-form-control-wrap\" data-name=\"textarea-16\"><textarea cols=\"40\" rows=\"10\" maxlength=\"2000\" class=\"wpcf7-form-control wpcf7-textarea\" aria-invalid=\"false\" name=\"textarea-16\"><\/textarea><\/span> <\/label>\n<\/div>\n\n<div class=\"col-12\">\n<span class=\"wpcf7-form-control-wrap\" data-name=\"acceptance-244\"><span class=\"wpcf7-form-control wpcf7-acceptance optional\"><span class=\"wpcf7-list-item\"><label><input type=\"checkbox\" name=\"acceptance-244\" value=\"1\" aria-invalid=\"false\" \/><span class=\"wpcf7-list-item-label\">Hozz\u00e1j\u00e1rulok ahhoz, hogy a v\u00e1llalat t\u00e1rolja \u00e9s feldolgozza az adataimat, hogy term\u00e9kekkel kapcsolatos e-maileket k\u00fcldhessen nekem. <span class=\"checkmark\"><span class=\"icon-check\"><\/span><\/span><\/span><\/label><\/span><\/span><\/span>\n<\/div>\n<div class=\"col-12\">\n<span class=\"wpcf7-form-control-wrap\" data-name=\"acord-date\"><span class=\"wpcf7-form-control wpcf7-acceptance\"><span class=\"wpcf7-list-item\"><label><input type=\"checkbox\" name=\"acord-date\" value=\"1\" class=\"form-control\" id=\"date-acord\" aria-invalid=\"false\" \/><span class=\"wpcf7-list-item-label\">Elfogadom az <a target=\"_blank\" href=\"https:\/\/breeze-pos.com\/hu\/adatvedelmi-iranyelvek\/\">Adatv\u00e9delmi Nyilatkozatot<\/a> \u00e9s az <a target=\"_blank\" href=\"https:\/\/breeze-pos.com\/hu\/altalanos-szerzodesi-feltetelek\/\">\u00c1ltal\u00e1nos Szerz\u0151d\u00e9si Felt\u00e9teleket<\/a>. <span class=\"checkmark\"><span class=\"icon-check\"><\/span><\/span><\/span><\/label><\/span><\/span><\/span>\n<\/div>\n<div class=\"col-12\">\n<input class=\"wpcf7-form-control wpcf7-submit has-spinner\" type=\"submit\" value=\"K\u00fcld\u00e9s\" \/>\n<\/div>\n<\/div><div class=\"wpcf7-response-output\" aria-hidden=\"true\"><\/div>\n<\/form>\n<\/div>\n\n            <\/div>\n                    <\/div>\n\n        <div class=\"cta-btn-container d-flex align-content-center justify-content-center\">\n                    <\/div>\n    <\/div>\n<\/section><\/div>\n<\/div>\n\n\n<div style=\"height:66px;background-color:#0b1120; background-position:top;\" aria-hidden=\"true\" class=\"wp-block-spacer spacer-desktop component component-generic component--spacer light bg-position-top\"><\/div>\n<div style=\"height:30px;background-color:#0b1120; background-position:top;\" aria-hidden=\"true\" class=\"wp-block-spacer spacer-mobile component component-generic component--spacer light bg-position-top\"><\/div><\/div><\/div>\n","protected":false},"excerpt":{"rendered":"","protected":false},"author":1,"featured_media":0,"parent":0,"menu_order":0,"comment_status":"closed","ping_status":"closed","template":"","meta":{"_acf_changed":false,"footnotes":""},"class_list":["post-1849","page","type-page","status-publish","hentry"],"acf":[],"yoast_head":"<!-- This site is optimized with the Yoast SEO plugin v27.2 - https:\/\/yoast.com\/product\/yoast-seo-wordpress\/ -->\n<title>Gyakran ism\u00e9telt k\u00e9rd\u00e9sek - Breeze<\/title>\n<meta name=\"robots\" content=\"index, follow, max-snippet:-1, max-image-preview:large, max-video-preview:-1\" \/>\n<link rel=\"canonical\" href=\"https:\/\/breeze-pos.com\/faq\/\" \/>\n<meta property=\"og:locale\" content=\"hu_HU\" \/>\n<meta property=\"og:type\" content=\"article\" \/>\n<meta property=\"og:title\" content=\"Gyakran ism\u00e9telt k\u00e9rd\u00e9sek - Breeze\" \/>\n<meta property=\"og:url\" content=\"https:\/\/breeze-pos.com\/faq\/\" \/>\n<meta property=\"og:site_name\" content=\"Breeze\" \/>\n<meta property=\"article:modified_time\" content=\"2024-09-29T09:50:10+00:00\" \/>\n<meta property=\"og:image\" content=\"https:\/\/breeze-pos.com\/wp-content\/uploads\/2024\/09\/our-jurney.png\" \/>\n<meta name=\"twitter:card\" content=\"summary_large_image\" \/>\n<script type=\"application\/ld+json\" class=\"yoast-schema-graph\">{\"@context\":\"https:\/\/schema.org\",\"@graph\":[{\"@type\":\"WebPage\",\"@id\":\"https:\/\/breeze-pos.com\/faq\/\",\"url\":\"https:\/\/breeze-pos.com\/faq\/\",\"name\":\"Gyakran ism\u00e9telt k\u00e9rd\u00e9sek - Breeze\",\"isPartOf\":{\"@id\":\"https:\/\/breeze-pos.com\/#website\"},\"primaryImageOfPage\":{\"@id\":\"https:\/\/breeze-pos.com\/faq\/#primaryimage\"},\"image\":{\"@id\":\"https:\/\/breeze-pos.com\/faq\/#primaryimage\"},\"thumbnailUrl\":\"https:\/\/breeze-pos.com\/wp-content\/uploads\/2024\/09\/our-jurney.png\",\"datePublished\":\"2024-09-17T05:14:45+00:00\",\"dateModified\":\"2024-09-29T09:50:10+00:00\",\"breadcrumb\":{\"@id\":\"https:\/\/breeze-pos.com\/faq\/#breadcrumb\"},\"inLanguage\":\"hu\",\"potentialAction\":[{\"@type\":\"ReadAction\",\"target\":[\"https:\/\/breeze-pos.com\/faq\/\"]}]},{\"@type\":\"ImageObject\",\"inLanguage\":\"hu\",\"@id\":\"https:\/\/breeze-pos.com\/faq\/#primaryimage\",\"url\":\"https:\/\/breeze-pos.com\/wp-content\/uploads\/2024\/09\/our-jurney.png\",\"contentUrl\":\"https:\/\/breeze-pos.com\/wp-content\/uploads\/2024\/09\/our-jurney.png\"},{\"@type\":\"BreadcrumbList\",\"@id\":\"https:\/\/breeze-pos.com\/faq\/#breadcrumb\",\"itemListElement\":[{\"@type\":\"ListItem\",\"position\":1,\"name\":\"Home\",\"item\":\"https:\/\/breeze-pos.com\/hu\/\"},{\"@type\":\"ListItem\",\"position\":2,\"name\":\"Gyakran ism\u00e9telt k\u00e9rd\u00e9sek\"}]},{\"@type\":\"WebSite\",\"@id\":\"https:\/\/breeze-pos.com\/#website\",\"url\":\"https:\/\/breeze-pos.com\/\",\"name\":\"Breeze\",\"description\":\"\",\"potentialAction\":[{\"@type\":\"SearchAction\",\"target\":{\"@type\":\"EntryPoint\",\"urlTemplate\":\"https:\/\/breeze-pos.com\/?s={search_term_string}\"},\"query-input\":{\"@type\":\"PropertyValueSpecification\",\"valueRequired\":true,\"valueName\":\"search_term_string\"}}],\"inLanguage\":\"hu\"}]}<\/script>\n<!-- \/ Yoast SEO plugin. -->","yoast_head_json":{"title":"Gyakran ism\u00e9telt k\u00e9rd\u00e9sek - Breeze","robots":{"index":"index","follow":"follow","max-snippet":"max-snippet:-1","max-image-preview":"max-image-preview:large","max-video-preview":"max-video-preview:-1"},"canonical":"https:\/\/breeze-pos.com\/faq\/","og_locale":"hu_HU","og_type":"article","og_title":"Gyakran ism\u00e9telt k\u00e9rd\u00e9sek - Breeze","og_url":"https:\/\/breeze-pos.com\/faq\/","og_site_name":"Breeze","article_modified_time":"2024-09-29T09:50:10+00:00","og_image":[{"url":"https:\/\/breeze-pos.com\/wp-content\/uploads\/2024\/09\/our-jurney.png","type":"","width":"","height":""}],"twitter_card":"summary_large_image","schema":{"@context":"https:\/\/schema.org","@graph":[{"@type":"WebPage","@id":"https:\/\/breeze-pos.com\/faq\/","url":"https:\/\/breeze-pos.com\/faq\/","name":"Gyakran ism\u00e9telt k\u00e9rd\u00e9sek - Breeze","isPartOf":{"@id":"https:\/\/breeze-pos.com\/#website"},"primaryImageOfPage":{"@id":"https:\/\/breeze-pos.com\/faq\/#primaryimage"},"image":{"@id":"https:\/\/breeze-pos.com\/faq\/#primaryimage"},"thumbnailUrl":"https:\/\/breeze-pos.com\/wp-content\/uploads\/2024\/09\/our-jurney.png","datePublished":"2024-09-17T05:14:45+00:00","dateModified":"2024-09-29T09:50:10+00:00","breadcrumb":{"@id":"https:\/\/breeze-pos.com\/faq\/#breadcrumb"},"inLanguage":"hu","potentialAction":[{"@type":"ReadAction","target":["https:\/\/breeze-pos.com\/faq\/"]}]},{"@type":"ImageObject","inLanguage":"hu","@id":"https:\/\/breeze-pos.com\/faq\/#primaryimage","url":"https:\/\/breeze-pos.com\/wp-content\/uploads\/2024\/09\/our-jurney.png","contentUrl":"https:\/\/breeze-pos.com\/wp-content\/uploads\/2024\/09\/our-jurney.png"},{"@type":"BreadcrumbList","@id":"https:\/\/breeze-pos.com\/faq\/#breadcrumb","itemListElement":[{"@type":"ListItem","position":1,"name":"Home","item":"https:\/\/breeze-pos.com\/hu\/"},{"@type":"ListItem","position":2,"name":"Gyakran ism\u00e9telt k\u00e9rd\u00e9sek"}]},{"@type":"WebSite","@id":"https:\/\/breeze-pos.com\/#website","url":"https:\/\/breeze-pos.com\/","name":"Breeze","description":"","potentialAction":[{"@type":"SearchAction","target":{"@type":"EntryPoint","urlTemplate":"https:\/\/breeze-pos.com\/?s={search_term_string}"},"query-input":{"@type":"PropertyValueSpecification","valueRequired":true,"valueName":"search_term_string"}}],"inLanguage":"hu"}]}},"_links":{"self":[{"href":"https:\/\/breeze-pos.com\/hu\/wp-json\/wp\/v2\/pages\/1849","targetHints":{"allow":["GET"]}}],"collection":[{"href":"https:\/\/breeze-pos.com\/hu\/wp-json\/wp\/v2\/pages"}],"about":[{"href":"https:\/\/breeze-pos.com\/hu\/wp-json\/wp\/v2\/types\/page"}],"author":[{"embeddable":true,"href":"https:\/\/breeze-pos.com\/hu\/wp-json\/wp\/v2\/users\/1"}],"replies":[{"embeddable":true,"href":"https:\/\/breeze-pos.com\/hu\/wp-json\/wp\/v2\/comments?post=1849"}],"version-history":[{"count":6,"href":"https:\/\/breeze-pos.com\/hu\/wp-json\/wp\/v2\/pages\/1849\/revisions"}],"predecessor-version":[{"id":2039,"href":"https:\/\/breeze-pos.com\/hu\/wp-json\/wp\/v2\/pages\/1849\/revisions\/2039"}],"wp:attachment":[{"href":"https:\/\/breeze-pos.com\/hu\/wp-json\/wp\/v2\/media?parent=1849"}],"curies":[{"name":"wp","href":"https:\/\/api.w.org\/{rel}","templated":true}]}}