{"id":2138,"date":"2024-08-20T12:55:57","date_gmt":"2024-08-20T12:55:57","guid":{"rendered":"https:\/\/breeze.websenior.ro\/terms-and-conditions\/"},"modified":"2024-09-30T08:07:53","modified_gmt":"2024-09-30T08:07:53","slug":"altalanos-szerzodesi-feltetelek","status":"publish","type":"page","link":"https:\/\/breeze-pos.com\/hu\/altalanos-szerzodesi-feltetelek\/","title":{"rendered":"\u00c1ltal\u00e1nos Szerz\u0151d\u00e9si Felt\u00e9telek"},"content":{"rendered":"\n<div class=\"wp-block-group container\"><div class=\"wp-block-group__inner-container is-layout-constrained wp-block-group-is-layout-constrained\"><div style=\"height:50px;background-color:#ffffff; background-position:top;\" aria-hidden=\"true\" class=\"wp-block-spacer spacer-desktop component component-generic component--spacer light bg-position-top\"><\/div>\n<div style=\"height:30px;background-color:#ffffff; background-position:top;\" aria-hidden=\"true\" class=\"wp-block-spacer spacer-mobile component component-generic component--spacer light bg-position-top\"><\/div>\n\n\n<p>Ez a weboldal a SC BIT SOFT SRL tulajdon\u00e1ban van, \u00e9s \u00e1ltal\u00e1nos inform\u00e1ci\u00f3kat ny\u00fajt a c\u00e9gr\u0151l, term\u00e9keir\u0151l \u00e9s szolg\u00e1ltat\u00e1sair\u00f3l. Az internetes weboldalhoz (a tov\u00e1bbiakban: \u201eweboldal\u201d) val\u00f3 hozz\u00e1f\u00e9r\u00e9s, valamint annak haszn\u00e1lata a hat\u00e1lyos jogszab\u00e1lyok \u00e9s a k\u00f6vetkez\u0151 felt\u00e9telek \u00e9s kik\u00f6t\u00e9sek \u00e1ltal szab\u00e1lyozott. Az weboldal b\u00e1rmilyen m\u00f3don t\u00f6rt\u00e9n\u0151 hozz\u00e1f\u00e9r\u00e9s\u00e9vel, l\u00e1togat\u00e1s\u00e1val vagy haszn\u00e1lat\u00e1val teljes m\u00e9rt\u00e9kben \u00e9s felt\u00e9tel n\u00e9lk\u00fcl egyet\u00e9rtesz a megadott felt\u00e9telekkel \u00e9s kik\u00f6t\u00e9sekkel, \u00e9s az weboldalon tal\u00e1lhat\u00f3 inform\u00e1ci\u00f3kat e felt\u00e9telek \u00e9s kik\u00f6t\u00e9sek keretein bel\u00fcl, saj\u00e1t felel\u0151ss\u00e9gedre haszn\u00e1lod. E felt\u00e9telek \u00e9s kik\u00f6t\u00e9sek elfogad\u00e1s\u00e1nak hi\u00e1nya a felhaszn\u00e1l\u00f3 k\u00f6telezetts\u00e9g\u00e9t vonja maga ut\u00e1n, hogy azonnal megsz\u00fcntesse a weboldalhoz val\u00f3 hozz\u00e1f\u00e9r\u00e9st. A weboldal ingyenesen el\u00e9rhet\u0151. A weboldal c\u00e9lja az inform\u00e1l\u00e1s, hogy a felhaszn\u00e1l\u00f3k a lehet\u0151 legk\u00f6nnyebben, struktur\u00e1ltan \u00e9s gyorsan megtal\u00e1lj\u00e1k a sz\u00fcks\u00e9ges inform\u00e1ci\u00f3kat.<\/p>\n\n\n\n<p>Szellemi tulajdonjogok A weboldalon tal\u00e1lhat\u00f3 szerz\u0151i jogok a S.C. BIT SOFT SRL-t illetik, a tov\u00e1bbiakban \u201eTulajdonos\u201d, \u00e9s a rom\u00e1n \u00e9s nemzetk\u00f6zi jogszab\u00e1lyok v\u00e9delme alatt \u00e1llnak. Minden jog fenntartva. A weboldal tartalma (sz\u00f6vegek, szkriptek, k\u00e9pek, grafikai elemek, webgrafika, adatb\u00e1zisok \u00e9s egy\u00e9b adatok) a tulajdonos tulajdona. B\u00e1rmilyen kereskedelmi c\u00e9l\u00fa felhaszn\u00e1l\u00e1s, bele\u00e9rtve, de nem korl\u00e1toz\u00f3dva a reprodukci\u00f3ra vagy terjeszt\u00e9sre, m\u00e1sol\u00e1sra, f\u00e1jlok let\u00f6lt\u00e9s\u00e9re b\u00e1rmilyen h\u00e1l\u00f3zaton, \u00edr\u00e1sbeli enged\u00e9ly n\u00e9lk\u00fcl szigor\u00faan tilos. Ez a weboldal tartalmazhat olyan dokumentumokat, k\u00e9peket, inform\u00e1ci\u00f3kat vagy egy\u00e9b anyagokat, amelyek nem a tulajdonos tulajdon\u00e1ban \u00e1llnak, mint p\u00e9ld\u00e1ul f\u00e9nyk\u00e9pek, klipartok, vagy harmadik felek nevei, embl\u00e9m\u00e1i, log\u00f3i \u00e9s egy\u00e9b v\u00e9djegyei, amelyek a megfelel\u0151 felek tulajdon\u00e1ban vannak.<\/p>\n\n\n\n<p>Felel\u0151ss\u00e9g kiz\u00e1r\u00e1sa A weboldalon tal\u00e1lhat\u00f3 anyagok \u00e9s inform\u00e1ci\u00f3k \u00e1ltal\u00e1nos t\u00e1j\u00e9koztat\u00e1s c\u00e9lj\u00e1b\u00f3l ker\u00fcltek k\u00f6zz\u00e9t\u00e9telre. A tulajdonos nem v\u00e1llal felel\u0151ss\u00e9get, \u00e9s nem garant\u00e1lja sem k\u00f6zvetlen\u00fcl, sem k\u00f6zvetve a weboldal b\u00e1rmilyen t\u00edpus\u00fa tartalm\u00e1t, nem garant\u00e1lja semmilyen form\u00e1ban az inform\u00e1ci\u00f3k vagy a weboldalon tal\u00e1lhat\u00f3 anyagok (t\u00e9nybeli, tipogr\u00e1fiai \u00e9s technikai hib\u00e1k bele\u00e9rtve) pontoss\u00e1g\u00e1t, aktualit\u00e1s\u00e1t vagy teljess\u00e9g\u00e9t, nem garant\u00e1lja, hogy harmadik felek szellemi tulajdonjogai v\u00e9delme alatt \u00e1ll\u00f3 b\u00e1rmilyen v\u00e9djegy, alkot\u00e1s vagy anyag rendelkez\u00e9sre \u00e1ll, nem garant\u00e1lja b\u00e1rmilyen v\u00edrus jelenl\u00e9t\u00e9t vagy hi\u00e1ny\u00e1t, amelyeket harmadik felek hozz\u00e1adhatnak ehhez a weboldalhoz an\u00e9lk\u00fcl, hogy a tulajdonos tudom\u00e1s\u00e1ra jutna vagy beleegyezne, b\u00e1rmilyen szoftver, amely let\u00f6lthet\u0151, m\u00e1solhat\u00f3 vagy b\u00e1rmilyen m\u00f3don haszn\u00e1lhat\u00f3 ezen a weboldalon, vagy a weboldal tartalm\u00e1nak teljes vagy r\u00e9szleges hasznoss\u00e1g\u00e1t. A weboldal b\u00e1rmilyen m\u00f3don t\u00f6rt\u00e9n\u0151 hozz\u00e1f\u00e9r\u00e9s\u00e9vel, l\u00e1togat\u00e1s\u00e1val vagy haszn\u00e1lat\u00e1val egyet\u00e9rtesz azzal, hogy nem tartod felel\u0151snek a tulajdonost, \u00e9s sem a weboldal l\u00e9trehoz\u00e1s\u00e1ban, el\u0151\u00e1ll\u00edt\u00e1s\u00e1ban vagy sz\u00e1ll\u00edt\u00e1s\u00e1ban r\u00e9szt vev\u0151 harmadik feleket a weboldalon tal\u00e1lhat\u00f3 inform\u00e1ci\u00f3k alapj\u00e1n hozott int\u00e9zked\u00e9sek k\u00f6vetkezm\u00e9nyei\u00e9rt. A tulajdonos nem vonhat\u00f3 felel\u0151ss\u00e9gre a weboldal tartalm\u00e1ban tal\u00e1lhat\u00f3 inform\u00e1ci\u00f3k \u00e9s adatok vonatkoz\u00e1s\u00e1ban, bele\u00e9rtve, de nem korl\u00e1toz\u00f3dva a sz\u00f6vegekre, k\u00e9pekre vagy ezek haszn\u00e1lat\u00e1val kapcsolatos egy\u00e9b tev\u00e9kenys\u00e9gekre, \u00e9s semmilyen m\u00e1s jogi k\u00f6vetkezm\u00e9ny\u00e9rt, amely ezekb\u0151l sz\u00e1rmazik.<\/p>\n\n\n\n<p>Linkek Ez a weboldal linkeket tartalmazhat m\u00e1s weboldalakra, amelyeket nem a tulajdonos \u00fczemeltet vagy ellen\u0151riz. A tulajdonos nem v\u00e1llal felel\u0151ss\u00e9get a linkelt weboldalak tartalm\u00e1\u00e9rt, funkcionalit\u00e1s\u00e1\u00e9rt \u00e9s\/vagy politik\u00e1ik\u00e9rt, \u00e9s semmilyen k\u00e1r\u00e9rt, amely a linkek haszn\u00e1lat\u00e1b\u00f3l eredhet. A weboldalra mutat\u00f3 link jelenl\u00e9te nem tekinthet\u0151 a tulajdonos j\u00f3v\u00e1hagy\u00e1s\u00e1nak vagy aj\u00e1nl\u00e1s\u00e1nak a linkelt weboldal tulajdonos\u00e1val kapcsolatban, \u00e9s semmilyen aj\u00e1nl\u00e1s vagy j\u00f3v\u00e1hagy\u00e1s nem \u00e9rkezhet a weboldal tulajdonos\u00e1t\u00f3l az adminisztr\u00e1tor fel\u00e9. Tilos b\u00e1rmilyen technika alkalmaz\u00e1sa a tulajdonos log\u00f3j\u00e1nak, v\u00e9djegy\u00e9nek vagy b\u00e1rmilyen inform\u00e1ci\u00f3j\u00e1nak (bele\u00e9rtve a log\u00f3t, embl\u00e9m\u00e1t, sz\u00f6veget, az oldalak form\u00e1j\u00e1t vagy diz\u00e1jnj\u00e1t stb.) a tulajdonos kifejezett, \u00edr\u00e1sbeli hozz\u00e1j\u00e1rul\u00e1sa n\u00e9lk\u00fcl t\u00f6rt\u00e9n\u0151 beilleszt\u00e9s\u00e9re.<\/p>\n\n\n\n<p>Online kommunik\u00e1ci\u00f3 A tulajdonos nem garant\u00e1lja, hogy a weboldalon kereszt\u00fcl elk\u00fcld\u00f6tt \u00fczenet \u00fagy lesz fogadva, ahogyan azt elk\u00fcldt\u00e9k, vagy hogy az \u00fczenet tartalm\u00e1t bizalmasan kezelik az interneten t\u00f6rt\u00e9n\u0151 tov\u00e1bb\u00edt\u00e1suk sor\u00e1n, \u00e9s\/vagy hogy m\u00f3dos\u00edtatlanul vagy megv\u00e1ltozatlanul \u00e9rkeznek meg. A tulajdonos \u00e1ltal ny\u00fajtott er\u0151forr\u00e1sokhoz val\u00f3 hozz\u00e1f\u00e9r\u00e9st \u00e9s a kapcsolatfelv\u00e9teli \u0171rlapok kit\u00f6lt\u00e9s\u00e9t k\u00f6vet\u0151en a felhaszn\u00e1l\u00f3k hozz\u00e1j\u00e1rulnak ahhoz, hogy \u00e9rtes\u00edt\u00e9seket kapjanak a tulajdonost\u00f3l: term\u00e9kekr\u0151l sz\u00f3l\u00f3 t\u00e1j\u00e9koztat\u00f3k, \u00fajdons\u00e1gok \u00e9s marketing- \u00e9s hirdet\u00e9si \u00fczenetek. A felhaszn\u00e1l\u00f3k leiratkozhatnak, ha r\u00e1kattintanak a tulajdonos \u00e1ltal k\u00fcld\u00f6tt \u00e9rtes\u00edt\u00e9sekben tal\u00e1lhat\u00f3 leiratkoz\u00f3 linkre.<\/p>\n\n\n\n<p>Adatv\u00e9delmi politika A felhaszn\u00e1l\u00f3k \u00e1ltal megadott \u00f6sszes inform\u00e1ci\u00f3 bizalmas \u00e9s titkos marad. A tulajdonos ezeket az inform\u00e1ci\u00f3kat csak t\u00e1j\u00e9koztat\u00e1si, marketing \u00e9s hirdet\u00e9si, valamint elektronikus kommunik\u00e1ci\u00f3s c\u00e9lokra haszn\u00e1lja fel, \u00e9s nem haszn\u00e1lja a felhaszn\u00e1l\u00f3k e-mail c\u00edm\u00e9t k\u00e9retlen \u00fczenetek (spam) k\u00fcld\u00e9s\u00e9re. A tulajdonos fenntartja a jogot, hogy b\u00e1rmikor m\u00f3dos\u00edtsa a weboldal felt\u00e9teleit, kik\u00f6t\u00e9seit \u00e9s haszn\u00e1lati politik\u00e1j\u00e1t, el\u0151zetes \u00e9rtes\u00edt\u00e9s n\u00e9lk\u00fcl. Ha b\u00e1rmilyen k\u00e9rd\u00e9se van a haszn\u00e1lati felt\u00e9telekkel kapcsolatban, k\u00e9rj\u00fck, l\u00e9pjen kapcsolatba vel\u00fcnk a k\u00f6vetkez\u0151 telefonon: +40 21 242 69 18 vagy e-mailben az office@bit-soft.ro c\u00edmre.<\/p>\n\n\n<div style=\"height:50px;background-color:#ffffff; background-position:top;\" aria-hidden=\"true\" class=\"wp-block-spacer spacer-desktop component component-generic component--spacer light bg-position-top\"><\/div>\n<div style=\"height:30px;background-color:#ffffff; background-position:top;\" aria-hidden=\"true\" class=\"wp-block-spacer spacer-mobile component component-generic component--spacer light bg-position-top\"><\/div><\/div><\/div>\n","protected":false},"excerpt":{"rendered":"<p>Ez a weboldal a SC BIT SOFT SRL tulajdon\u00e1ban van, \u00e9s \u00e1ltal\u00e1nos inform\u00e1ci\u00f3kat ny\u00fajt a c\u00e9gr\u0151l, term\u00e9keir\u0151l \u00e9s szolg\u00e1ltat\u00e1sair\u00f3l. Az internetes weboldalhoz (a tov\u00e1bbiakban: \u201eweboldal\u201d) val\u00f3 hozz\u00e1f\u00e9r\u00e9s, valamint annak haszn\u00e1lata a hat\u00e1lyos jogszab\u00e1lyok \u00e9s a k\u00f6vetkez\u0151 felt\u00e9telek \u00e9s kik\u00f6t\u00e9sek \u00e1ltal szab\u00e1lyozott. Az weboldal b\u00e1rmilyen m\u00f3don t\u00f6rt\u00e9n\u0151 hozz\u00e1f\u00e9r\u00e9s\u00e9vel, l\u00e1togat\u00e1s\u00e1val vagy haszn\u00e1lat\u00e1val teljes m\u00e9rt\u00e9kben \u00e9s felt\u00e9tel n\u00e9lk\u00fcl [&hellip;]<\/p>\n","protected":false},"author":1,"featured_media":0,"parent":0,"menu_order":0,"comment_status":"closed","ping_status":"closed","template":"","meta":{"_acf_changed":false,"footnotes":""},"class_list":["post-2138","page","type-page","status-publish","hentry"],"acf":[],"yoast_head":"<!-- This site is optimized with the Yoast SEO plugin v27.2 - https:\/\/yoast.com\/product\/yoast-seo-wordpress\/ -->\n<title>\u00c1ltal\u00e1nos Szerz\u0151d\u00e9si Felt\u00e9telek - Breeze<\/title>\n<meta name=\"robots\" content=\"index, follow, max-snippet:-1, max-image-preview:large, max-video-preview:-1\" \/>\n<link rel=\"canonical\" href=\"https:\/\/breeze-pos.com\/terms-and-conditions\/\" \/>\n<meta property=\"og:locale\" content=\"hu_HU\" \/>\n<meta property=\"og:type\" content=\"article\" \/>\n<meta property=\"og:title\" content=\"\u00c1ltal\u00e1nos Szerz\u0151d\u00e9si Felt\u00e9telek - Breeze\" \/>\n<meta property=\"og:description\" content=\"Ez a weboldal a SC BIT SOFT SRL tulajdon\u00e1ban van, \u00e9s \u00e1ltal\u00e1nos inform\u00e1ci\u00f3kat ny\u00fajt a c\u00e9gr\u0151l, term\u00e9keir\u0151l \u00e9s szolg\u00e1ltat\u00e1sair\u00f3l. Az internetes weboldalhoz (a tov\u00e1bbiakban: \u201eweboldal\u201d) val\u00f3 hozz\u00e1f\u00e9r\u00e9s, valamint annak haszn\u00e1lata a hat\u00e1lyos jogszab\u00e1lyok \u00e9s a k\u00f6vetkez\u0151 felt\u00e9telek \u00e9s kik\u00f6t\u00e9sek \u00e1ltal szab\u00e1lyozott. Az weboldal b\u00e1rmilyen m\u00f3don t\u00f6rt\u00e9n\u0151 hozz\u00e1f\u00e9r\u00e9s\u00e9vel, l\u00e1togat\u00e1s\u00e1val vagy haszn\u00e1lat\u00e1val teljes m\u00e9rt\u00e9kben \u00e9s felt\u00e9tel n\u00e9lk\u00fcl [&hellip;]\" \/>\n<meta property=\"og:url\" content=\"https:\/\/breeze-pos.com\/terms-and-conditions\/\" \/>\n<meta property=\"og:site_name\" content=\"Breeze\" \/>\n<meta property=\"article:modified_time\" content=\"2024-09-30T08:07:53+00:00\" \/>\n<meta name=\"twitter:card\" content=\"summary_large_image\" \/>\n<meta name=\"twitter:label1\" content=\"Becs\u00fclt olvas\u00e1si id\u0151\" \/>\n\t<meta name=\"twitter:data1\" content=\"5 perc\" \/>\n<script type=\"application\/ld+json\" class=\"yoast-schema-graph\">{\"@context\":\"https:\/\/schema.org\",\"@graph\":[{\"@type\":\"WebPage\",\"@id\":\"https:\/\/breeze-pos.com\/terms-and-conditions\/\",\"url\":\"https:\/\/breeze-pos.com\/terms-and-conditions\/\",\"name\":\"\u00c1ltal\u00e1nos Szerz\u0151d\u00e9si Felt\u00e9telek - Breeze\",\"isPartOf\":{\"@id\":\"https:\/\/breeze-pos.com\/#website\"},\"datePublished\":\"2024-08-20T12:55:57+00:00\",\"dateModified\":\"2024-09-30T08:07:53+00:00\",\"breadcrumb\":{\"@id\":\"https:\/\/breeze-pos.com\/terms-and-conditions\/#breadcrumb\"},\"inLanguage\":\"hu\",\"potentialAction\":[{\"@type\":\"ReadAction\",\"target\":[\"https:\/\/breeze-pos.com\/terms-and-conditions\/\"]}]},{\"@type\":\"BreadcrumbList\",\"@id\":\"https:\/\/breeze-pos.com\/terms-and-conditions\/#breadcrumb\",\"itemListElement\":[{\"@type\":\"ListItem\",\"position\":1,\"name\":\"Home\",\"item\":\"https:\/\/breeze-pos.com\/hu\/\"},{\"@type\":\"ListItem\",\"position\":2,\"name\":\"\u00c1ltal\u00e1nos Szerz\u0151d\u00e9si Felt\u00e9telek\"}]},{\"@type\":\"WebSite\",\"@id\":\"https:\/\/breeze-pos.com\/#website\",\"url\":\"https:\/\/breeze-pos.com\/\",\"name\":\"Breeze\",\"description\":\"\",\"potentialAction\":[{\"@type\":\"SearchAction\",\"target\":{\"@type\":\"EntryPoint\",\"urlTemplate\":\"https:\/\/breeze-pos.com\/?s={search_term_string}\"},\"query-input\":{\"@type\":\"PropertyValueSpecification\",\"valueRequired\":true,\"valueName\":\"search_term_string\"}}],\"inLanguage\":\"hu\"}]}<\/script>\n<!-- \/ Yoast SEO plugin. -->","yoast_head_json":{"title":"\u00c1ltal\u00e1nos Szerz\u0151d\u00e9si Felt\u00e9telek - Breeze","robots":{"index":"index","follow":"follow","max-snippet":"max-snippet:-1","max-image-preview":"max-image-preview:large","max-video-preview":"max-video-preview:-1"},"canonical":"https:\/\/breeze-pos.com\/terms-and-conditions\/","og_locale":"hu_HU","og_type":"article","og_title":"\u00c1ltal\u00e1nos Szerz\u0151d\u00e9si Felt\u00e9telek - Breeze","og_description":"Ez a weboldal a SC BIT SOFT SRL tulajdon\u00e1ban van, \u00e9s \u00e1ltal\u00e1nos inform\u00e1ci\u00f3kat ny\u00fajt a c\u00e9gr\u0151l, term\u00e9keir\u0151l \u00e9s szolg\u00e1ltat\u00e1sair\u00f3l. Az internetes weboldalhoz (a tov\u00e1bbiakban: \u201eweboldal\u201d) val\u00f3 hozz\u00e1f\u00e9r\u00e9s, valamint annak haszn\u00e1lata a hat\u00e1lyos jogszab\u00e1lyok \u00e9s a k\u00f6vetkez\u0151 felt\u00e9telek \u00e9s kik\u00f6t\u00e9sek \u00e1ltal szab\u00e1lyozott. Az weboldal b\u00e1rmilyen m\u00f3don t\u00f6rt\u00e9n\u0151 hozz\u00e1f\u00e9r\u00e9s\u00e9vel, l\u00e1togat\u00e1s\u00e1val vagy haszn\u00e1lat\u00e1val teljes m\u00e9rt\u00e9kben \u00e9s felt\u00e9tel n\u00e9lk\u00fcl [&hellip;]","og_url":"https:\/\/breeze-pos.com\/terms-and-conditions\/","og_site_name":"Breeze","article_modified_time":"2024-09-30T08:07:53+00:00","twitter_card":"summary_large_image","twitter_misc":{"Becs\u00fclt olvas\u00e1si id\u0151":"5 perc"},"schema":{"@context":"https:\/\/schema.org","@graph":[{"@type":"WebPage","@id":"https:\/\/breeze-pos.com\/terms-and-conditions\/","url":"https:\/\/breeze-pos.com\/terms-and-conditions\/","name":"\u00c1ltal\u00e1nos Szerz\u0151d\u00e9si Felt\u00e9telek - Breeze","isPartOf":{"@id":"https:\/\/breeze-pos.com\/#website"},"datePublished":"2024-08-20T12:55:57+00:00","dateModified":"2024-09-30T08:07:53+00:00","breadcrumb":{"@id":"https:\/\/breeze-pos.com\/terms-and-conditions\/#breadcrumb"},"inLanguage":"hu","potentialAction":[{"@type":"ReadAction","target":["https:\/\/breeze-pos.com\/terms-and-conditions\/"]}]},{"@type":"BreadcrumbList","@id":"https:\/\/breeze-pos.com\/terms-and-conditions\/#breadcrumb","itemListElement":[{"@type":"ListItem","position":1,"name":"Home","item":"https:\/\/breeze-pos.com\/hu\/"},{"@type":"ListItem","position":2,"name":"\u00c1ltal\u00e1nos Szerz\u0151d\u00e9si Felt\u00e9telek"}]},{"@type":"WebSite","@id":"https:\/\/breeze-pos.com\/#website","url":"https:\/\/breeze-pos.com\/","name":"Breeze","description":"","potentialAction":[{"@type":"SearchAction","target":{"@type":"EntryPoint","urlTemplate":"https:\/\/breeze-pos.com\/?s={search_term_string}"},"query-input":{"@type":"PropertyValueSpecification","valueRequired":true,"valueName":"search_term_string"}}],"inLanguage":"hu"}]}},"_links":{"self":[{"href":"https:\/\/breeze-pos.com\/hu\/wp-json\/wp\/v2\/pages\/2138","targetHints":{"allow":["GET"]}}],"collection":[{"href":"https:\/\/breeze-pos.com\/hu\/wp-json\/wp\/v2\/pages"}],"about":[{"href":"https:\/\/breeze-pos.com\/hu\/wp-json\/wp\/v2\/types\/page"}],"author":[{"embeddable":true,"href":"https:\/\/breeze-pos.com\/hu\/wp-json\/wp\/v2\/users\/1"}],"replies":[{"embeddable":true,"href":"https:\/\/breeze-pos.com\/hu\/wp-json\/wp\/v2\/comments?post=2138"}],"version-history":[{"count":2,"href":"https:\/\/breeze-pos.com\/hu\/wp-json\/wp\/v2\/pages\/2138\/revisions"}],"predecessor-version":[{"id":2140,"href":"https:\/\/breeze-pos.com\/hu\/wp-json\/wp\/v2\/pages\/2138\/revisions\/2140"}],"wp:attachment":[{"href":"https:\/\/breeze-pos.com\/hu\/wp-json\/wp\/v2\/media?parent=2138"}],"curies":[{"name":"wp","href":"https:\/\/api.w.org\/{rel}","templated":true}]}}