{"id":4000,"date":"2026-02-18T07:05:38","date_gmt":"2026-02-18T07:05:38","guid":{"rendered":"https:\/\/breeze-pos.com\/?page_id=4000"},"modified":"2026-02-18T07:08:48","modified_gmt":"2026-02-18T07:08:48","slug":"esettanulmanyok","status":"publish","type":"page","link":"https:\/\/breeze-pos.com\/hu\/esettanulmanyok\/","title":{"rendered":"Esettanulm\u00e1nyok"},"content":{"rendered":"<div style=\"height:50px;background-color:#ffffff; background-position:top;\" aria-hidden=\"true\" class=\"wp-block-spacer spacer-desktop component component-generic component--spacer light bg-position-top\"><\/div>\n<div style=\"height:30px;background-color:#ffffff; background-position:top;\" aria-hidden=\"true\" class=\"wp-block-spacer spacer-mobile component component-generic component--spacer light bg-position-top\"><\/div>\n\n\n<section class=\"component component-generic component--blog light bg-position-top\" style=\"background-color:#ffffff; \">\n    <div class=\"container pb-0 pb-md-4\">\n        \n        \n            <\/div>\n\n    <div class=\"container blog-area mb-0 mb-md-5\">\n                    <div class=\"blog-articles row row-cols-auto row-cols-md-2 row-cols-lg-3 pb-3 pb-md-4\">\n                            <div class=\"col-12\">\n                    <div class=\"inner-articles mb-5\">\n                                                <div class=\"featured-image relative\">\n                            <div class=\"lds-ripple\"><div><\/div><div><\/div><\/div>\n                            <a href=\"https:\/\/breeze-pos.com\/hu\/a-city-grill-group-100-millio-euro-fele-skalazodik-egy\/\" class=\"thumb-a\">\n                                <img loading=\"lazy\" decoding=\"async\" src=\"https:\/\/breeze-pos.com\/wp-content\/uploads\/2026\/03\/Cover-CityGrill-409x250.jpg\" alt=\"A City Grill Group 100 milli\u00f3 eur\u00f3 fel\u00e9 sk\u00e1l\u00e1z\u00f3dik egy teljesen integr\u00e1lt, Breeze-re \u00e9p\u00fcl\u0151 digit\u00e1lis \u00f6kosziszt\u00e9m\u00e1val\" width=\"409\" height=\"250\" class=\"relative featured-image-src\">\n                            <\/a>\n                        <\/div>\n\n                        <div class=\"readtime mt-3\"><a class=\"category-post\" href=\"https:\/\/breeze-pos.com\/hu\/category\/esettanulmany\/\">Esettanulm\u00e1ny<\/a><span class=\"span-reading-time art-r-time-reading-time\"><span class=\"art-r-time-label art-r-time-prefix\"><\/span> <span class=\"art-r-time-time\"> 7<\/span> <span class=\"art-r-time-label art-r-time-postfix\"> min<\/span><\/span><\/div>\n\n                        <div class=\"article-title fs-24 fw-700 mt-3 mb-3\"><a href=\"https:\/\/breeze-pos.com\/hu\/a-city-grill-group-100-millio-euro-fele-skalazodik-egy\/\">A City Grill Group 100 milli\u00f3 eur\u00f3 fel\u00e9 sk\u00e1l\u00e1z\u00f3dik egy teljesen integr\u00e1lt, Breeze-re \u00e9p\u00fcl\u0151 digit\u00e1lis \u00f6kosziszt\u00e9m\u00e1val<\/a><\/div>\n\n                        <div class=\"post-excerpt\"><p>A HoReCa szektor n\u00f6veked\u00e9se egy kev\u00e9sb\u00e9 l\u00e1that\u00f3 kih\u00edv\u00e1ssal j\u00e1r: az operat\u00edv komplexit\u00e1ssal. Ahogy&#8230;<\/p><\/div>\n\n                                            <\/div>\n                <\/div>\n\t\t\t\t                <div class=\"col-12\">\n                    <div class=\"inner-articles mb-5\">\n                                                <div class=\"featured-image relative\">\n                            <div class=\"lds-ripple\"><div><\/div><div><\/div><\/div>\n                            <a href=\"https:\/\/breeze-pos.com\/hu\/how-danubius-hotel-increased-room-service-revenue-by-over-200-through-digital-transformation\/\" class=\"thumb-a\">\n                                <img loading=\"lazy\" decoding=\"async\" src=\"https:\/\/breeze-pos.com\/wp-content\/uploads\/2026\/03\/Danubius-Final-409x250.jpg\" alt=\"Hogyan n\u00f6velte a Danubius Hotel t\u00f6bb mint 200%-kal a room service bev\u00e9tel\u00e9t digit\u00e1lis transzform\u00e1ci\u00f3val\" width=\"409\" height=\"250\" class=\"relative featured-image-src\">\n                            <\/a>\n                        <\/div>\n\n                        <div class=\"readtime mt-3\"><a class=\"category-post\" href=\"https:\/\/breeze-pos.com\/hu\/category\/case-study-hu\/\">Case Study<\/a><span class=\"span-reading-time art-r-time-reading-time\"><span class=\"art-r-time-label art-r-time-prefix\"><\/span> <span class=\"art-r-time-time\"> 6<\/span> <span class=\"art-r-time-label art-r-time-postfix\"> min<\/span><\/span><\/div>\n\n                        <div class=\"article-title fs-24 fw-700 mt-3 mb-3\"><a href=\"https:\/\/breeze-pos.com\/hu\/how-danubius-hotel-increased-room-service-revenue-by-over-200-through-digital-transformation\/\">Hogyan n\u00f6velte a Danubius Hotel t\u00f6bb mint 200%-kal a room service bev\u00e9tel\u00e9t digit\u00e1lis transzform\u00e1ci\u00f3val<\/a><\/div>\n\n                        <div class=\"post-excerpt\"><p>A Danubius Hotels Group Magyarorsz\u00e1g egyik leg\u00f6sszetettebb sz\u00e1llodai portf\u00f3li\u00f3j\u00e1t \u00fczemelteti. A 17 sz\u00e1llod\u00e1b\u00f3l&#8230;<\/p><\/div>\n\n                                            <\/div>\n                <\/div>\n\t\t\t\t                <div class=\"col-12\">\n                    <div class=\"inner-articles mb-5\">\n                                                <div class=\"featured-image relative\">\n                            <div class=\"lds-ripple\"><div><\/div><div><\/div><\/div>\n                            <a href=\"https:\/\/breeze-pos.com\/hu\/hogyan-epitette-ujja-a-subway-france-a-lojalitasi-programjat-es-hogyan-valt-digitalissa-kivalasztott-ettermeiben-a-breeze-okoszisztema-segitsegevel\/\" class=\"thumb-a\">\n                                <img loading=\"lazy\" decoding=\"async\" src=\"https:\/\/breeze-pos.com\/wp-content\/uploads\/2026\/02\/Header-articol-3-409x250.jpg\" alt=\"Hogyan \u00e9p\u00edtette \u00fajj\u00e1 a Subway France a lojalit\u00e1si programj\u00e1t, \u00e9s hogyan v\u00e1lt digit\u00e1liss\u00e1 kiv\u00e1lasztott \u00e9ttermeiben a Breeze \u00f6kosziszt\u00e9ma seg\u00edts\u00e9g\u00e9vel\" width=\"409\" height=\"250\" class=\"relative featured-image-src\">\n                            <\/a>\n                        <\/div>\n\n                        <div class=\"readtime mt-3\"><a class=\"category-post\" href=\"https:\/\/breeze-pos.com\/hu\/category\/case-study-hu\/\">Case Study<\/a><span class=\"span-reading-time art-r-time-reading-time\"><span class=\"art-r-time-label art-r-time-prefix\"><\/span> <span class=\"art-r-time-time\"> 9<\/span> <span class=\"art-r-time-label art-r-time-postfix\"> min<\/span><\/span><\/div>\n\n                        <div class=\"article-title fs-24 fw-700 mt-3 mb-3\"><a href=\"https:\/\/breeze-pos.com\/hu\/hogyan-epitette-ujja-a-subway-france-a-lojalitasi-programjat-es-hogyan-valt-digitalissa-kivalasztott-ettermeiben-a-breeze-okoszisztema-segitsegevel\/\">Hogyan \u00e9p\u00edtette \u00fajj\u00e1 a Subway France a lojalit\u00e1si programj\u00e1t, \u00e9s hogyan v\u00e1lt digit\u00e1liss\u00e1 kiv\u00e1lasztott \u00e9ttermeiben a Breeze \u00f6kosziszt\u00e9ma seg\u00edts\u00e9g\u00e9vel<\/a><\/div>\n\n                        <div class=\"post-excerpt\"><p>2024-ben a Subway France \u00fagy d\u00f6nt\u00f6tt, hogy lecser\u00e9li technol\u00f3giai infrastrukt\u00far\u00e1j\u00e1t, azzal a c\u00e9llal,&#8230;<\/p><\/div>\n\n                                            <\/div>\n                <\/div>\n\t\t\t\t                <div class=\"col-12\">\n                    <div class=\"inner-articles mb-5\">\n                                                <div class=\"featured-image relative\">\n                            <div class=\"lds-ripple\"><div><\/div><div><\/div><\/div>\n                            <a href=\"https:\/\/breeze-pos.com\/hu\/az-uj-pizza-hut-delivery-platform-es-az-online-rendelesek-optimalizalasa-a-breeze-segitsegevel\/\" class=\"thumb-a\">\n                                <img loading=\"lazy\" decoding=\"async\" src=\"https:\/\/breeze-pos.com\/wp-content\/uploads\/2021\/04\/BitSoftxPizza4-409x250.jpg\" alt=\"Az \u00faj Pizza Hut Delivery platform \u00e9s az online rendel\u00e9sek optimaliz\u00e1l\u00e1sa a Breeze seg\u00edts\u00e9g\u00e9vel\" width=\"409\" height=\"250\" class=\"relative featured-image-src\">\n                            <\/a>\n                        <\/div>\n\n                        <div class=\"readtime mt-3\"><a class=\"category-post\" href=\"https:\/\/breeze-pos.com\/hu\/category\/esettanulmany\/\">Esettanulm\u00e1ny<\/a><span class=\"span-reading-time art-r-time-reading-time\"><span class=\"art-r-time-label art-r-time-prefix\"><\/span> <span class=\"art-r-time-time\"> 4<\/span> <span class=\"art-r-time-label art-r-time-postfix\"> min<\/span><\/span><\/div>\n\n                        <div class=\"article-title fs-24 fw-700 mt-3 mb-3\"><a href=\"https:\/\/breeze-pos.com\/hu\/az-uj-pizza-hut-delivery-platform-es-az-online-rendelesek-optimalizalasa-a-breeze-segitsegevel\/\">Az \u00faj Pizza Hut Delivery platform \u00e9s az online rendel\u00e9sek optimaliz\u00e1l\u00e1sa a Breeze seg\u00edts\u00e9g\u00e9vel<\/a><\/div>\n\n                        <div class=\"post-excerpt\"><p>A Pizza Hut tov\u00e1bb folytatja digitaliz\u00e1ci\u00f3s strat\u00e9gi\u00e1j\u00e1t online rendel\u00e9si csatorn\u00e1inak folyamatos fejleszt\u00e9s\u00e9vel, meg\u00faj\u00edtva&#8230;<\/p><\/div>\n\n                                            <\/div>\n                <\/div>\n\t\t\t\t\t\t\t\t<div class=\"pagination\">\n\t\t\t\t\t\t\t\t\t<\/div>\n            <\/div>\n            <\/div>\n\n    <div class=\"container relative\">\n        <div class=\"cta-btn-container d-flex align-content-center justify-content-center\">\n                <\/div>\n    <\/div>\n<\/section>\n\n\n<div class=\"wp-block-columns container is-layout-flex wp-container-core-columns-is-layout-9d6595d7 wp-block-columns-is-layout-flex\">\n<div class=\"wp-block-column is-layout-flow wp-block-column-is-layout-flow\">\n<figure class=\"wp-block-image size-full\"><img loading=\"lazy\" decoding=\"async\" width=\"630\" height=\"630\" src=\"https:\/\/breeze-pos.com\/wp-content\/uploads\/2024\/09\/our-jurney.png\" alt=\"\" class=\"wp-image-936\" srcset=\"https:\/\/breeze-pos.com\/wp-content\/uploads\/2024\/09\/our-jurney.png 630w, https:\/\/breeze-pos.com\/wp-content\/uploads\/2024\/09\/our-jurney-300x300.png 300w, https:\/\/breeze-pos.com\/wp-content\/uploads\/2024\/09\/our-jurney-150x150.png 150w\" sizes=\"auto, (max-width: 630px) 100vw, 630px\" \/><\/figure>\n<\/div>\n\n\n\n<div class=\"wp-block-column is-layout-flow wp-block-column-is-layout-flow\">\n<section class=\"component component-generic component--contact-form dark\" style=\"background-color:#04955e; \">\n    <div class=\"container pb-0 pb-md-4\">\n        \n                    <div class=\"title rubik-500\">Itt vagyunk, hogy v\u00e1laszoljunk k\u00e9rd\u00e9seire<\/div>\n        \n            <\/div>\n\n    <div class=\"container\">\n        <div class=\"row\">\n                        <div class=\"col-12 col-lg-12\">\n                <p class=\"wpcf7-contact-form-not-found\"><strong>Hiba:<\/strong> Kapcsolatfelv\u00e9teli \u0171rlap nem tal\u00e1lhat\u00f3.<\/p>\n            <\/div>\n                    <\/div>\n\n        <div class=\"cta-btn-container d-flex align-content-center justify-content-center\">\n                    <\/div>\n    <\/div>\n<\/section><\/div>\n<\/div>\n\n\n<div style=\"height:85px;background-color:#ffffff; background-position:top;\" aria-hidden=\"true\" class=\"wp-block-spacer spacer-desktop component component-generic component--spacer light bg-position-top\"><\/div>\n<div style=\"height:30px;background-color:#ffffff; background-position:top;\" aria-hidden=\"true\" class=\"wp-block-spacer spacer-mobile component component-generic component--spacer light bg-position-top\"><\/div>","protected":false},"excerpt":{"rendered":"","protected":false},"author":3,"featured_media":0,"parent":0,"menu_order":0,"comment_status":"closed","ping_status":"closed","template":"","meta":{"_acf_changed":false,"footnotes":""},"class_list":["post-4000","page","type-page","status-publish","hentry"],"acf":[],"yoast_head":"<!-- This site is optimized with the Yoast SEO plugin v27.5 - https:\/\/yoast.com\/product\/yoast-seo-wordpress\/ -->\n<title>Esettanulm\u00e1nyok - Breeze<\/title>\n<meta name=\"robots\" content=\"index, follow, max-snippet:-1, max-image-preview:large, max-video-preview:-1\" \/>\n<link rel=\"canonical\" href=\"https:\/\/breeze-pos.com\/hu\/esettanulmanyok\/\" \/>\n<meta property=\"og:locale\" content=\"hu_HU\" \/>\n<meta property=\"og:type\" content=\"article\" \/>\n<meta property=\"og:title\" content=\"Esettanulm\u00e1nyok - Breeze\" \/>\n<meta property=\"og:url\" content=\"https:\/\/breeze-pos.com\/hu\/esettanulmanyok\/\" \/>\n<meta property=\"og:site_name\" content=\"Breeze\" \/>\n<meta property=\"article:modified_time\" content=\"2026-02-18T07:08:48+00:00\" \/>\n<meta property=\"og:image\" content=\"https:\/\/breeze-pos.com\/wp-content\/uploads\/2024\/09\/our-jurney.png\" \/>\n<meta name=\"twitter:card\" content=\"summary_large_image\" \/>\n<meta name=\"twitter:label1\" content=\"Becs\u00fclt olvas\u00e1si id\u0151\" \/>\n\t<meta name=\"twitter:data1\" content=\"1 perc\" \/>\n<script type=\"application\/ld+json\" class=\"yoast-schema-graph\">{\"@context\":\"https:\\\/\\\/schema.org\",\"@graph\":[{\"@type\":\"WebPage\",\"@id\":\"https:\\\/\\\/breeze-pos.com\\\/hu\\\/esettanulmanyok\\\/\",\"url\":\"https:\\\/\\\/breeze-pos.com\\\/hu\\\/esettanulmanyok\\\/\",\"name\":\"Esettanulm\u00e1nyok - Breeze\",\"isPartOf\":{\"@id\":\"https:\\\/\\\/breeze-pos.com\\\/#website\"},\"primaryImageOfPage\":{\"@id\":\"https:\\\/\\\/breeze-pos.com\\\/hu\\\/esettanulmanyok\\\/#primaryimage\"},\"image\":{\"@id\":\"https:\\\/\\\/breeze-pos.com\\\/hu\\\/esettanulmanyok\\\/#primaryimage\"},\"thumbnailUrl\":\"https:\\\/\\\/breeze-pos.com\\\/wp-content\\\/uploads\\\/2024\\\/09\\\/our-jurney.png\",\"datePublished\":\"2026-02-18T07:05:38+00:00\",\"dateModified\":\"2026-02-18T07:08:48+00:00\",\"breadcrumb\":{\"@id\":\"https:\\\/\\\/breeze-pos.com\\\/hu\\\/esettanulmanyok\\\/#breadcrumb\"},\"inLanguage\":\"hu\",\"potentialAction\":[{\"@type\":\"ReadAction\",\"target\":[\"https:\\\/\\\/breeze-pos.com\\\/hu\\\/esettanulmanyok\\\/\"]}]},{\"@type\":\"ImageObject\",\"inLanguage\":\"hu\",\"@id\":\"https:\\\/\\\/breeze-pos.com\\\/hu\\\/esettanulmanyok\\\/#primaryimage\",\"url\":\"https:\\\/\\\/breeze-pos.com\\\/wp-content\\\/uploads\\\/2024\\\/09\\\/our-jurney.png\",\"contentUrl\":\"https:\\\/\\\/breeze-pos.com\\\/wp-content\\\/uploads\\\/2024\\\/09\\\/our-jurney.png\"},{\"@type\":\"BreadcrumbList\",\"@id\":\"https:\\\/\\\/breeze-pos.com\\\/hu\\\/esettanulmanyok\\\/#breadcrumb\",\"itemListElement\":[{\"@type\":\"ListItem\",\"position\":1,\"name\":\"Home\",\"item\":\"https:\\\/\\\/breeze-pos.com\\\/hu\\\/\"},{\"@type\":\"ListItem\",\"position\":2,\"name\":\"Esettanulm\u00e1nyok\"}]},{\"@type\":\"WebSite\",\"@id\":\"https:\\\/\\\/breeze-pos.com\\\/#website\",\"url\":\"https:\\\/\\\/breeze-pos.com\\\/\",\"name\":\"Breeze\",\"description\":\"\",\"potentialAction\":[{\"@type\":\"SearchAction\",\"target\":{\"@type\":\"EntryPoint\",\"urlTemplate\":\"https:\\\/\\\/breeze-pos.com\\\/?s={search_term_string}\"},\"query-input\":{\"@type\":\"PropertyValueSpecification\",\"valueRequired\":true,\"valueName\":\"search_term_string\"}}],\"inLanguage\":\"hu\"}]}<\/script>\n<!-- \/ Yoast SEO plugin. -->","yoast_head_json":{"title":"Esettanulm\u00e1nyok - Breeze","robots":{"index":"index","follow":"follow","max-snippet":"max-snippet:-1","max-image-preview":"max-image-preview:large","max-video-preview":"max-video-preview:-1"},"canonical":"https:\/\/breeze-pos.com\/hu\/esettanulmanyok\/","og_locale":"hu_HU","og_type":"article","og_title":"Esettanulm\u00e1nyok - Breeze","og_url":"https:\/\/breeze-pos.com\/hu\/esettanulmanyok\/","og_site_name":"Breeze","article_modified_time":"2026-02-18T07:08:48+00:00","og_image":[{"url":"https:\/\/breeze-pos.com\/wp-content\/uploads\/2024\/09\/our-jurney.png","type":"","width":"","height":""}],"twitter_card":"summary_large_image","twitter_misc":{"Becs\u00fclt olvas\u00e1si id\u0151":"1 perc"},"schema":{"@context":"https:\/\/schema.org","@graph":[{"@type":"WebPage","@id":"https:\/\/breeze-pos.com\/hu\/esettanulmanyok\/","url":"https:\/\/breeze-pos.com\/hu\/esettanulmanyok\/","name":"Esettanulm\u00e1nyok - Breeze","isPartOf":{"@id":"https:\/\/breeze-pos.com\/#website"},"primaryImageOfPage":{"@id":"https:\/\/breeze-pos.com\/hu\/esettanulmanyok\/#primaryimage"},"image":{"@id":"https:\/\/breeze-pos.com\/hu\/esettanulmanyok\/#primaryimage"},"thumbnailUrl":"https:\/\/breeze-pos.com\/wp-content\/uploads\/2024\/09\/our-jurney.png","datePublished":"2026-02-18T07:05:38+00:00","dateModified":"2026-02-18T07:08:48+00:00","breadcrumb":{"@id":"https:\/\/breeze-pos.com\/hu\/esettanulmanyok\/#breadcrumb"},"inLanguage":"hu","potentialAction":[{"@type":"ReadAction","target":["https:\/\/breeze-pos.com\/hu\/esettanulmanyok\/"]}]},{"@type":"ImageObject","inLanguage":"hu","@id":"https:\/\/breeze-pos.com\/hu\/esettanulmanyok\/#primaryimage","url":"https:\/\/breeze-pos.com\/wp-content\/uploads\/2024\/09\/our-jurney.png","contentUrl":"https:\/\/breeze-pos.com\/wp-content\/uploads\/2024\/09\/our-jurney.png"},{"@type":"BreadcrumbList","@id":"https:\/\/breeze-pos.com\/hu\/esettanulmanyok\/#breadcrumb","itemListElement":[{"@type":"ListItem","position":1,"name":"Home","item":"https:\/\/breeze-pos.com\/hu\/"},{"@type":"ListItem","position":2,"name":"Esettanulm\u00e1nyok"}]},{"@type":"WebSite","@id":"https:\/\/breeze-pos.com\/#website","url":"https:\/\/breeze-pos.com\/","name":"Breeze","description":"","potentialAction":[{"@type":"SearchAction","target":{"@type":"EntryPoint","urlTemplate":"https:\/\/breeze-pos.com\/?s={search_term_string}"},"query-input":{"@type":"PropertyValueSpecification","valueRequired":true,"valueName":"search_term_string"}}],"inLanguage":"hu"}]}},"_links":{"self":[{"href":"https:\/\/breeze-pos.com\/hu\/wp-json\/wp\/v2\/pages\/4000","targetHints":{"allow":["GET"]}}],"collection":[{"href":"https:\/\/breeze-pos.com\/hu\/wp-json\/wp\/v2\/pages"}],"about":[{"href":"https:\/\/breeze-pos.com\/hu\/wp-json\/wp\/v2\/types\/page"}],"author":[{"embeddable":true,"href":"https:\/\/breeze-pos.com\/hu\/wp-json\/wp\/v2\/users\/3"}],"replies":[{"embeddable":true,"href":"https:\/\/breeze-pos.com\/hu\/wp-json\/wp\/v2\/comments?post=4000"}],"version-history":[{"count":3,"href":"https:\/\/breeze-pos.com\/hu\/wp-json\/wp\/v2\/pages\/4000\/revisions"}],"predecessor-version":[{"id":4005,"href":"https:\/\/breeze-pos.com\/hu\/wp-json\/wp\/v2\/pages\/4000\/revisions\/4005"}],"wp:attachment":[{"href":"https:\/\/breeze-pos.com\/hu\/wp-json\/wp\/v2\/media?parent=4000"}],"curies":[{"name":"wp","href":"https:\/\/api.w.org\/{rel}","templated":true}]}}