{"id":4450,"date":"2025-06-03T16:55:54","date_gmt":"2025-06-03T16:55:54","guid":{"rendered":"https:\/\/breeze-pos.com\/tempo-2\/"},"modified":"2026-03-05T13:16:32","modified_gmt":"2026-03-05T13:16:32","slug":"tempo-2","status":"publish","type":"page","link":"https:\/\/breeze-pos.com\/hu\/tempo-2\/","title":{"rendered":"Tempo"},"content":{"rendered":"\n\n<section class=\"component component--staging-area light\">\n        <div class=\"container\">\n        \n        \n            <\/div>\n    <\/section>\n\n\n<section class=\"component component-generic component--text light\" style=\"\">\n    <div class=\"container\">\n        \n        \n        \n\t\t\n    <\/div>\n<\/section>\n\n\n<section class=\"component component-generic component--text light\" style=\"\">\n    <div class=\"container\">\n        \n        \n        \n\t\t\n    <\/div>\n<\/section>\n\n\n<div class=\"wp-block-group has-background\" style=\"background-color:#0b1120\"><div class=\"wp-block-group__inner-container is-layout-constrained wp-block-group-is-layout-constrained\"><div style=\"height:85px;background-color:#0b1120; background-position:top;\" aria-hidden=\"true\" class=\"wp-block-spacer spacer-desktop component component-generic component--spacer light bg-position-top\"><\/div>\n<div style=\"height:30px;background-color:#0b1120; background-position:top;\" aria-hidden=\"true\" class=\"wp-block-spacer spacer-mobile component component-generic component--spacer light bg-position-top\"><\/div>\n\n\n<div class=\"wp-block-group container grid-override-gap is-layout-grid wp-container-core-group-is-layout-6be84c55 wp-block-group-is-layout-grid\">\n<section class=\"component component-generic component--feature-single-box light\">\n\n    \n    \n    \n    \n    <div class=\"container relative\">\n        <div class=\"cta-btn-container d-flex align-content-center justify-content-center\">\n                <\/div>\n    <\/div>\n<\/section>\n\n\n<section class=\"component component-generic component--feature-single-box light\">\n\n    \n    \n    \n    \n    <div class=\"container relative\">\n        <div class=\"cta-btn-container d-flex align-content-center justify-content-center\">\n                <\/div>\n    <\/div>\n<\/section>\n\n\n<section class=\"component component-generic component--feature-single-box light\">\n\n    \n    \n    \n    \n    <div class=\"container relative\">\n        <div class=\"cta-btn-container d-flex align-content-center justify-content-center\">\n                <\/div>\n    <\/div>\n<\/section>\n\n\n<section class=\"component component-generic component--feature-single-box light\">\n\n    \n    \n    \n    \n    <div class=\"container relative\">\n        <div class=\"cta-btn-container d-flex align-content-center justify-content-center\">\n                <\/div>\n    <\/div>\n<\/section>\n\n\n<section class=\"component component-generic component--feature-single-box light\">\n\n    \n    \n    \n    \n    <div class=\"container relative\">\n        <div class=\"cta-btn-container d-flex align-content-center justify-content-center\">\n                <\/div>\n    <\/div>\n<\/section>\n\n\n<section class=\"component component-generic component--feature-single-box light\">\n\n    \n    \n    \n    \n    <div class=\"container relative\">\n        <div class=\"cta-btn-container d-flex align-content-center justify-content-center\">\n                <\/div>\n    <\/div>\n<\/section><\/div>\n\n\n<div style=\"height:71px;background-color:#0b1120; background-position:top;\" aria-hidden=\"true\" class=\"wp-block-spacer spacer-desktop component component-generic component--spacer light bg-position-top\"><\/div>\n<div style=\"height:51px;background-color:#0b1120; background-position:top;\" aria-hidden=\"true\" class=\"wp-block-spacer spacer-mobile component component-generic component--spacer light bg-position-top\"><\/div><\/div><\/div>\n\n\n\n\n<div id=\"component-block_78fe369ef78efd5dd162dd90212fad3b\" class=\"componenta-custom-spacer component\">\n    <div class=\"distantier-desktop hidden-sm hidden-xs visible-md visible-lg\" style=\"padding-top:77px;\"><\/div>\n    <div class=\"distantier-mobile hidden-md hidden-lg visible-sm visible-xs\" style=\"padding-top:34px;\"><\/div>\n<\/div>\n\n\n<div class=\"wp-block-group container has-white-background-color has-background\"><div class=\"wp-block-group__inner-container is-layout-constrained wp-block-group-is-layout-constrained\"><div style=\"height:71px;background-color:#ffffff; background-position:top;\" aria-hidden=\"true\" class=\"wp-block-spacer spacer-desktop component component-generic component--spacer light bg-position-top\"><\/div>\n<div style=\"height:51px;background-color:#ffffff; background-position:top;\" aria-hidden=\"true\" class=\"wp-block-spacer spacer-mobile component component-generic component--spacer light bg-position-top\"><\/div>\n\n\n<div class=\"wp-block-columns are-vertically-aligned-center is-layout-flex wp-container-core-columns-is-layout-9d6595d7 wp-block-columns-is-layout-flex\">\n<div class=\"wp-block-column is-vertically-aligned-center is-layout-flow wp-block-column-is-layout-flow\" style=\"flex-basis:35%\">\n<section class=\"component component-generic component--custom-heading light padding-bottom-off\">\n    <div class=\"container pb-0 pb-md-4\">\n        \n        \n            <\/div>\n\n    <div class=\"container relative\">\n        <div class=\"cta-btn-container d-flex align-content-center justify-content-center\">\n                <\/div>\n    <\/div>\n<\/section>\n\n\n<figure class=\"wp-block-image size-full\"><img loading=\"lazy\" decoding=\"async\" width=\"489\" height=\"439\" src=\"https:\/\/breeze-pos.com\/wp-content\/uploads\/2024\/09\/inspiring-our.png\" alt=\"\" class=\"wp-image-944\" srcset=\"https:\/\/breeze-pos.com\/wp-content\/uploads\/2024\/09\/inspiring-our.png 489w, https:\/\/breeze-pos.com\/wp-content\/uploads\/2024\/09\/inspiring-our-300x269.png 300w\" sizes=\"auto, (max-width: 489px) 100vw, 489px\" \/><\/figure>\n\n\n\n<div class=\"wp-block-group\"><div class=\"wp-block-group__inner-container is-layout-constrained wp-block-group-is-layout-constrained\"><div style=\"height:34px;background-color:#ffffff; background-position:top;\" aria-hidden=\"true\" class=\"wp-block-spacer spacer-desktop component component-generic component--spacer light bg-position-top\"><\/div>\n<div style=\"height:18px;background-color:#ffffff; background-position:top;\" aria-hidden=\"true\" class=\"wp-block-spacer spacer-mobile component component-generic component--spacer light bg-position-top\"><\/div><\/div><\/div>\n\n\n\n<div class=\"wp-block-buttons is-layout-flex wp-block-buttons-is-layout-flex\"><\/div>\n<\/div>\n\n\n\n<div class=\"wp-block-column is-vertically-aligned-center is-layout-flow wp-block-column-is-layout-flow\">\n<section class=\"component component-generic component--timeline light\">\n    <div class=\"container pb-0 pb-md-4\">\n        \n        \n            <\/div>\n\n    \n    <div class=\"container relative\">\n        <div class=\"cta-btn-container d-flex align-content-center justify-content-center\">\n                <\/div>\n    <\/div>\n<\/section><\/div>\n<\/div>\n<\/div><\/div>\n\n\n\n<section class=\"component component-generic component--text as-list light\" style=\"\">\n    <div class=\"container\">\n        \n        \n        \n\t\t\n    <\/div>\n<\/section>\n\n\n<div class=\"wp-block-group\"><div class=\"wp-block-group__inner-container is-layout-constrained wp-block-group-is-layout-constrained\"><div style=\"height:71px;background-color:#ffffff; background-position:top;\" aria-hidden=\"true\" class=\"wp-block-spacer spacer-desktop component component-generic component--spacer light bg-position-top\"><\/div>\n<div style=\"height:51px;background-color:#ffffff; background-position:top;\" aria-hidden=\"true\" class=\"wp-block-spacer spacer-mobile component component-generic component--spacer light bg-position-top\"><\/div><\/div><\/div>\n\n\n\n<div class=\"wp-block-columns container is-layout-flex wp-container-core-columns-is-layout-9d6595d7 wp-block-columns-is-layout-flex\">\n<div class=\"wp-block-column is-layout-flow wp-block-column-is-layout-flow\">\n<figure class=\"wp-block-image size-full\"><img loading=\"lazy\" decoding=\"async\" width=\"630\" height=\"630\" src=\"https:\/\/breeze-pos.com\/wp-content\/uploads\/2024\/09\/our-jurney.png\" alt=\"\" class=\"wp-image-936\" srcset=\"https:\/\/breeze-pos.com\/wp-content\/uploads\/2024\/09\/our-jurney.png 630w, https:\/\/breeze-pos.com\/wp-content\/uploads\/2024\/09\/our-jurney-300x300.png 300w, https:\/\/breeze-pos.com\/wp-content\/uploads\/2024\/09\/our-jurney-150x150.png 150w\" sizes=\"auto, (max-width: 630px) 100vw, 630px\" \/><\/figure>\n<\/div>\n\n\n\n<div class=\"wp-block-column is-layout-flow wp-block-column-is-layout-flow\">\n<section class=\"component component-generic component--contact-form light\">\n    <div class=\"container pb-0 pb-md-4\">\n        \n        \n            <\/div>\n\n    <div class=\"container\">\n        <div class=\"row\">\n                    <\/div>\n\n        <div class=\"cta-btn-container d-flex align-content-center justify-content-center\">\n                    <\/div>\n    <\/div>\n<\/section><\/div>\n<\/div>\n\n\n\n<div class=\"wp-block-group\"><div class=\"wp-block-group__inner-container is-layout-constrained wp-block-group-is-layout-constrained\"><div style=\"height:71px;background-color:#ffffff; background-position:top;\" aria-hidden=\"true\" class=\"wp-block-spacer spacer-desktop component component-generic component--spacer light bg-position-top\"><\/div>\n<div style=\"height:51px;background-color:#ffffff; background-position:top;\" aria-hidden=\"true\" class=\"wp-block-spacer spacer-mobile component component-generic component--spacer light bg-position-top\"><\/div><\/div><\/div>\n\n\n\n\n<div id=\"component-block_78fe369ef78efd5dd162dd90212fad3b\" class=\"componenta-custom-spacer component\">\n    <div class=\"distantier-desktop hidden-sm hidden-xs visible-md visible-lg\" style=\"padding-top:77px;\"><\/div>\n    <div class=\"distantier-mobile hidden-md hidden-lg visible-sm visible-xs\" style=\"padding-top:34px;\"><\/div>\n<\/div>","protected":false},"excerpt":{"rendered":"","protected":false},"author":2,"featured_media":0,"parent":0,"menu_order":0,"comment_status":"closed","ping_status":"closed","template":"","meta":{"_acf_changed":false,"footnotes":""},"class_list":["post-4450","page","type-page","status-publish","hentry"],"acf":[],"yoast_head":"<!-- This site is optimized with the Yoast SEO plugin v27.2 - https:\/\/yoast.com\/product\/yoast-seo-wordpress\/ -->\n<title>Tempo automatiz\u00e1lt marketing szoftver \u00e9ttermek sz\u00e1m\u00e1ra<\/title>\n<meta name=\"description\" content=\"Automatiz\u00e1ld az \u00e9ttermed marketingj\u00e9t! A Tempo automatiz\u00e1lt marketing szoftverrel n\u00f6veled az \u00e9rt\u00e9kes\u00edt\u00e9st \u00e9s er\u0151s\u00edted a vend\u00e9gh\u0171s\u00e9get.\" \/>\n<meta name=\"robots\" content=\"index, follow, max-snippet:-1, max-image-preview:large, max-video-preview:-1\" \/>\n<link rel=\"canonical\" href=\"https:\/\/breeze-pos.com\/hu\/tempo-2\/\" \/>\n<meta property=\"og:locale\" content=\"hu_HU\" \/>\n<meta property=\"og:type\" content=\"article\" \/>\n<meta property=\"og:title\" content=\"Tempo automatiz\u00e1lt marketing szoftver \u00e9ttermek sz\u00e1m\u00e1ra\" \/>\n<meta property=\"og:description\" content=\"Automatiz\u00e1ld az \u00e9ttermed marketingj\u00e9t! A Tempo automatiz\u00e1lt marketing szoftverrel n\u00f6veled az \u00e9rt\u00e9kes\u00edt\u00e9st \u00e9s er\u0151s\u00edted a vend\u00e9gh\u0171s\u00e9get.\" \/>\n<meta property=\"og:url\" content=\"https:\/\/breeze-pos.com\/hu\/tempo-2\/\" \/>\n<meta property=\"og:site_name\" content=\"Breeze\" \/>\n<meta property=\"article:modified_time\" content=\"2026-03-05T13:16:32+00:00\" \/>\n<meta property=\"og:image\" content=\"https:\/\/breeze-pos.com\/wp-content\/uploads\/2024\/09\/inspiring-our.png\" \/>\n\t<meta property=\"og:image:width\" content=\"489\" \/>\n\t<meta property=\"og:image:height\" content=\"439\" \/>\n\t<meta property=\"og:image:type\" content=\"image\/png\" \/>\n<meta name=\"twitter:card\" content=\"summary_large_image\" \/>\n<meta name=\"twitter:label1\" content=\"Becs\u00fclt olvas\u00e1si id\u0151\" \/>\n\t<meta name=\"twitter:data1\" content=\"1 perc\" \/>\n<script type=\"application\/ld+json\" class=\"yoast-schema-graph\">{\"@context\":\"https:\/\/schema.org\",\"@graph\":[{\"@type\":\"WebPage\",\"@id\":\"https:\/\/breeze-pos.com\/hu\/tempo-2\/\",\"url\":\"https:\/\/breeze-pos.com\/hu\/tempo-2\/\",\"name\":\"Tempo automatiz\u00e1lt marketing szoftver \u00e9ttermek sz\u00e1m\u00e1ra\",\"isPartOf\":{\"@id\":\"https:\/\/breeze-pos.com\/#website\"},\"primaryImageOfPage\":{\"@id\":\"https:\/\/breeze-pos.com\/hu\/tempo-2\/#primaryimage\"},\"image\":{\"@id\":\"https:\/\/breeze-pos.com\/hu\/tempo-2\/#primaryimage\"},\"thumbnailUrl\":\"https:\/\/breeze-pos.com\/wp-content\/uploads\/2024\/09\/inspiring-our.png\",\"datePublished\":\"2025-06-03T16:55:54+00:00\",\"dateModified\":\"2026-03-05T13:16:32+00:00\",\"description\":\"Automatiz\u00e1ld az \u00e9ttermed marketingj\u00e9t! A Tempo automatiz\u00e1lt marketing szoftverrel n\u00f6veled az \u00e9rt\u00e9kes\u00edt\u00e9st \u00e9s er\u0151s\u00edted a vend\u00e9gh\u0171s\u00e9get.\",\"breadcrumb\":{\"@id\":\"https:\/\/breeze-pos.com\/hu\/tempo-2\/#breadcrumb\"},\"inLanguage\":\"hu\",\"potentialAction\":[{\"@type\":\"ReadAction\",\"target\":[\"https:\/\/breeze-pos.com\/hu\/tempo-2\/\"]}]},{\"@type\":\"ImageObject\",\"inLanguage\":\"hu\",\"@id\":\"https:\/\/breeze-pos.com\/hu\/tempo-2\/#primaryimage\",\"url\":\"https:\/\/breeze-pos.com\/wp-content\/uploads\/2024\/09\/inspiring-our.png\",\"contentUrl\":\"https:\/\/breeze-pos.com\/wp-content\/uploads\/2024\/09\/inspiring-our.png\"},{\"@type\":\"BreadcrumbList\",\"@id\":\"https:\/\/breeze-pos.com\/hu\/tempo-2\/#breadcrumb\",\"itemListElement\":[{\"@type\":\"ListItem\",\"position\":1,\"name\":\"Home\",\"item\":\"https:\/\/breeze-pos.com\/hu\/\"},{\"@type\":\"ListItem\",\"position\":2,\"name\":\"Tempo\"}]},{\"@type\":\"WebSite\",\"@id\":\"https:\/\/breeze-pos.com\/#website\",\"url\":\"https:\/\/breeze-pos.com\/\",\"name\":\"Breeze\",\"description\":\"\",\"potentialAction\":[{\"@type\":\"SearchAction\",\"target\":{\"@type\":\"EntryPoint\",\"urlTemplate\":\"https:\/\/breeze-pos.com\/?s={search_term_string}\"},\"query-input\":{\"@type\":\"PropertyValueSpecification\",\"valueRequired\":true,\"valueName\":\"search_term_string\"}}],\"inLanguage\":\"hu\"}]}<\/script>\n<!-- \/ Yoast SEO plugin. -->","yoast_head_json":{"title":"Tempo automatiz\u00e1lt marketing szoftver \u00e9ttermek sz\u00e1m\u00e1ra","description":"Automatiz\u00e1ld az \u00e9ttermed marketingj\u00e9t! A Tempo automatiz\u00e1lt marketing szoftverrel n\u00f6veled az \u00e9rt\u00e9kes\u00edt\u00e9st \u00e9s er\u0151s\u00edted a vend\u00e9gh\u0171s\u00e9get.","robots":{"index":"index","follow":"follow","max-snippet":"max-snippet:-1","max-image-preview":"max-image-preview:large","max-video-preview":"max-video-preview:-1"},"canonical":"https:\/\/breeze-pos.com\/hu\/tempo-2\/","og_locale":"hu_HU","og_type":"article","og_title":"Tempo automatiz\u00e1lt marketing szoftver \u00e9ttermek sz\u00e1m\u00e1ra","og_description":"Automatiz\u00e1ld az \u00e9ttermed marketingj\u00e9t! A Tempo automatiz\u00e1lt marketing szoftverrel n\u00f6veled az \u00e9rt\u00e9kes\u00edt\u00e9st \u00e9s er\u0151s\u00edted a vend\u00e9gh\u0171s\u00e9get.","og_url":"https:\/\/breeze-pos.com\/hu\/tempo-2\/","og_site_name":"Breeze","article_modified_time":"2026-03-05T13:16:32+00:00","og_image":[{"width":489,"height":439,"url":"https:\/\/breeze-pos.com\/wp-content\/uploads\/2024\/09\/inspiring-our.png","type":"image\/png"}],"twitter_card":"summary_large_image","twitter_misc":{"Becs\u00fclt olvas\u00e1si id\u0151":"1 perc"},"schema":{"@context":"https:\/\/schema.org","@graph":[{"@type":"WebPage","@id":"https:\/\/breeze-pos.com\/hu\/tempo-2\/","url":"https:\/\/breeze-pos.com\/hu\/tempo-2\/","name":"Tempo automatiz\u00e1lt marketing szoftver \u00e9ttermek sz\u00e1m\u00e1ra","isPartOf":{"@id":"https:\/\/breeze-pos.com\/#website"},"primaryImageOfPage":{"@id":"https:\/\/breeze-pos.com\/hu\/tempo-2\/#primaryimage"},"image":{"@id":"https:\/\/breeze-pos.com\/hu\/tempo-2\/#primaryimage"},"thumbnailUrl":"https:\/\/breeze-pos.com\/wp-content\/uploads\/2024\/09\/inspiring-our.png","datePublished":"2025-06-03T16:55:54+00:00","dateModified":"2026-03-05T13:16:32+00:00","description":"Automatiz\u00e1ld az \u00e9ttermed marketingj\u00e9t! A Tempo automatiz\u00e1lt marketing szoftverrel n\u00f6veled az \u00e9rt\u00e9kes\u00edt\u00e9st \u00e9s er\u0151s\u00edted a vend\u00e9gh\u0171s\u00e9get.","breadcrumb":{"@id":"https:\/\/breeze-pos.com\/hu\/tempo-2\/#breadcrumb"},"inLanguage":"hu","potentialAction":[{"@type":"ReadAction","target":["https:\/\/breeze-pos.com\/hu\/tempo-2\/"]}]},{"@type":"ImageObject","inLanguage":"hu","@id":"https:\/\/breeze-pos.com\/hu\/tempo-2\/#primaryimage","url":"https:\/\/breeze-pos.com\/wp-content\/uploads\/2024\/09\/inspiring-our.png","contentUrl":"https:\/\/breeze-pos.com\/wp-content\/uploads\/2024\/09\/inspiring-our.png"},{"@type":"BreadcrumbList","@id":"https:\/\/breeze-pos.com\/hu\/tempo-2\/#breadcrumb","itemListElement":[{"@type":"ListItem","position":1,"name":"Home","item":"https:\/\/breeze-pos.com\/hu\/"},{"@type":"ListItem","position":2,"name":"Tempo"}]},{"@type":"WebSite","@id":"https:\/\/breeze-pos.com\/#website","url":"https:\/\/breeze-pos.com\/","name":"Breeze","description":"","potentialAction":[{"@type":"SearchAction","target":{"@type":"EntryPoint","urlTemplate":"https:\/\/breeze-pos.com\/?s={search_term_string}"},"query-input":{"@type":"PropertyValueSpecification","valueRequired":true,"valueName":"search_term_string"}}],"inLanguage":"hu"}]}},"_links":{"self":[{"href":"https:\/\/breeze-pos.com\/hu\/wp-json\/wp\/v2\/pages\/4450","targetHints":{"allow":["GET"]}}],"collection":[{"href":"https:\/\/breeze-pos.com\/hu\/wp-json\/wp\/v2\/pages"}],"about":[{"href":"https:\/\/breeze-pos.com\/hu\/wp-json\/wp\/v2\/types\/page"}],"author":[{"embeddable":true,"href":"https:\/\/breeze-pos.com\/hu\/wp-json\/wp\/v2\/users\/2"}],"replies":[{"embeddable":true,"href":"https:\/\/breeze-pos.com\/hu\/wp-json\/wp\/v2\/comments?post=4450"}],"version-history":[{"count":1,"href":"https:\/\/breeze-pos.com\/hu\/wp-json\/wp\/v2\/pages\/4450\/revisions"}],"predecessor-version":[{"id":4452,"href":"https:\/\/breeze-pos.com\/hu\/wp-json\/wp\/v2\/pages\/4450\/revisions\/4452"}],"wp:attachment":[{"href":"https:\/\/breeze-pos.com\/hu\/wp-json\/wp\/v2\/media?parent=4450"}],"curies":[{"name":"wp","href":"https:\/\/api.w.org\/{rel}","templated":true}]}}