{"id":1489,"date":"2024-09-17T05:14:45","date_gmt":"2024-09-17T05:14:45","guid":{"rendered":"https:\/\/breeze.websenior.ro\/faq\/"},"modified":"2026-01-28T08:25:17","modified_gmt":"2026-01-28T08:25:17","slug":"intrebari-frecvente","status":"publish","type":"page","link":"https:\/\/breeze-pos.com\/ro\/intrebari-frecvente\/","title":{"rendered":"\u00centreb\u0103ri frecvente"},"content":{"rendered":"\n\n<section class=\"component component--staging-area dark\" style=\"background-color:#0b1120; background-position:inherit;\">\n        <div class=\"container\">\n        <div class=\"row d-flex align-items-center back-mobile\">\n            <div class=\"col-lg-6 col-12\">\n                            <h1 class=\"tagline\">Intrebari frecvente programe de gestiune<\/h1>\n            \n                            <div class=\"title align-text-left\">Ai \u00eentreb\u0103ri? Suntem aici s\u0103 te ajut\u0103m!<\/div>\n            \n                            <div class=\"intro-area align-text-left\"><p>Mai jos sunt r\u0103spunsurile la cele mai frecvente \u00eentreb\u0103ri. Dac\u0103 ai alte \u00eentreb\u0103ri, nu ezita s\u0103 ne contactezi.<\/p>\n<\/div>\n            \n            \n                        <\/div>\n            <div class=\"col-lg-6 col-12\">\n                            <figure>\n                    <img loading=\"lazy\" decoding=\"async\" src=\"https:\/\/breeze-pos.com\/wp-content\/uploads\/2024\/09\/Frame-1000002544.png\" alt=\"Ai \u00eentreb\u0103ri? Suntem aici s\u0103 te ajut\u0103m!\" width=\"610\" height=\"421\" class=\"relative featured-image-src\">\n                <\/figure>\n                        <\/div>\n        <\/div>\n    <\/div>\n    <\/section>\n\n\n<div class=\"wp-block-columns is-layout-flex wp-container-core-columns-is-layout-9d6595d7 wp-block-columns-is-layout-flex\">\n<div class=\"wp-block-column is-layout-flow wp-block-column-is-layout-flow\"><div style=\"height:0px;background-color:#0b1120; background-position:top;\" aria-hidden=\"true\" class=\"wp-block-spacer spacer-desktop component component-generic component--spacer light bg-position-top\"><\/div>\n<div style=\"height:0px;background-color:#0b1120; background-position:top;\" aria-hidden=\"true\" class=\"wp-block-spacer spacer-mobile component component-generic component--spacer light bg-position-top\"><\/div>\n\n\n<section class=\"component component-generic component--faq dark\" style=\"background-color:#0b1120; \">\n    <div class=\"container  pb-3 pb-md-4\">\n        \n                <h2 class=\"title rubik-500\">Intrebari frecvente programe de gestiune<\/h2>\n        \n            <\/div>\n\n    <div class=\"container pb-5 pb-md-5\">\n                <div class=\"faq-container row pb-2 pb-md-4\" itemscope itemtype=\"https:\/\/schema.org\/FAQPage\">\n                        <div class=\"col-12\">\n                <div class=\"faq-inner\" itemscope itemprop=\"mainEntity\" itemtype=\"https:\/\/schema.org\/Question\">\n                    <div class=\"faq-title rubik-500 relative\" itemprop=\"name\">\n                        Este Breeze u\u0219or de implementat \u0219i de utilizat?                        <div class=\"icon-faq d-flex justify-content-center align-items-center\">\n                            <span class=\"icon-minus-sign\"><\/span>\n                            <span class=\"icon-plus\"><\/span>\n                        <\/div>\n                    <\/div>\n                    <div class=\"raspuns\" itemscope itemprop=\"acceptedAnswer\" itemtype=\"https:\/\/schema.org\/Answer\">\n                        <div itemprop=\"text\">\n                            <p>Da, Breeze este conceput av\u00e2nd \u00een vedere u\u0219urin\u021ba de utilizare. Consultantii no\u0219tri exper\u021bi te vor asista cu configurarea \u0219i vor oferi instruire pentru a asigura o tranzi\u021bie lin\u0103. Interfa\u021ba intuitiv\u0103 asigur\u0103 c\u0103 personalul t\u0103u se poate adapta rapid \u0219i poate \u00eencepe s\u0103 utilizeze sistemul eficient.<\/p>\n                        <\/div>\n                    <\/div>\n                <\/div>\n            <\/div>\n                        <div class=\"col-12\">\n                <div class=\"faq-inner\" itemscope itemprop=\"mainEntity\" itemtype=\"https:\/\/schema.org\/Question\">\n                    <div class=\"faq-title rubik-500 relative\" itemprop=\"name\">\n                        Cum \u00eembun\u0103t\u0103\u021be\u0219te Breeze eficien\u021ba opera\u021bional\u0103?                        <div class=\"icon-faq d-flex justify-content-center align-items-center\">\n                            <span class=\"icon-minus-sign\"><\/span>\n                            <span class=\"icon-plus\"><\/span>\n                        <\/div>\n                    <\/div>\n                    <div class=\"raspuns\" itemscope itemprop=\"acceptedAnswer\" itemtype=\"https:\/\/schema.org\/Answer\">\n                        <div itemprop=\"text\">\n                            <p>Breeze \u00eembun\u0103t\u0103\u021be\u0219te eficien\u021ba opera\u021bional\u0103 prin integrarea unor instrumente avansate pentru gestionarea comenzilor, controlul inventarului \u0219i angajamentul clien\u021bilor. Ajut\u0103 la reducerea erorilor, accelereaz\u0103 serviciul \u0219i ofer\u0103 informa\u021bii \u00een timp real, permi\u021b\u00e2ndu-\u021bi s\u0103 iei decizii informate care s\u0103 sporeasc\u0103 productivitatea<\/p>\n                        <\/div>\n                    <\/div>\n                <\/div>\n            <\/div>\n                        <div class=\"col-12\">\n                <div class=\"faq-inner\" itemscope itemprop=\"mainEntity\" itemtype=\"https:\/\/schema.org\/Question\">\n                    <div class=\"faq-title rubik-500 relative\" itemprop=\"name\">\n                        Ce tipuri de restaurante pot folosi Breeze?                        <div class=\"icon-faq d-flex justify-content-center align-items-center\">\n                            <span class=\"icon-minus-sign\"><\/span>\n                            <span class=\"icon-plus\"><\/span>\n                        <\/div>\n                    <\/div>\n                    <div class=\"raspuns\" itemscope itemprop=\"acceptedAnswer\" itemtype=\"https:\/\/schema.org\/Answer\">\n                        <div itemprop=\"text\">\n                            <p>Breeze este versatil \u0219i potrivit pentru toate tipurile de restaurante, inclusiv restaurante cu servicii complete (TSR), restaurante cu servicii rapide (QSR) \u0219i restaurante de hotel. Este conceput pentru a r\u0103spunde nevoilor unice ale fiec\u0103rui tip de unitate.<\/p>\n                        <\/div>\n                    <\/div>\n                <\/div>\n            <\/div>\n                        <div class=\"col-12\">\n                <div class=\"faq-inner\" itemscope itemprop=\"mainEntity\" itemtype=\"https:\/\/schema.org\/Question\">\n                    <div class=\"faq-title rubik-500 relative\" itemprop=\"name\">\n                        Ce este Breeze \u0219i cum ajuta restaurantul meu?                        <div class=\"icon-faq d-flex justify-content-center align-items-center\">\n                            <span class=\"icon-minus-sign\"><\/span>\n                            <span class=\"icon-plus\"><\/span>\n                        <\/div>\n                    <\/div>\n                    <div class=\"raspuns\" itemscope itemprop=\"acceptedAnswer\" itemtype=\"https:\/\/schema.org\/Answer\">\n                        <div itemprop=\"text\">\n                            <p>Breeze este solu\u021bia digital\u0103, conceput\u0103 special pentru a optimiza opera\u021biunile restaurantului t\u0103u. Fiind singura solu\u021bie complet\u0103 de pe pia\u021b\u0103, Breeze simplific\u0103 procesele, \u00eembun\u0103t\u0103\u021be\u0219te viteza \u0219i acurate\u021bea serviciilor, cre\u0219te satisfac\u021bia clien\u021bilor \u0219i, \u00een cele din urm\u0103, \u00ee\u021bi boosteaz\u0103 v\u00e2nz\u0103rile.<\/p>\n                        <\/div>\n                    <\/div>\n                <\/div>\n            <\/div>\n                    <\/div>\n        \n        <div class=\"cta-btn-container d-flex align-content-center justify-content-center\">\n                <\/div>\n    <\/div>\n<\/section><\/div>\n<\/div>\n\n\n\n<div class=\"wp-block-group has-background\" style=\"background-color:#0b1120\"><div class=\"wp-block-group__inner-container is-layout-constrained wp-block-group-is-layout-constrained\">\n<div class=\"wp-block-columns container is-layout-flex wp-container-core-columns-is-layout-9d6595d7 wp-block-columns-is-layout-flex\">\n<div class=\"wp-block-column is-layout-flow wp-block-column-is-layout-flow\">\n<figure class=\"wp-block-image size-full\"><img loading=\"lazy\" decoding=\"async\" width=\"630\" height=\"630\" src=\"https:\/\/breeze-pos.com\/wp-content\/uploads\/2024\/09\/our-jurney.png\" alt=\"\" class=\"wp-image-936\" srcset=\"https:\/\/breeze-pos.com\/wp-content\/uploads\/2024\/09\/our-jurney.png 630w, https:\/\/breeze-pos.com\/wp-content\/uploads\/2024\/09\/our-jurney-300x300.png 300w, https:\/\/breeze-pos.com\/wp-content\/uploads\/2024\/09\/our-jurney-150x150.png 150w\" sizes=\"auto, (max-width: 630px) 100vw, 630px\" \/><\/figure>\n<\/div>\n\n\n\n<div class=\"wp-block-column is-layout-flow wp-block-column-is-layout-flow\">\n<section class=\"component component-generic component--contact-form dark\" style=\"background-color:#04955e; \">\n    <div class=\"container pb-0 pb-md-4\">\n        \n                    <div class=\"title rubik-500\">Suntem aici pentru a r\u0103spunde la \u00eentreb\u0103rile tale.<\/div>\n        \n            <\/div>\n\n    <div class=\"container\">\n        <div class=\"row\">\n                        <div class=\"col-12 col-lg-12\">\n                \n<div class=\"wpcf7 no-js\" id=\"wpcf7-f1419-o1\" lang=\"en-US\" dir=\"ltr\" data-wpcf7-id=\"1419\">\n<div class=\"screen-reader-response\"><p role=\"status\" aria-live=\"polite\" aria-atomic=\"true\"><\/p> <ul><\/ul><\/div>\n<form action=\"\/ro\/wp-json\/wp\/v2\/pages\/1489#wpcf7-f1419-o1\" method=\"post\" class=\"wpcf7-form init\" aria-label=\"Contact form\" novalidate=\"novalidate\" data-status=\"init\">\n<fieldset class=\"hidden-fields-container\"><input type=\"hidden\" name=\"_wpcf7\" value=\"1419\" \/><input type=\"hidden\" name=\"_wpcf7_version\" value=\"6.1.5\" \/><input type=\"hidden\" name=\"_wpcf7_locale\" value=\"en_US\" \/><input type=\"hidden\" name=\"_wpcf7_unit_tag\" value=\"wpcf7-f1419-o1\" \/><input type=\"hidden\" name=\"_wpcf7_container_post\" value=\"0\" \/><input type=\"hidden\" name=\"_wpcf7_posted_data_hash\" value=\"\" \/>\n<\/fieldset>\n<div class=\"row\">\n<div class=\"col-12 col-lg-12\">\n<\/div>\n\n<div class=\"col-12 col-lg-6\">\n<label> Nume\n    <span class=\"wpcf7-form-control-wrap\" data-name=\"your-lastname\"><input size=\"40\" maxlength=\"400\" class=\"wpcf7-form-control wpcf7-text wpcf7-validates-as-required\" autocomplete=\"name\" aria-required=\"true\" aria-invalid=\"false\" value=\"\" type=\"text\" name=\"your-lastname\" \/><\/span> <\/label>\n<\/div>\n\n<div class=\"col-12 col-lg-6\">\n<label> Prenume\n    <span class=\"wpcf7-form-control-wrap\" data-name=\"your-firstname\"><input size=\"40\" maxlength=\"400\" class=\"wpcf7-form-control wpcf7-text wpcf7-validates-as-required\" autocomplete=\"name\" aria-required=\"true\" aria-invalid=\"false\" value=\"\" type=\"text\" name=\"your-firstname\" \/><\/span> <\/label>\n<\/div>\n\n<div class=\"col-12 col-lg-6\">\n<label> E-mail\n    <span class=\"wpcf7-form-control-wrap\" data-name=\"your-email\"><input size=\"40\" maxlength=\"400\" class=\"wpcf7-form-control wpcf7-email wpcf7-validates-as-required wpcf7-text wpcf7-validates-as-email\" autocomplete=\"email\" aria-required=\"true\" aria-invalid=\"false\" value=\"\" type=\"email\" name=\"your-email\" \/><\/span> <\/label>\n<\/div>\n\n<div class=\"col-12 col-lg-6\">\n<label> Telefon\n    <span class=\"wpcf7-form-control-wrap\" data-name=\"your-telephone\"><input size=\"40\" maxlength=\"400\" class=\"wpcf7-form-control wpcf7-tel wpcf7-validates-as-required wpcf7-text wpcf7-validates-as-tel\" aria-required=\"true\" aria-invalid=\"false\" value=\"\" type=\"tel\" name=\"your-telephone\" \/><\/span> <\/label>\n<\/div>\n\n<div class=\"col-12 col-lg-12\">\n<label> Companie\n    <span class=\"wpcf7-form-control-wrap\" data-name=\"your-subject\"><input size=\"40\" maxlength=\"400\" class=\"wpcf7-form-control wpcf7-text wpcf7-validates-as-required\" aria-required=\"true\" aria-invalid=\"false\" value=\"\" type=\"text\" name=\"your-subject\" \/><\/span> <\/label>\n<\/div>\n\n<div class=\"col-12 col-lg-12\">\n<label> Tip business\n    <span class=\"wpcf7-form-control-wrap\" data-name=\"select-310\"><select class=\"wpcf7-form-control wpcf7-select\" aria-invalid=\"false\" name=\"select-310\"><option value=\"\">Selecta\u021bi tipul de business<\/option><option value=\"Restaurant &amp; Fast Food\">Restaurant &amp; Fast Food<\/option><option value=\"Hotel &amp; Resort\">Hotel &amp; Resort<\/option><option value=\"Spa &amp; Wellness\">Spa &amp; Wellness<\/option><\/select><\/span> <\/label>\n<\/div>\n\n<div class=\"col-12 col-lg-12\">\n<label> Ora\u0219\n    <span class=\"wpcf7-form-control-wrap\" data-name=\"text-776\"><input size=\"40\" maxlength=\"150\" minlength=\"1\" class=\"wpcf7-form-control wpcf7-text\" aria-invalid=\"false\" value=\"\" type=\"text\" name=\"text-776\" \/><\/span> <\/label>\n<\/div>\n\n<div class=\"col-12 col-lg-12\">\n<label> Mesaj\n    <span class=\"wpcf7-form-control-wrap\" data-name=\"textarea-16\"><textarea cols=\"40\" rows=\"10\" maxlength=\"2000\" class=\"wpcf7-form-control wpcf7-textarea\" aria-invalid=\"false\" name=\"textarea-16\"><\/textarea><\/span> <\/label>\n<\/div>\n\n<div class=\"col-12\">\n<span class=\"wpcf7-form-control-wrap\" data-name=\"acceptance-244\"><span class=\"wpcf7-form-control wpcf7-acceptance optional\"><span class=\"wpcf7-list-item\"><label><input type=\"checkbox\" name=\"acceptance-244\" value=\"1\" aria-invalid=\"false\" \/><span class=\"wpcf7-list-item-label\">Autorizez compania s\u0103 de\u021bin\u0103 \u0219i s\u0103 prelucreze informa\u021biile mele pentru a-mi trimite e-mailuri legate de produse. <span class=\"checkmark\"><span class=\"icon-check\"><\/span><\/span><\/span><\/label><\/span><\/span><\/span>\n<\/div>\n<div class=\"col-12\">\n<span class=\"wpcf7-form-control-wrap\" data-name=\"acord-date\"><span class=\"wpcf7-form-control wpcf7-acceptance\"><span class=\"wpcf7-list-item\"><label><input type=\"checkbox\" name=\"acord-date\" value=\"1\" class=\"form-control\" id=\"date-acord\" aria-invalid=\"false\" \/><span class=\"wpcf7-list-item-label\">Sunt de acord cu <a target=\"_blank\" href=\"https:\/\/breeze-pos.com\/ro\/politica-de-confidentialitate\/\">Politica de confiden\u021bialitate<\/a> \u0219i cu <a target=\"_blank\" href=\"https:\/\/breeze-pos.com\/ro\/termeni-si-conditii\/\">Termenii \u0219i condi\u021biile<\/a>. <span class=\"checkmark\"><span class=\"icon-check\"><\/span><\/span><\/span><\/label><\/span><\/span><\/span>\n<\/div>\n<div class=\"col-12\">\n<input class=\"wpcf7-form-control wpcf7-submit has-spinner\" type=\"submit\" value=\"Trimite\" \/>\n<\/div>\n<\/div><div class=\"wpcf7-response-output\" aria-hidden=\"true\"><\/div>\n<\/form>\n<\/div>\n\n            <\/div>\n                    <\/div>\n\n        <div class=\"cta-btn-container d-flex align-content-center justify-content-center\">\n                    <\/div>\n    <\/div>\n<\/section><\/div>\n<\/div>\n<\/div><\/div>\n\n\n\n<div class=\"wp-block-columns is-layout-flex wp-container-core-columns-is-layout-9d6595d7 wp-block-columns-is-layout-flex\">\n<div class=\"wp-block-column is-layout-flow wp-block-column-is-layout-flow\"><div style=\"height:77px;background-color:#0b1120; background-position:top;\" aria-hidden=\"true\" class=\"wp-block-spacer spacer-desktop component component-generic component--spacer light bg-position-top\"><\/div>\n<div style=\"height:46px;background-color:#0b1120; background-position:top;\" aria-hidden=\"true\" class=\"wp-block-spacer spacer-mobile component component-generic component--spacer light bg-position-top\"><\/div><\/div>\n<\/div>\n","protected":false},"excerpt":{"rendered":"","protected":false},"author":1,"featured_media":0,"parent":0,"menu_order":0,"comment_status":"closed","ping_status":"closed","template":"","meta":{"_acf_changed":false,"footnotes":""},"class_list":["post-1489","page","type-page","status-publish","hentry"],"acf":[],"yoast_head":"<!-- This site is optimized with the Yoast SEO plugin v27.2 - https:\/\/yoast.com\/product\/yoast-seo-wordpress\/ -->\n<title>Intrebari frecvente soft gestiune Breeze POS<\/title>\n<meta name=\"description\" content=\"Descopera acum cele mai comune intrebari pentru sistemele de gestiune cu integrare pentru restaurant si hotel si afla tot ce trebuie!\" \/>\n<meta name=\"robots\" content=\"index, follow, max-snippet:-1, max-image-preview:large, max-video-preview:-1\" \/>\n<link rel=\"canonical\" href=\"https:\/\/breeze-pos.com\/ro\/intrebari-frecvente\/\" \/>\n<meta property=\"og:locale\" content=\"ro_RO\" \/>\n<meta property=\"og:type\" content=\"article\" \/>\n<meta property=\"og:title\" content=\"Intrebari frecvente soft gestiune Breeze POS\" \/>\n<meta property=\"og:description\" content=\"Descopera acum cele mai comune intrebari pentru sistemele de gestiune cu integrare pentru restaurant si hotel si afla tot ce trebuie!\" \/>\n<meta property=\"og:url\" content=\"https:\/\/breeze-pos.com\/ro\/intrebari-frecvente\/\" \/>\n<meta property=\"og:site_name\" content=\"Breeze\" \/>\n<meta property=\"article:modified_time\" content=\"2026-01-28T08:25:17+00:00\" \/>\n<meta property=\"og:image\" content=\"https:\/\/breeze-pos.com\/wp-content\/uploads\/2024\/09\/our-jurney.png\" \/>\n<meta name=\"twitter:card\" content=\"summary_large_image\" \/>\n<meta name=\"twitter:label1\" content=\"Timp estimat pentru citire\" \/>\n\t<meta name=\"twitter:data1\" content=\"1 minut\" \/>\n<script type=\"application\/ld+json\" class=\"yoast-schema-graph\">{\"@context\":\"https:\/\/schema.org\",\"@graph\":[{\"@type\":\"WebPage\",\"@id\":\"https:\/\/breeze-pos.com\/ro\/intrebari-frecvente\/\",\"url\":\"https:\/\/breeze-pos.com\/ro\/intrebari-frecvente\/\",\"name\":\"Intrebari frecvente soft gestiune Breeze POS\",\"isPartOf\":{\"@id\":\"https:\/\/breeze-pos.com\/#website\"},\"primaryImageOfPage\":{\"@id\":\"https:\/\/breeze-pos.com\/ro\/intrebari-frecvente\/#primaryimage\"},\"image\":{\"@id\":\"https:\/\/breeze-pos.com\/ro\/intrebari-frecvente\/#primaryimage\"},\"thumbnailUrl\":\"https:\/\/breeze-pos.com\/wp-content\/uploads\/2024\/09\/our-jurney.png\",\"datePublished\":\"2024-09-17T05:14:45+00:00\",\"dateModified\":\"2026-01-28T08:25:17+00:00\",\"description\":\"Descopera acum cele mai comune intrebari pentru sistemele de gestiune cu integrare pentru restaurant si hotel si afla tot ce trebuie!\",\"breadcrumb\":{\"@id\":\"https:\/\/breeze-pos.com\/ro\/intrebari-frecvente\/#breadcrumb\"},\"inLanguage\":\"ro-RO\",\"potentialAction\":[{\"@type\":\"ReadAction\",\"target\":[\"https:\/\/breeze-pos.com\/ro\/intrebari-frecvente\/\"]}]},{\"@type\":\"ImageObject\",\"inLanguage\":\"ro-RO\",\"@id\":\"https:\/\/breeze-pos.com\/ro\/intrebari-frecvente\/#primaryimage\",\"url\":\"https:\/\/breeze-pos.com\/wp-content\/uploads\/2024\/09\/our-jurney.png\",\"contentUrl\":\"https:\/\/breeze-pos.com\/wp-content\/uploads\/2024\/09\/our-jurney.png\"},{\"@type\":\"BreadcrumbList\",\"@id\":\"https:\/\/breeze-pos.com\/ro\/intrebari-frecvente\/#breadcrumb\",\"itemListElement\":[{\"@type\":\"ListItem\",\"position\":1,\"name\":\"Home\",\"item\":\"https:\/\/breeze-pos.com\/ro\/\"},{\"@type\":\"ListItem\",\"position\":2,\"name\":\"\u00centreb\u0103ri frecvente\"}]},{\"@type\":\"WebSite\",\"@id\":\"https:\/\/breeze-pos.com\/#website\",\"url\":\"https:\/\/breeze-pos.com\/\",\"name\":\"Breeze\",\"description\":\"\",\"potentialAction\":[{\"@type\":\"SearchAction\",\"target\":{\"@type\":\"EntryPoint\",\"urlTemplate\":\"https:\/\/breeze-pos.com\/?s={search_term_string}\"},\"query-input\":{\"@type\":\"PropertyValueSpecification\",\"valueRequired\":true,\"valueName\":\"search_term_string\"}}],\"inLanguage\":\"ro-RO\"}]}<\/script>\n<!-- \/ Yoast SEO plugin. -->","yoast_head_json":{"title":"Intrebari frecvente soft gestiune Breeze POS","description":"Descopera acum cele mai comune intrebari pentru sistemele de gestiune cu integrare pentru restaurant si hotel si afla tot ce trebuie!","robots":{"index":"index","follow":"follow","max-snippet":"max-snippet:-1","max-image-preview":"max-image-preview:large","max-video-preview":"max-video-preview:-1"},"canonical":"https:\/\/breeze-pos.com\/ro\/intrebari-frecvente\/","og_locale":"ro_RO","og_type":"article","og_title":"Intrebari frecvente soft gestiune Breeze POS","og_description":"Descopera acum cele mai comune intrebari pentru sistemele de gestiune cu integrare pentru restaurant si hotel si afla tot ce trebuie!","og_url":"https:\/\/breeze-pos.com\/ro\/intrebari-frecvente\/","og_site_name":"Breeze","article_modified_time":"2026-01-28T08:25:17+00:00","og_image":[{"url":"https:\/\/breeze-pos.com\/wp-content\/uploads\/2024\/09\/our-jurney.png","type":"","width":"","height":""}],"twitter_card":"summary_large_image","twitter_misc":{"Timp estimat pentru citire":"1 minut"},"schema":{"@context":"https:\/\/schema.org","@graph":[{"@type":"WebPage","@id":"https:\/\/breeze-pos.com\/ro\/intrebari-frecvente\/","url":"https:\/\/breeze-pos.com\/ro\/intrebari-frecvente\/","name":"Intrebari frecvente soft gestiune Breeze POS","isPartOf":{"@id":"https:\/\/breeze-pos.com\/#website"},"primaryImageOfPage":{"@id":"https:\/\/breeze-pos.com\/ro\/intrebari-frecvente\/#primaryimage"},"image":{"@id":"https:\/\/breeze-pos.com\/ro\/intrebari-frecvente\/#primaryimage"},"thumbnailUrl":"https:\/\/breeze-pos.com\/wp-content\/uploads\/2024\/09\/our-jurney.png","datePublished":"2024-09-17T05:14:45+00:00","dateModified":"2026-01-28T08:25:17+00:00","description":"Descopera acum cele mai comune intrebari pentru sistemele de gestiune cu integrare pentru restaurant si hotel si afla tot ce trebuie!","breadcrumb":{"@id":"https:\/\/breeze-pos.com\/ro\/intrebari-frecvente\/#breadcrumb"},"inLanguage":"ro-RO","potentialAction":[{"@type":"ReadAction","target":["https:\/\/breeze-pos.com\/ro\/intrebari-frecvente\/"]}]},{"@type":"ImageObject","inLanguage":"ro-RO","@id":"https:\/\/breeze-pos.com\/ro\/intrebari-frecvente\/#primaryimage","url":"https:\/\/breeze-pos.com\/wp-content\/uploads\/2024\/09\/our-jurney.png","contentUrl":"https:\/\/breeze-pos.com\/wp-content\/uploads\/2024\/09\/our-jurney.png"},{"@type":"BreadcrumbList","@id":"https:\/\/breeze-pos.com\/ro\/intrebari-frecvente\/#breadcrumb","itemListElement":[{"@type":"ListItem","position":1,"name":"Home","item":"https:\/\/breeze-pos.com\/ro\/"},{"@type":"ListItem","position":2,"name":"\u00centreb\u0103ri frecvente"}]},{"@type":"WebSite","@id":"https:\/\/breeze-pos.com\/#website","url":"https:\/\/breeze-pos.com\/","name":"Breeze","description":"","potentialAction":[{"@type":"SearchAction","target":{"@type":"EntryPoint","urlTemplate":"https:\/\/breeze-pos.com\/?s={search_term_string}"},"query-input":{"@type":"PropertyValueSpecification","valueRequired":true,"valueName":"search_term_string"}}],"inLanguage":"ro-RO"}]}},"_links":{"self":[{"href":"https:\/\/breeze-pos.com\/ro\/wp-json\/wp\/v2\/pages\/1489","targetHints":{"allow":["GET"]}}],"collection":[{"href":"https:\/\/breeze-pos.com\/ro\/wp-json\/wp\/v2\/pages"}],"about":[{"href":"https:\/\/breeze-pos.com\/ro\/wp-json\/wp\/v2\/types\/page"}],"author":[{"embeddable":true,"href":"https:\/\/breeze-pos.com\/ro\/wp-json\/wp\/v2\/users\/1"}],"replies":[{"embeddable":true,"href":"https:\/\/breeze-pos.com\/ro\/wp-json\/wp\/v2\/comments?post=1489"}],"version-history":[{"count":21,"href":"https:\/\/breeze-pos.com\/ro\/wp-json\/wp\/v2\/pages\/1489\/revisions"}],"predecessor-version":[{"id":2312,"href":"https:\/\/breeze-pos.com\/ro\/wp-json\/wp\/v2\/pages\/1489\/revisions\/2312"}],"wp:attachment":[{"href":"https:\/\/breeze-pos.com\/ro\/wp-json\/wp\/v2\/media?parent=1489"}],"curies":[{"name":"wp","href":"https:\/\/api.w.org\/{rel}","templated":true}]}}