{"id":1519,"date":"2024-09-22T17:29:50","date_gmt":"2024-09-22T17:29:50","guid":{"rendered":"https:\/\/breeze.websenior.ro\/resources\/"},"modified":"2025-02-26T07:09:06","modified_gmt":"2025-02-26T07:09:06","slug":"resources","status":"publish","type":"page","link":"https:\/\/breeze-pos.com\/ro\/resources\/","title":{"rendered":"Resurse"},"content":{"rendered":"<div style=\"height:50px;background-color:#0b1120; background-position:top;\" aria-hidden=\"true\" class=\"wp-block-spacer spacer-desktop component component-generic component--spacer light bg-position-top\"><\/div>\n<div style=\"height:30px;background-color:#0b1120; background-position:top;\" aria-hidden=\"true\" class=\"wp-block-spacer spacer-mobile component component-generic component--spacer light bg-position-top\"><\/div>\n\n<section class=\"component component-generic component-resources dark bg-position-top\" style=\"background-color:#0b1120; \">\n    <div class=\"container pb-0 pb-md-4\">\n        \n        \n            <\/div>\n\n    <div class=\"container blog-area mb-0 mb-md-5\">\n                    <div class=\"resources-row row row-cols-auto row-cols-md-3 row-cols-lg-4 pb-3 pb-md-4\">\n                            <div class=\"col-12\">\n                    <div class=\"inner-articles mb-5\">\n                        \n                        <div class=\"article-title fs-24 rubik-500 mt-3 mb-3\">Scan&#038;Order<\/div>\n\n                                                <div class=\"cta-btn-container\">\n                            <a class=\"btn btn-primary btn-cta\" href=\"https:\/\/breeze-pos.com\/wp-content\/uploads\/2024\/09\/RO_data-sheet-ScanOrder.pdf\" download>Download <i class=\"icon-download\"><\/i><\/a>\n                        <\/div>\n                        \n\n                    <\/div>\n                <\/div>\n                            <div class=\"col-12\">\n                    <div class=\"inner-articles mb-5\">\n                        \n                        <div class=\"article-title fs-24 rubik-500 mt-3 mb-3\">ServUs<\/div>\n\n                                                <div class=\"cta-btn-container\">\n                            <a class=\"btn btn-primary btn-cta\" href=\"https:\/\/breeze-pos.com\/wp-content\/uploads\/2024\/09\/EG_data-sheet-ServUs.pdf\" download>Download <i class=\"icon-download\"><\/i><\/a>\n                        <\/div>\n                        \n\n                    <\/div>\n                <\/div>\n                            <div class=\"col-12\">\n                    <div class=\"inner-articles mb-5\">\n                        \n                        <div class=\"article-title fs-24 rubik-500 mt-3 mb-3\">Mobile App<\/div>\n\n                                                <div class=\"cta-btn-container\">\n                            <a class=\"btn btn-primary btn-cta\" href=\"https:\/\/breeze-pos.com\/wp-content\/uploads\/2024\/09\/RO_data-sheet-Mobile-App.pdf\" download>Download <i class=\"icon-download\"><\/i><\/a>\n                        <\/div>\n                        \n\n                    <\/div>\n                <\/div>\n                            <div class=\"col-12\">\n                    <div class=\"inner-articles mb-5\">\n                        \n                        <div class=\"article-title fs-24 rubik-500 mt-3 mb-3\">Kiosk<\/div>\n\n                                                <div class=\"cta-btn-container\">\n                            <a class=\"btn btn-primary btn-cta\" href=\"https:\/\/breeze-pos.com\/wp-content\/uploads\/2024\/09\/RO_data-sheet-Kiosk.pdf\" download>Download <i class=\"icon-download\"><\/i><\/a>\n                        <\/div>\n                        \n\n                    <\/div>\n                <\/div>\n                            <div class=\"col-12\">\n                    <div class=\"inner-articles mb-5\">\n                        \n                        <div class=\"article-title fs-24 rubik-500 mt-3 mb-3\">Delivery<\/div>\n\n                                                <div class=\"cta-btn-container\">\n                            <a class=\"btn btn-primary btn-cta\" href=\"https:\/\/breeze-pos.com\/wp-content\/uploads\/2024\/09\/RO_data-sheet-Delivery.pdf\" download>Download <i class=\"icon-download\"><\/i><\/a>\n                        <\/div>\n                        \n\n                    <\/div>\n                <\/div>\n                            <div class=\"col-12\">\n                    <div class=\"inner-articles mb-5\">\n                        \n                        <div class=\"article-title fs-24 rubik-500 mt-3 mb-3\">Breeze KDS<\/div>\n\n                                                <div class=\"cta-btn-container\">\n                            <a class=\"btn btn-primary btn-cta\" href=\"https:\/\/breeze-pos.com\/wp-content\/uploads\/2024\/09\/RO_data-sheet-Breeze-KDS.pdf\" download>Download <i class=\"icon-download\"><\/i><\/a>\n                        <\/div>\n                        \n\n                    <\/div>\n                <\/div>\n                            <div class=\"col-12\">\n                    <div class=\"inner-articles mb-5\">\n                        \n                        <div class=\"article-title fs-24 rubik-500 mt-3 mb-3\">eCommerce<\/div>\n\n                                                <div class=\"cta-btn-container\">\n                            <a class=\"btn btn-primary btn-cta\" href=\"https:\/\/breeze-pos.com\/wp-content\/uploads\/2024\/09\/RO_data-sheet-eCommerce.pdf\" download>Download <i class=\"icon-download\"><\/i><\/a>\n                        <\/div>\n                        \n\n                    <\/div>\n                <\/div>\n                        <\/div>\n            <\/div>\n\n    <div class=\"container relative\">\n        <div class=\"cta-btn-container d-flex align-content-center justify-content-center\">\n                <\/div>\n    <\/div>\n<\/section>\n\n<div style=\"height:85px;background-color:#ffffff; background-position:top;\" aria-hidden=\"true\" class=\"wp-block-spacer spacer-desktop component component-generic component--spacer light bg-position-top\"><\/div>\n<div style=\"height:30px;background-color:#ffffff; background-position:top;\" aria-hidden=\"true\" class=\"wp-block-spacer spacer-mobile component component-generic component--spacer light bg-position-top\"><\/div>\n\n\n<div class=\"wp-block-columns container is-layout-flex wp-container-core-columns-is-layout-9d6595d7 wp-block-columns-is-layout-flex\">\n<div class=\"wp-block-column is-layout-flow wp-block-column-is-layout-flow\">\n<figure class=\"wp-block-image size-full\"><img loading=\"lazy\" decoding=\"async\" width=\"630\" height=\"630\" src=\"https:\/\/breeze-pos.com\/wp-content\/uploads\/2024\/09\/our-jurney.png\" alt=\"\" class=\"wp-image-936\" srcset=\"https:\/\/breeze-pos.com\/wp-content\/uploads\/2024\/09\/our-jurney.png 630w, https:\/\/breeze-pos.com\/wp-content\/uploads\/2024\/09\/our-jurney-300x300.png 300w, https:\/\/breeze-pos.com\/wp-content\/uploads\/2024\/09\/our-jurney-150x150.png 150w\" sizes=\"auto, (max-width: 630px) 100vw, 630px\" \/><\/figure>\n<\/div>\n\n\n\n<div class=\"wp-block-column is-layout-flow wp-block-column-is-layout-flow\">\n<section class=\"component component-generic component--contact-form dark\" style=\"background-color:#04955e; \">\n    <div class=\"container pb-0 pb-md-4\">\n        \n                    <div class=\"title rubik-500\">Suntem aici pentru a r\u0103spunde la \u00eentreb\u0103rile tale.<\/div>\n        \n            <\/div>\n\n    <div class=\"container\">\n        <div class=\"row\">\n                        <div class=\"col-12 col-lg-12\">\n                \n<div class=\"wpcf7 no-js\" id=\"wpcf7-f1419-o1\" lang=\"en-US\" dir=\"ltr\" data-wpcf7-id=\"1419\">\n<div class=\"screen-reader-response\"><p role=\"status\" aria-live=\"polite\" aria-atomic=\"true\"><\/p> <ul><\/ul><\/div>\n<form action=\"\/ro\/wp-json\/wp\/v2\/pages\/1519#wpcf7-f1419-o1\" method=\"post\" class=\"wpcf7-form init\" aria-label=\"Contact form\" novalidate=\"novalidate\" data-status=\"init\">\n<fieldset class=\"hidden-fields-container\"><input type=\"hidden\" name=\"_wpcf7\" value=\"1419\" \/><input type=\"hidden\" name=\"_wpcf7_version\" value=\"6.1.5\" \/><input type=\"hidden\" name=\"_wpcf7_locale\" value=\"en_US\" \/><input type=\"hidden\" name=\"_wpcf7_unit_tag\" value=\"wpcf7-f1419-o1\" \/><input type=\"hidden\" name=\"_wpcf7_container_post\" value=\"0\" \/><input type=\"hidden\" name=\"_wpcf7_posted_data_hash\" value=\"\" \/>\n<\/fieldset>\n<div class=\"row\">\n<div class=\"col-12 col-lg-12\">\n<\/div>\n\n<div class=\"col-12 col-lg-6\">\n<label> Nume\n    <span class=\"wpcf7-form-control-wrap\" data-name=\"your-lastname\"><input size=\"40\" maxlength=\"400\" class=\"wpcf7-form-control wpcf7-text wpcf7-validates-as-required\" autocomplete=\"name\" aria-required=\"true\" aria-invalid=\"false\" value=\"\" type=\"text\" name=\"your-lastname\" \/><\/span> <\/label>\n<\/div>\n\n<div class=\"col-12 col-lg-6\">\n<label> Prenume\n    <span class=\"wpcf7-form-control-wrap\" data-name=\"your-firstname\"><input size=\"40\" maxlength=\"400\" class=\"wpcf7-form-control wpcf7-text wpcf7-validates-as-required\" autocomplete=\"name\" aria-required=\"true\" aria-invalid=\"false\" value=\"\" type=\"text\" name=\"your-firstname\" \/><\/span> <\/label>\n<\/div>\n\n<div class=\"col-12 col-lg-6\">\n<label> E-mail\n    <span class=\"wpcf7-form-control-wrap\" data-name=\"your-email\"><input size=\"40\" maxlength=\"400\" class=\"wpcf7-form-control wpcf7-email wpcf7-validates-as-required wpcf7-text wpcf7-validates-as-email\" autocomplete=\"email\" aria-required=\"true\" aria-invalid=\"false\" value=\"\" type=\"email\" name=\"your-email\" \/><\/span> <\/label>\n<\/div>\n\n<div class=\"col-12 col-lg-6\">\n<label> Telefon\n    <span class=\"wpcf7-form-control-wrap\" data-name=\"your-telephone\"><input size=\"40\" maxlength=\"400\" class=\"wpcf7-form-control wpcf7-tel wpcf7-validates-as-required wpcf7-text wpcf7-validates-as-tel\" aria-required=\"true\" aria-invalid=\"false\" value=\"\" type=\"tel\" name=\"your-telephone\" \/><\/span> <\/label>\n<\/div>\n\n<div class=\"col-12 col-lg-12\">\n<label> Companie\n    <span class=\"wpcf7-form-control-wrap\" data-name=\"your-subject\"><input size=\"40\" maxlength=\"400\" class=\"wpcf7-form-control wpcf7-text wpcf7-validates-as-required\" aria-required=\"true\" aria-invalid=\"false\" value=\"\" type=\"text\" name=\"your-subject\" \/><\/span> <\/label>\n<\/div>\n\n<div class=\"col-12 col-lg-12\">\n<label> Tip business\n    <span class=\"wpcf7-form-control-wrap\" data-name=\"select-310\"><select class=\"wpcf7-form-control wpcf7-select\" aria-invalid=\"false\" name=\"select-310\"><option value=\"\">Selecta\u021bi tipul de business<\/option><option value=\"Restaurant &amp; Fast Food\">Restaurant &amp; Fast Food<\/option><option value=\"Hotel &amp; Resort\">Hotel &amp; Resort<\/option><option value=\"Spa &amp; Wellness\">Spa &amp; Wellness<\/option><\/select><\/span> <\/label>\n<\/div>\n\n<div class=\"col-12 col-lg-12\">\n<label> Ora\u0219\n    <span class=\"wpcf7-form-control-wrap\" data-name=\"text-776\"><input size=\"40\" maxlength=\"150\" minlength=\"1\" class=\"wpcf7-form-control wpcf7-text\" aria-invalid=\"false\" value=\"\" type=\"text\" name=\"text-776\" \/><\/span> <\/label>\n<\/div>\n\n<div class=\"col-12 col-lg-12\">\n<label> Mesaj\n    <span class=\"wpcf7-form-control-wrap\" data-name=\"textarea-16\"><textarea cols=\"40\" rows=\"10\" maxlength=\"2000\" class=\"wpcf7-form-control wpcf7-textarea\" aria-invalid=\"false\" name=\"textarea-16\"><\/textarea><\/span> <\/label>\n<\/div>\n\n<div class=\"col-12\">\n<span class=\"wpcf7-form-control-wrap\" data-name=\"acceptance-244\"><span class=\"wpcf7-form-control wpcf7-acceptance optional\"><span class=\"wpcf7-list-item\"><label><input type=\"checkbox\" name=\"acceptance-244\" value=\"1\" aria-invalid=\"false\" \/><span class=\"wpcf7-list-item-label\">Autorizez compania s\u0103 de\u021bin\u0103 \u0219i s\u0103 prelucreze informa\u021biile mele pentru a-mi trimite e-mailuri legate de produse. <span class=\"checkmark\"><span class=\"icon-check\"><\/span><\/span><\/span><\/label><\/span><\/span><\/span>\n<\/div>\n<div class=\"col-12\">\n<span class=\"wpcf7-form-control-wrap\" data-name=\"acord-date\"><span class=\"wpcf7-form-control wpcf7-acceptance\"><span class=\"wpcf7-list-item\"><label><input type=\"checkbox\" name=\"acord-date\" value=\"1\" class=\"form-control\" id=\"date-acord\" aria-invalid=\"false\" \/><span class=\"wpcf7-list-item-label\">Sunt de acord cu <a target=\"_blank\" href=\"https:\/\/breeze-pos.com\/ro\/politica-de-confidentialitate\/\">Politica de confiden\u021bialitate<\/a> \u0219i cu <a target=\"_blank\" href=\"https:\/\/breeze-pos.com\/ro\/termeni-si-conditii\/\">Termenii \u0219i condi\u021biile<\/a>. <span class=\"checkmark\"><span class=\"icon-check\"><\/span><\/span><\/span><\/label><\/span><\/span><\/span>\n<\/div>\n<div class=\"col-12\">\n<input class=\"wpcf7-form-control wpcf7-submit has-spinner\" type=\"submit\" value=\"Trimite\" \/>\n<\/div>\n<\/div><div class=\"wpcf7-response-output\" aria-hidden=\"true\"><\/div>\n<\/form>\n<\/div>\n\n            <\/div>\n                    <\/div>\n\n        <div class=\"cta-btn-container d-flex align-content-center justify-content-center\">\n                    <\/div>\n    <\/div>\n<\/section><\/div>\n<\/div>\n\n\n<div style=\"height:85px;background-color:#ffffff; background-position:top;\" aria-hidden=\"true\" class=\"wp-block-spacer spacer-desktop component component-generic component--spacer light bg-position-top\"><\/div>\n<div style=\"height:30px;background-color:#ffffff; background-position:top;\" aria-hidden=\"true\" class=\"wp-block-spacer spacer-mobile component component-generic component--spacer light bg-position-top\"><\/div>","protected":false},"excerpt":{"rendered":"","protected":false},"author":1,"featured_media":0,"parent":0,"menu_order":0,"comment_status":"closed","ping_status":"closed","template":"","meta":{"_acf_changed":false,"footnotes":""},"class_list":["post-1519","page","type-page","status-publish","hentry"],"acf":[],"yoast_head":"<!-- This site is optimized with the Yoast SEO plugin v27.2 - https:\/\/yoast.com\/product\/yoast-seo-wordpress\/ -->\n<title>Resurse Breeze \u2013 sistem POS restaurant<\/title>\n<meta name=\"robots\" content=\"index, follow, max-snippet:-1, max-image-preview:large, max-video-preview:-1\" \/>\n<link rel=\"canonical\" href=\"https:\/\/breeze-pos.com\/ro\/resources\/\" \/>\n<meta property=\"og:locale\" content=\"ro_RO\" \/>\n<meta property=\"og:type\" content=\"article\" \/>\n<meta property=\"og:title\" content=\"Resurse Breeze \u2013 sistem POS restaurant\" \/>\n<meta property=\"og:url\" content=\"https:\/\/breeze-pos.com\/ro\/resources\/\" \/>\n<meta property=\"og:site_name\" content=\"Breeze\" \/>\n<meta property=\"article:modified_time\" content=\"2025-02-26T07:09:06+00:00\" \/>\n<meta property=\"og:image\" content=\"https:\/\/breeze-pos.com\/wp-content\/uploads\/2024\/09\/our-jurney.png\" \/>\n\t<meta property=\"og:image:width\" content=\"630\" \/>\n\t<meta property=\"og:image:height\" content=\"630\" \/>\n\t<meta property=\"og:image:type\" content=\"image\/png\" \/>\n<meta name=\"twitter:card\" content=\"summary_large_image\" \/>\n<meta name=\"twitter:label1\" content=\"Timp estimat pentru citire\" \/>\n\t<meta name=\"twitter:data1\" content=\"1 minut\" \/>\n<script type=\"application\/ld+json\" class=\"yoast-schema-graph\">{\"@context\":\"https:\/\/schema.org\",\"@graph\":[{\"@type\":\"WebPage\",\"@id\":\"https:\/\/breeze-pos.com\/ro\/resources\/\",\"url\":\"https:\/\/breeze-pos.com\/ro\/resources\/\",\"name\":\"Resurse Breeze \u2013 sistem POS restaurant\",\"isPartOf\":{\"@id\":\"https:\/\/breeze-pos.com\/#website\"},\"primaryImageOfPage\":{\"@id\":\"https:\/\/breeze-pos.com\/ro\/resources\/#primaryimage\"},\"image\":{\"@id\":\"https:\/\/breeze-pos.com\/ro\/resources\/#primaryimage\"},\"thumbnailUrl\":\"https:\/\/breeze-pos.com\/wp-content\/uploads\/2024\/09\/our-jurney.png\",\"datePublished\":\"2024-09-22T17:29:50+00:00\",\"dateModified\":\"2025-02-26T07:09:06+00:00\",\"breadcrumb\":{\"@id\":\"https:\/\/breeze-pos.com\/ro\/resources\/#breadcrumb\"},\"inLanguage\":\"ro-RO\",\"potentialAction\":[{\"@type\":\"ReadAction\",\"target\":[\"https:\/\/breeze-pos.com\/ro\/resources\/\"]}]},{\"@type\":\"ImageObject\",\"inLanguage\":\"ro-RO\",\"@id\":\"https:\/\/breeze-pos.com\/ro\/resources\/#primaryimage\",\"url\":\"https:\/\/breeze-pos.com\/wp-content\/uploads\/2024\/09\/our-jurney.png\",\"contentUrl\":\"https:\/\/breeze-pos.com\/wp-content\/uploads\/2024\/09\/our-jurney.png\"},{\"@type\":\"BreadcrumbList\",\"@id\":\"https:\/\/breeze-pos.com\/ro\/resources\/#breadcrumb\",\"itemListElement\":[{\"@type\":\"ListItem\",\"position\":1,\"name\":\"Home\",\"item\":\"https:\/\/breeze-pos.com\/ro\/\"},{\"@type\":\"ListItem\",\"position\":2,\"name\":\"Resurse\"}]},{\"@type\":\"WebSite\",\"@id\":\"https:\/\/breeze-pos.com\/#website\",\"url\":\"https:\/\/breeze-pos.com\/\",\"name\":\"Breeze\",\"description\":\"\",\"potentialAction\":[{\"@type\":\"SearchAction\",\"target\":{\"@type\":\"EntryPoint\",\"urlTemplate\":\"https:\/\/breeze-pos.com\/?s={search_term_string}\"},\"query-input\":{\"@type\":\"PropertyValueSpecification\",\"valueRequired\":true,\"valueName\":\"search_term_string\"}}],\"inLanguage\":\"ro-RO\"}]}<\/script>\n<!-- \/ Yoast SEO plugin. -->","yoast_head_json":{"title":"Resurse Breeze \u2013 sistem POS restaurant","robots":{"index":"index","follow":"follow","max-snippet":"max-snippet:-1","max-image-preview":"max-image-preview:large","max-video-preview":"max-video-preview:-1"},"canonical":"https:\/\/breeze-pos.com\/ro\/resources\/","og_locale":"ro_RO","og_type":"article","og_title":"Resurse Breeze \u2013 sistem POS restaurant","og_url":"https:\/\/breeze-pos.com\/ro\/resources\/","og_site_name":"Breeze","article_modified_time":"2025-02-26T07:09:06+00:00","og_image":[{"width":630,"height":630,"url":"https:\/\/breeze-pos.com\/wp-content\/uploads\/2024\/09\/our-jurney.png","type":"image\/png"}],"twitter_card":"summary_large_image","twitter_misc":{"Timp estimat pentru citire":"1 minut"},"schema":{"@context":"https:\/\/schema.org","@graph":[{"@type":"WebPage","@id":"https:\/\/breeze-pos.com\/ro\/resources\/","url":"https:\/\/breeze-pos.com\/ro\/resources\/","name":"Resurse Breeze \u2013 sistem POS restaurant","isPartOf":{"@id":"https:\/\/breeze-pos.com\/#website"},"primaryImageOfPage":{"@id":"https:\/\/breeze-pos.com\/ro\/resources\/#primaryimage"},"image":{"@id":"https:\/\/breeze-pos.com\/ro\/resources\/#primaryimage"},"thumbnailUrl":"https:\/\/breeze-pos.com\/wp-content\/uploads\/2024\/09\/our-jurney.png","datePublished":"2024-09-22T17:29:50+00:00","dateModified":"2025-02-26T07:09:06+00:00","breadcrumb":{"@id":"https:\/\/breeze-pos.com\/ro\/resources\/#breadcrumb"},"inLanguage":"ro-RO","potentialAction":[{"@type":"ReadAction","target":["https:\/\/breeze-pos.com\/ro\/resources\/"]}]},{"@type":"ImageObject","inLanguage":"ro-RO","@id":"https:\/\/breeze-pos.com\/ro\/resources\/#primaryimage","url":"https:\/\/breeze-pos.com\/wp-content\/uploads\/2024\/09\/our-jurney.png","contentUrl":"https:\/\/breeze-pos.com\/wp-content\/uploads\/2024\/09\/our-jurney.png"},{"@type":"BreadcrumbList","@id":"https:\/\/breeze-pos.com\/ro\/resources\/#breadcrumb","itemListElement":[{"@type":"ListItem","position":1,"name":"Home","item":"https:\/\/breeze-pos.com\/ro\/"},{"@type":"ListItem","position":2,"name":"Resurse"}]},{"@type":"WebSite","@id":"https:\/\/breeze-pos.com\/#website","url":"https:\/\/breeze-pos.com\/","name":"Breeze","description":"","potentialAction":[{"@type":"SearchAction","target":{"@type":"EntryPoint","urlTemplate":"https:\/\/breeze-pos.com\/?s={search_term_string}"},"query-input":{"@type":"PropertyValueSpecification","valueRequired":true,"valueName":"search_term_string"}}],"inLanguage":"ro-RO"}]}},"_links":{"self":[{"href":"https:\/\/breeze-pos.com\/ro\/wp-json\/wp\/v2\/pages\/1519","targetHints":{"allow":["GET"]}}],"collection":[{"href":"https:\/\/breeze-pos.com\/ro\/wp-json\/wp\/v2\/pages"}],"about":[{"href":"https:\/\/breeze-pos.com\/ro\/wp-json\/wp\/v2\/types\/page"}],"author":[{"embeddable":true,"href":"https:\/\/breeze-pos.com\/ro\/wp-json\/wp\/v2\/users\/1"}],"replies":[{"embeddable":true,"href":"https:\/\/breeze-pos.com\/ro\/wp-json\/wp\/v2\/comments?post=1519"}],"version-history":[{"count":3,"href":"https:\/\/breeze-pos.com\/ro\/wp-json\/wp\/v2\/pages\/1519\/revisions"}],"predecessor-version":[{"id":2031,"href":"https:\/\/breeze-pos.com\/ro\/wp-json\/wp\/v2\/pages\/1519\/revisions\/2031"}],"wp:attachment":[{"href":"https:\/\/breeze-pos.com\/ro\/wp-json\/wp\/v2\/media?parent=1519"}],"curies":[{"name":"wp","href":"https:\/\/api.w.org\/{rel}","templated":true}]}}