{"id":3890,"date":"2026-02-17T11:38:58","date_gmt":"2026-02-17T11:38:58","guid":{"rendered":"https:\/\/breeze-pos.com\/?page_id=3890"},"modified":"2026-03-19T13:55:28","modified_gmt":"2026-03-19T13:55:28","slug":"subway-france","status":"publish","type":"page","link":"https:\/\/breeze-pos.com\/ro\/subway-france\/","title":{"rendered":"SubWay France"},"content":{"rendered":"\n\n<section class=\"component component--staging-area dark\" style=\"background-color:#0b1120; background-position:inherit;\">\n        <div class=\"container\">\n        <div class=\"row d-flex align-items-center back-mobile\">\n            <div class=\"col-lg-6 col-12\">\n                            <div class=\"tagline\">Transformare digital\u0103 QSR<\/div>\n            \n                            <h1 class=\"title align-text-left\">Cum a migrat Subway France peste 370 de restaurante \u00een mai pu\u021bin de 6 luni<\/h1>\n            \n                            <div class=\"intro-area align-text-left\"><p>Un studiu de caz despre implementare la scar\u0103 na\u021bional\u0103, integr\u0103ri complexe \u0219i cum po\u021bi transforma opera\u021biunile f\u0103r\u0103 s\u0103 opre\u0219ti business-ul.<\/p>\n<\/div>\n            \n                            <a class=\"btn btn-primary btn-cta\" href=\"#contact\">Cite\u0219te mai mult<\/a>\n            \n                        <\/div>\n            <div class=\"col-lg-6 col-12\">\n                            <figure>\n                    <img loading=\"lazy\" decoding=\"async\" src=\"https:\/\/breeze-pos.com\/wp-content\/uploads\/2026\/02\/Subway-1-1.png\" alt=\"Cum a migrat Subway France peste 370 de restaurante \u00een mai pu\u021bin de 6 luni\" width=\"741\" height=\"651\" class=\"relative featured-image-src\">\n                <\/figure>\n                        <\/div>\n        <\/div>\n    <\/div>\n    <\/section>\n\n\n<h2 class=\"wp-block-heading\"><\/h2>\n\n\n\n<div style=\"height:100px\" aria-hidden=\"true\" class=\"wp-block-spacer\"><\/div>\n\n\n\n<h2 class=\"wp-block-heading\"><\/h2>\n\n\n\n<section class=\"component component-generic component--text as-list light bg-position-top padding-on title-align-center\" style=\"\">\n    <div class=\"container\" style=\"background-color:#f6f5f6; \">\n        \n        \n        \n\t\t\t\t\t<div class=\"row\">\n\t\t\t\t<div class=\"col-12 col-lg-6 mb-lg-0 mb-3 d-flex justify-content-center justify-content-lg-start flex-column\">\n\t\t\t\t\t\t\t\t\t\t<figure>\n                        \t\t\t\t\t\t<img loading=\"lazy\" decoding=\"async\" src=\"https:\/\/breeze-pos.com\/wp-content\/uploads\/2026\/02\/Subway-2-1.png\" alt=\"\" width=\"409\" height=\"417\" class=\"relative featured-image-src\">\n\t\t\t\t\t<\/figure>\n\t\t\t\t\t\t\t\t\t<\/div>\n\t\t\t\t<div class=\"col-12 col-lg-6 text-start\">\n\t\t\t\t\t<div class=\"text-area\">\n                                                <div class=\"title rubik-500 mb-lg-3\">Ce vei descoperi \u00een acest studiu de caz<\/div>\n                        \t\t\t\t\t\t<ul>\n<li>Cum gestionezi migrarea a sute de loca\u021bii f\u0103r\u0103 downtime opera\u021bional<\/li>\n<li>Cum arat\u0103 un rollout real, cu integr\u0103ri \u0219i dezvolt\u0103ri \u00een paralel<\/li>\n<li>Cum adaptezi tehnologia la un model complex \u201emade-to-order\u201d<\/li>\n<li>Cum construie\u0219ti un ecosistem integrat pentru opera\u021biuni, loialitate \u0219i marketing<\/li>\n<li>Ce presupune, \u00een practic\u0103, digitalizarea unei re\u021bele QSR<\/li>\n<\/ul>\n\t\t\t\t\t\t<div class=\"cta-btn-container d-flex align-content-center justify-content-center align-items-lg-start justify-content-lg-start mt-2 mt-lg-4\">\n\t\t\t\t\t\t\t\t\t\t\t\t\t<\/div>\n\t\t\t\t\t<\/div>\n\t\t\t\t<\/div>\n\t\t\t<\/div>\n\t\t\n    <\/div>\n<\/section>\n\n\n<h2 class=\"wp-block-heading\"><\/h2>\n\n\n\n<h2 class=\"wp-block-heading\"><\/h2>\n\n\n\n\n<section class=\"component component--staging-area component-staging-area-webform dark\" style=\"background-color:#0b1120; background-position:inherit;\">\n        <div class=\"container\">\n        <div class=\"row d-flex align-items-center back-mobile\">\n            <div class=\"col-lg-6 col-12\">\n            \n                            <h1 class=\"title align-text-left\">Pentru a desc\u0103rca studiul de caz, v\u0103 rug\u0103m completa\u021bi formularul:<\/h1>\n            \n                            <div class=\"intro-area align-text-left\"><div id=\"contact\"><\/div>\n\n<div class=\"wpcf7 no-js\" id=\"wpcf7-f3929-o1\" lang=\"en-US\" dir=\"ltr\" data-wpcf7-id=\"3929\">\n<div class=\"screen-reader-response\"><p role=\"status\" aria-live=\"polite\" aria-atomic=\"true\"><\/p> <ul><\/ul><\/div>\n<form action=\"\/ro\/wp-json\/wp\/v2\/pages\/3890#wpcf7-f3929-o1\" method=\"post\" class=\"wpcf7-form init\" aria-label=\"Contact form\" novalidate=\"novalidate\" data-status=\"init\">\n<fieldset class=\"hidden-fields-container\"><input type=\"hidden\" name=\"_wpcf7\" value=\"3929\" \/><input type=\"hidden\" name=\"_wpcf7_version\" value=\"6.1.5\" \/><input type=\"hidden\" name=\"_wpcf7_locale\" value=\"en_US\" \/><input type=\"hidden\" name=\"_wpcf7_unit_tag\" value=\"wpcf7-f3929-o1\" \/><input type=\"hidden\" name=\"_wpcf7_container_post\" value=\"0\" \/><input type=\"hidden\" name=\"_wpcf7_posted_data_hash\" value=\"\" \/>\n<\/fieldset>\n<div class=\"row\">\n<div class=\"col-12 col-lg-12\">\n<\/div>\n\n<div class=\"col-12 col-lg-6\">\n<label> Nume\n    <span class=\"wpcf7-form-control-wrap\" data-name=\"your-lastname\"><input size=\"40\" maxlength=\"400\" class=\"wpcf7-form-control wpcf7-text wpcf7-validates-as-required\" autocomplete=\"name\" aria-required=\"true\" aria-invalid=\"false\" value=\"\" type=\"text\" name=\"your-lastname\" \/><\/span> <\/label>\n<\/div>\n\n<div class=\"col-12 col-lg-6\">\n<label> Prenume\n    <span class=\"wpcf7-form-control-wrap\" data-name=\"your-firstname\"><input size=\"40\" maxlength=\"400\" class=\"wpcf7-form-control wpcf7-text wpcf7-validates-as-required\" autocomplete=\"name\" aria-required=\"true\" aria-invalid=\"false\" value=\"\" type=\"text\" name=\"your-firstname\" \/><\/span> <\/label>\n<\/div>\n\n<div class=\"col-12 col-lg-6\">\n<label> E-mail\n    <span class=\"wpcf7-form-control-wrap\" data-name=\"your-email\"><input size=\"40\" maxlength=\"400\" class=\"wpcf7-form-control wpcf7-email wpcf7-validates-as-required wpcf7-text wpcf7-validates-as-email\" autocomplete=\"email\" aria-required=\"true\" aria-invalid=\"false\" value=\"\" type=\"email\" name=\"your-email\" \/><\/span> <\/label>\n<\/div>\n\n<div class=\"col-12 col-lg-6\">\n<label> Telefon\n    <span class=\"wpcf7-form-control-wrap\" data-name=\"your-telephone\"><input size=\"40\" maxlength=\"400\" class=\"wpcf7-form-control wpcf7-tel wpcf7-validates-as-required wpcf7-text wpcf7-validates-as-tel\" aria-required=\"true\" aria-invalid=\"false\" value=\"\" type=\"tel\" name=\"your-telephone\" \/><\/span> <\/label>\n<\/div>\n\n<div class=\"col-12 col-lg-12\">\n<label> Companie\n    <span class=\"wpcf7-form-control-wrap\" data-name=\"your-subject\"><input size=\"40\" maxlength=\"400\" class=\"wpcf7-form-control wpcf7-text wpcf7-validates-as-required\" aria-required=\"true\" aria-invalid=\"false\" value=\"\" type=\"text\" name=\"your-subject\" \/><\/span> <\/label>\n<\/div>\n\n<div class=\"col-12 col-lg-12\"> <label> Tip business <span class=\"wpcf7-form-control-wrap\" data-name=\"select-310\"><select class=\"wpcf7-form-control wpcf7-select\" aria-invalid=\"false\" name=\"select-310\"><option value=\"\">Selecta\u021bi tipul de business<\/option><option value=\"Restaurant &amp; Fast Food\">Restaurant &amp; Fast Food<\/option><option value=\"Hotel &amp; Resort\">Hotel &amp; Resort<\/option><option value=\"Spa &amp; Wellness\">Spa &amp; Wellness<\/option><\/select><\/span> <\/label> <\/div> <div class=\"col-12 col-lg-12\"> <label> Ora\u0219 <span class=\"wpcf7-form-control-wrap\" data-name=\"text-776\"><input size=\"40\" maxlength=\"150\" minlength=\"1\" class=\"wpcf7-form-control wpcf7-text\" aria-invalid=\"false\" value=\"\" type=\"text\" name=\"text-776\" \/><\/span> <\/label> <\/div>\n\n\n<div class=\"col-12 col-lg-12\">\n<label> Mesaj\n    <span class=\"wpcf7-form-control-wrap\" data-name=\"textarea-16\"><textarea cols=\"40\" rows=\"10\" maxlength=\"2000\" class=\"wpcf7-form-control wpcf7-textarea\" aria-invalid=\"false\" name=\"textarea-16\"><\/textarea><\/span> <\/label>\n<\/div>\n\n<div class=\"col-12\">\n<span class=\"wpcf7-form-control-wrap\" data-name=\"acceptance-244\"><span class=\"wpcf7-form-control wpcf7-acceptance optional\"><span class=\"wpcf7-list-item\"><label><input type=\"checkbox\" name=\"acceptance-244\" value=\"1\" aria-invalid=\"false\" \/><span class=\"wpcf7-list-item-label\">Autorizez compania s\u0103 de\u021bin\u0103 \u0219i s\u0103 prelucreze informa\u021biile mele pentru a-mi trimite e-mailuri legate de produse. <span class=\"checkmark\"><span class=\"icon-check\"><\/span><\/span><\/span><\/label><\/span><\/span><\/span>\n<\/div>\n<div class=\"col-12\">\n<span class=\"wpcf7-form-control-wrap\" data-name=\"acord-date\"><span class=\"wpcf7-form-control wpcf7-acceptance\"><span class=\"wpcf7-list-item\"><label><input type=\"checkbox\" name=\"acord-date\" value=\"1\" class=\"form-control\" id=\"date-acord\" aria-invalid=\"false\" \/><span class=\"wpcf7-list-item-label\">Sunt de acord cu <a target=\"_blank\" href=\"https:\/\/breeze-pos.com\/ro\/politica-de-confidentialitate\/\">Politica de confiden\u021bialitate<\/a> \u0219i cu <a target=\"_blank\" href=\"https:\/\/breeze-pos.com\/ro\/termeni-si-conditii\/\">Termenii \u0219i condi\u021biile<\/a>. <span class=\"checkmark\"><span class=\"icon-check\"><\/span><\/span><\/span><\/label><\/span><\/span><\/span>\n<\/div>\n<div class=\"col-12\">\n<input class=\"wpcf7-form-control wpcf7-submit has-spinner\" type=\"submit\" value=\"Descarc\u0103\" \/>\n<\/div>\n<\/div><div class=\"wpcf7-response-output\" aria-hidden=\"true\"><\/div>\n<\/form>\n<\/div>\n\n<\/div>\n            \n                        <\/div>\n            <div class=\"col-lg-6 col-12\">\n                            <figure>\n                    <img loading=\"lazy\" decoding=\"async\" src=\"https:\/\/breeze-pos.com\/wp-content\/uploads\/2026\/02\/Subway-4.png\" alt=\"Pentru a desc\u0103rca studiul de caz, v\u0103 rug\u0103m completa\u021bi formularul:\" width=\"741\" height=\"651\" class=\"relative featured-image-src\">\n                <\/figure>\n                        <\/div>\n        <\/div>\n    <\/div>\n    <\/section>","protected":false},"excerpt":{"rendered":"","protected":false},"author":3,"featured_media":0,"parent":0,"menu_order":0,"comment_status":"closed","ping_status":"closed","template":"","meta":{"_acf_changed":false,"footnotes":""},"class_list":["post-3890","page","type-page","status-publish","hentry"],"acf":[],"yoast_head":"<!-- This site is optimized with the Yoast SEO plugin v27.2 - https:\/\/yoast.com\/product\/yoast-seo-wordpress\/ -->\n<title>Cum a digitalizat Subway Fran\u021ba 370+ restaurante<\/title>\n<meta name=\"description\" content=\"Descoper\u0103 cum Subway Fran\u021ba a migrat 370+ restaurante \u00een sub 6 luni, a lansat loca\u021bii complet digitale \u0219i a implementat un sistem integrat.\" \/>\n<meta name=\"robots\" content=\"index, follow, max-snippet:-1, max-image-preview:large, max-video-preview:-1\" \/>\n<link rel=\"canonical\" href=\"https:\/\/breeze-pos.com\/ro\/subway-france\/\" \/>\n<meta property=\"og:locale\" content=\"ro_RO\" \/>\n<meta property=\"og:type\" content=\"article\" \/>\n<meta property=\"og:title\" content=\"Cum a digitalizat Subway Fran\u021ba 370+ restaurante\" \/>\n<meta property=\"og:description\" content=\"Descoper\u0103 cum Subway Fran\u021ba a migrat 370+ restaurante \u00een sub 6 luni, a lansat loca\u021bii complet digitale \u0219i a implementat un sistem integrat.\" \/>\n<meta property=\"og:url\" content=\"https:\/\/breeze-pos.com\/ro\/subway-france\/\" \/>\n<meta property=\"og:site_name\" content=\"Breeze\" \/>\n<meta property=\"article:modified_time\" content=\"2026-03-19T13:55:28+00:00\" \/>\n<meta name=\"twitter:card\" content=\"summary_large_image\" \/>\n<script type=\"application\/ld+json\" class=\"yoast-schema-graph\">{\"@context\":\"https:\/\/schema.org\",\"@graph\":[{\"@type\":\"WebPage\",\"@id\":\"https:\/\/breeze-pos.com\/ro\/subway-france\/\",\"url\":\"https:\/\/breeze-pos.com\/ro\/subway-france\/\",\"name\":\"Cum a digitalizat Subway Fran\u021ba 370+ restaurante\",\"isPartOf\":{\"@id\":\"https:\/\/breeze-pos.com\/#website\"},\"datePublished\":\"2026-02-17T11:38:58+00:00\",\"dateModified\":\"2026-03-19T13:55:28+00:00\",\"description\":\"Descoper\u0103 cum Subway Fran\u021ba a migrat 370+ restaurante \u00een sub 6 luni, a lansat loca\u021bii complet digitale \u0219i a implementat un sistem integrat.\",\"breadcrumb\":{\"@id\":\"https:\/\/breeze-pos.com\/ro\/subway-france\/#breadcrumb\"},\"inLanguage\":\"ro-RO\",\"potentialAction\":[{\"@type\":\"ReadAction\",\"target\":[\"https:\/\/breeze-pos.com\/ro\/subway-france\/\"]}]},{\"@type\":\"BreadcrumbList\",\"@id\":\"https:\/\/breeze-pos.com\/ro\/subway-france\/#breadcrumb\",\"itemListElement\":[{\"@type\":\"ListItem\",\"position\":1,\"name\":\"Home\",\"item\":\"https:\/\/breeze-pos.com\/ro\/\"},{\"@type\":\"ListItem\",\"position\":2,\"name\":\"SubWay France\"}]},{\"@type\":\"WebSite\",\"@id\":\"https:\/\/breeze-pos.com\/#website\",\"url\":\"https:\/\/breeze-pos.com\/\",\"name\":\"Breeze\",\"description\":\"\",\"potentialAction\":[{\"@type\":\"SearchAction\",\"target\":{\"@type\":\"EntryPoint\",\"urlTemplate\":\"https:\/\/breeze-pos.com\/?s={search_term_string}\"},\"query-input\":{\"@type\":\"PropertyValueSpecification\",\"valueRequired\":true,\"valueName\":\"search_term_string\"}}],\"inLanguage\":\"ro-RO\"}]}<\/script>\n<!-- \/ Yoast SEO plugin. -->","yoast_head_json":{"title":"Cum a digitalizat Subway Fran\u021ba 370+ restaurante","description":"Descoper\u0103 cum Subway Fran\u021ba a migrat 370+ restaurante \u00een sub 6 luni, a lansat loca\u021bii complet digitale \u0219i a implementat un sistem integrat.","robots":{"index":"index","follow":"follow","max-snippet":"max-snippet:-1","max-image-preview":"max-image-preview:large","max-video-preview":"max-video-preview:-1"},"canonical":"https:\/\/breeze-pos.com\/ro\/subway-france\/","og_locale":"ro_RO","og_type":"article","og_title":"Cum a digitalizat Subway Fran\u021ba 370+ restaurante","og_description":"Descoper\u0103 cum Subway Fran\u021ba a migrat 370+ restaurante \u00een sub 6 luni, a lansat loca\u021bii complet digitale \u0219i a implementat un sistem integrat.","og_url":"https:\/\/breeze-pos.com\/ro\/subway-france\/","og_site_name":"Breeze","article_modified_time":"2026-03-19T13:55:28+00:00","twitter_card":"summary_large_image","schema":{"@context":"https:\/\/schema.org","@graph":[{"@type":"WebPage","@id":"https:\/\/breeze-pos.com\/ro\/subway-france\/","url":"https:\/\/breeze-pos.com\/ro\/subway-france\/","name":"Cum a digitalizat Subway Fran\u021ba 370+ restaurante","isPartOf":{"@id":"https:\/\/breeze-pos.com\/#website"},"datePublished":"2026-02-17T11:38:58+00:00","dateModified":"2026-03-19T13:55:28+00:00","description":"Descoper\u0103 cum Subway Fran\u021ba a migrat 370+ restaurante \u00een sub 6 luni, a lansat loca\u021bii complet digitale \u0219i a implementat un sistem integrat.","breadcrumb":{"@id":"https:\/\/breeze-pos.com\/ro\/subway-france\/#breadcrumb"},"inLanguage":"ro-RO","potentialAction":[{"@type":"ReadAction","target":["https:\/\/breeze-pos.com\/ro\/subway-france\/"]}]},{"@type":"BreadcrumbList","@id":"https:\/\/breeze-pos.com\/ro\/subway-france\/#breadcrumb","itemListElement":[{"@type":"ListItem","position":1,"name":"Home","item":"https:\/\/breeze-pos.com\/ro\/"},{"@type":"ListItem","position":2,"name":"SubWay France"}]},{"@type":"WebSite","@id":"https:\/\/breeze-pos.com\/#website","url":"https:\/\/breeze-pos.com\/","name":"Breeze","description":"","potentialAction":[{"@type":"SearchAction","target":{"@type":"EntryPoint","urlTemplate":"https:\/\/breeze-pos.com\/?s={search_term_string}"},"query-input":{"@type":"PropertyValueSpecification","valueRequired":true,"valueName":"search_term_string"}}],"inLanguage":"ro-RO"}]}},"_links":{"self":[{"href":"https:\/\/breeze-pos.com\/ro\/wp-json\/wp\/v2\/pages\/3890","targetHints":{"allow":["GET"]}}],"collection":[{"href":"https:\/\/breeze-pos.com\/ro\/wp-json\/wp\/v2\/pages"}],"about":[{"href":"https:\/\/breeze-pos.com\/ro\/wp-json\/wp\/v2\/types\/page"}],"author":[{"embeddable":true,"href":"https:\/\/breeze-pos.com\/ro\/wp-json\/wp\/v2\/users\/3"}],"replies":[{"embeddable":true,"href":"https:\/\/breeze-pos.com\/ro\/wp-json\/wp\/v2\/comments?post=3890"}],"version-history":[{"count":57,"href":"https:\/\/breeze-pos.com\/ro\/wp-json\/wp\/v2\/pages\/3890\/revisions"}],"predecessor-version":[{"id":4636,"href":"https:\/\/breeze-pos.com\/ro\/wp-json\/wp\/v2\/pages\/3890\/revisions\/4636"}],"wp:attachment":[{"href":"https:\/\/breeze-pos.com\/ro\/wp-json\/wp\/v2\/media?parent=3890"}],"curies":[{"name":"wp","href":"https:\/\/api.w.org\/{rel}","templated":true}]}}